{"id":39343,"date":"2023-12-22T04:07:27","date_gmt":"2023-12-22T04:07:27","guid":{"rendered":"https:\/\/www.jyl-world.com\/on-body-uhf-rfid-card\/"},"modified":"2024-08-07T02:45:45","modified_gmt":"2024-08-07T02:45:45","slug":"on-body-uhf-rfid-card","status":"publish","type":"page","link":"https:\/\/www.jyl-world.com\/de\/on-body-uhf-rfid-card\/","title":{"rendered":"Am K\u00f6rper getragene UHF-RFID-Karte"},"content":{"rendered":"\n<div class=\"wp-block-columns is-layout-flex wp-container-core-columns-is-layout-1 wp-block-columns-is-layout-flex\">\n<div class=\"wp-block-column is-layout-flow wp-block-column-is-layout-flow\" style=\"flex-basis:33.33%\">\n<figure class=\"wp-block-image size-full is-resized\"><img loading=\"lazy\" decoding=\"async\" src=\"https:\/\/www.jyl-world.com\/wp-content\/uploads\/2023\/12\/RFID-UHF-on-body-card.jpg\" alt=\"\" class=\"wp-image-31989\" width=\"392\" height=\"392\" srcset=\"https:\/\/www.jyl-world.com\/wp-content\/uploads\/2023\/12\/RFID-UHF-on-body-card.jpg 600w, https:\/\/www.jyl-world.com\/wp-content\/uploads\/2023\/12\/RFID-UHF-on-body-card-250x250.jpg 250w, https:\/\/www.jyl-world.com\/wp-content\/uploads\/2023\/12\/RFID-UHF-on-body-card-150x150.jpg 150w\" sizes=\"(max-width: 392px) 100vw, 392px\" \/><\/figure>\n<\/div>\n\n\n\n<div class=\"wp-block-column is-layout-flow wp-block-column-is-layout-flow\" style=\"flex-basis:66.66%\">\n<div style=\"height:10px\" aria-hidden=\"true\" class=\"wp-block-spacer\"><\/div>\n\n\n\n<p>Wir pr\u00e4sentieren die neueste Innovation von JYL-Tech: die On-Body UHF RFID-Karte. Diese revolution\u00e4re passive UHF RFID-Plastikkarte wurde entwickelt, um die pers\u00f6nliche Identit\u00e4ts\u00fcberpr\u00fcfung neu zu definieren und erm\u00f6glicht eine nahtlose Erkennung aus einer bemerkenswerten Entfernung von 3 Metern zwischen der Karte und dem Leseger\u00e4t. Sie ist ein Wendepunkt in der Zugangskontrolle und Identifizierung und bietet beispiellosen Komfort und Effizienz.<\/p>\n<\/div>\n<\/div>\n\n\n\n<p>Was diese UHF-RFID-Karte auszeichnet, ist ihre ausgekl\u00fcgelte, selbst entworfene Struktur. Sie wurde sorgf\u00e4ltig entwickelt, um auch bei direktem Kontakt mit dem menschlichen K\u00f6rper eine au\u00dfergew\u00f6hnliche Leistung aufrechtzuerhalten. Verabschieden Sie sich von den Interferenzh\u00fcrden, die bei RFID-Technologie in unmittelbarer N\u00e4he des K\u00f6rpers h\u00e4ufig auftreten. Unsere UHF-RFID-Karte meistert diese Herausforderungen und gew\u00e4hrleistet eine konstante und zuverl\u00e4ssige Leistung.<\/p>\n\n\n\n<p>Das Sch\u00f6ne an dieser Innovation ist ihre Vielseitigkeit. Erleben Sie die Freiheit des omnidirektionalen Lesens, das m\u00fchelose Identifizierung und Zugangsausweise aus verschiedenen Winkeln erm\u00f6glicht. Ob f\u00fcr die Verwaltung gro\u00dfer Menschenmengen oder die individuelle Zugangskontrolle, unsere UHF-RFID-Karte liefert schnelle und genaue Ergebnisse.<\/p>\n\n\n\n<p>Stellen Sie sich m\u00fchelosen Zugang zu sicheren Orten, Veranstaltungen oder Einrichtungen ohne den Aufwand einer physischen Interaktion vor. Mit ihrer au\u00dfergew\u00f6hnlichen Reichweite und ihrem robusten Design ist diese On-Body-UHF-RFID-Karte Ihr Tor in eine neue \u00c4ra der optimierten Identifikation und des Zugangsmanagements.<\/p>\n\n\n\n<p>In einer Welt, in der Effizienz und Zuverl\u00e4ssigkeit das Wichtigste sind, ist unsere On-Body-UHF-RFID-Karte ein Leuchtturm der Innovation und bietet eine nahtlose L\u00f6sung f\u00fcr vielf\u00e4ltige Identifikationsanforderungen. Begr\u00fc\u00dfen Sie die Zukunft der Identifikationstechnologie mit einer Karte, die Komfort, Zuverl\u00e4ssigkeit und Leistung neu definiert. Erleben Sie den Unterschied noch heute.<\/p>\n\n\n\n<p><strong>IC-Optionen:<\/strong><br>IMPINJ Monza 4QT\/4E<\/p>\n\n\n\n<h5 class=\"wp-block-heading\" id=\"h-personalisierungsunterstutzung\"><strong>Personalisierungsunterst\u00fctzung:<\/strong><\/h5>\n\n\n\n<ul class=\"wp-block-list\">\n<li>Offsetdruck mit CMYK- oder Pantone-Farben<\/li>\n\n\n\n<li>Siebdruck mit metallischem Silbereffekt<\/li>\n\n\n\n<li>Magnetstreifen \u2013 HiCo2750, HiCo4000 oder LoCo300<\/li>\n\n\n\n<li>Druck von Seriennummer oder UID-Nummer<\/li>\n\n\n\n<li>Signaturfeld<\/li>\n\n\n\n<li>Barcodedruck<\/li>\n\n\n\n<li>Chipkodierung<\/li>\n\n\n\n<li>UV-Druck<\/li>\n<\/ul>\n\n\n\n<p>Bitte wenden Sie sich an JYL-Tech, um die On-Body-UHF-RFID-Karte an Ihre individuellen Anforderungen hinsichtlich Chiptyp, Gr\u00f6\u00dfe, Programmierung und Materialien zur Personenidentifizierung anzupassen.<\/p>\n\n\n\n<div style=\"height:45px\" aria-hidden=\"true\" class=\"wp-block-spacer\"><\/div>\n\n\n\n<p><strong><a href=\"https:\/\/www.jyl-world.com\/wp-content\/uploads\/2023\/12\/RAIN-RFID-UHF-on-body-card-datasheet-.pdf\" target=\"_blank\" rel=\"noreferrer noopener\"><mark style=\"background-color:rgba(0, 0, 0, 0)\" class=\"has-inline-color has-ast-global-color-0-color\">On-Body UHF RFID Card Datasheet<\/mark><\/a><\/strong><\/p>\n\n\n\n<figure class=\"wp-block-image size-full\"><a href=\"https:\/\/www.jyl-world.com\/wp-content\/uploads\/2023\/12\/RAIN-RFID-UHF-on-body-card-datasheet-.pdf\"><img loading=\"lazy\" decoding=\"async\" width=\"110\" height=\"137\" src=\"https:\/\/www.jyl-world.com\/wp-content\/uploads\/2023\/06\/PDF-JYLTech.jpg\" alt=\"\" class=\"wp-image-31504\"\/><\/a><\/figure>\n\n\n\n<div style=\"height:45px\" aria-hidden=\"true\" class=\"wp-block-spacer\"><\/div>\n\n\n\n<h2 class=\"wp-block-heading\" id=\"h-kontakt-formular\">Kontakt Formular<\/h2>\n\n\n\n<h5 class=\"wp-block-heading\" id=\"h-wir-konnen-dir-helfen\">Wir k\u00f6nnen dir helfen?<\/h5>\n\n\n\n<p>Finden Sie das RFID-Produkt oder die RFID-L\u00f6sung, die Ihren Gesch\u00e4ftsanforderungen entspricht. Wir helfen Ihnen gerne dabei, die richtige Entscheidung zu treffen.<\/p>\n\n\n<div class=\"wpforms-container \" id=\"wpforms-5\"><form id=\"wpforms-form-5\" class=\"wpforms-validate wpforms-form\" data-formid=\"5\" method=\"post\" enctype=\"multipart\/form-data\" action=\"\/de\/wp-json\/wp\/v2\/pages\/39343\" data-token=\"d51ed042a76494aa29d191a76688a136\"><noscript class=\"wpforms-error-noscript\">Bitte aktiviere JavaScript in deinem Browser, um dieses Formular fertigzustellen.<\/noscript><div class=\"wpforms-field-container\"><div id=\"wpforms-5-field_3-container\" class=\"wpforms-field wpforms-field-text\" data-field-id=\"3\"><label class=\"wpforms-field-label wpforms-label-hide\" for=\"wpforms-5-field_3\">Name <span class=\"wpforms-required-label\">*<\/span><\/label><input type=\"text\" id=\"wpforms-5-field_3\" class=\"wpforms-field-large wpforms-field-required\" name=\"wpforms[fields][3]\" placeholder=\"Name *\" required><\/div><div id=\"wpforms-5-field_9-container\" class=\"wpforms-field wpforms-field-text\" data-field-id=\"9\"><label class=\"wpforms-field-label wpforms-label-hide\" for=\"wpforms-5-field_9\">Company  <span class=\"wpforms-required-label\">*<\/span><\/label><input type=\"text\" id=\"wpforms-5-field_9\" class=\"wpforms-field-large wpforms-field-required\" name=\"wpforms[fields][9]\" placeholder=\"Company *\" required><\/div><div id=\"wpforms-5-field_1-container\" class=\"wpforms-field wpforms-field-email\" data-field-id=\"1\"><label class=\"wpforms-field-label wpforms-label-hide\" for=\"wpforms-5-field_1\">Email <span class=\"wpforms-required-label\">*<\/span><\/label><input type=\"email\" id=\"wpforms-5-field_1\" class=\"wpforms-field-large wpforms-field-required\" name=\"wpforms[fields][1]\" placeholder=\"Email *\" required><\/div><div id=\"wpforms-5-field_8-container\" class=\"wpforms-field wpforms-field-text\" data-field-id=\"8\"><label class=\"wpforms-field-label wpforms-label-hide\" for=\"wpforms-5-field_8\">Phone \/ Skype \/ Whatsapp <span class=\"wpforms-required-label\">*<\/span><\/label><input type=\"text\" id=\"wpforms-5-field_8\" class=\"wpforms-field-large wpforms-field-required\" name=\"wpforms[fields][8]\" placeholder=\"Phone \/ Skype \/ Whatsapp *\" required><\/div><div id=\"wpforms-5-field_10-container\" class=\"wpforms-field wpforms-field-text\" data-field-id=\"10\"><label class=\"wpforms-field-label wpforms-label-hide\" for=\"wpforms-5-field_10\">Business Type<\/label><input type=\"text\" id=\"wpforms-5-field_10\" class=\"wpforms-field-large\" name=\"wpforms[fields][10]\" placeholder=\"Business Type\" ><\/div><div id=\"wpforms-5-field_14-container\" class=\"wpforms-field wpforms-field-text\" data-field-id=\"14\"><label class=\"wpforms-field-label wpforms-label-hide\" for=\"wpforms-5-field_14\">Country<\/label><input type=\"text\" id=\"wpforms-5-field_14\" class=\"wpforms-field-large\" name=\"wpforms[fields][14]\" placeholder=\"Country\" ><\/div><div id=\"wpforms-5-field_2-container\" class=\"wpforms-field wpforms-field-textarea\" data-field-id=\"2\"><label class=\"wpforms-field-label wpforms-label-hide\" for=\"wpforms-5-field_2\">Inquiry \/ Message<\/label><textarea id=\"wpforms-5-field_2\" class=\"wpforms-field-medium\" name=\"wpforms[fields][2]\" placeholder=\"As an industrial RFID manufacturer, we need more details about your project to expedite processing\" ><\/textarea><\/div><\/div><input type=\"hidden\" name=\"wpforms[recaptcha]\" value=\"\"><div class=\"wpforms-submit-container\"><input type=\"hidden\" name=\"wpforms[id]\" value=\"5\"><input type=\"hidden\" name=\"wpforms[author]\" value=\"1\"><button type=\"submit\" name=\"wpforms[submit]\" id=\"wpforms-submit-5\" class=\"wpforms-submit\" data-alt-text=\"Sending...\" data-submit-text=\"Send Message\" aria-live=\"assertive\" value=\"wpforms-submit\">Send Message<\/button><\/div><\/form><\/div>  <!-- .wpforms-container -->\n\n\n<p class=\"has-text-align-center\">Teile diese Seite<\/p>\n\n\n\t\t<div class='wp-block-bssb-social-share align' id='bssbSocialShare-d1e13989-9' data-attributes='{&quot;cId&quot;:&quot;d1e13989-9&quot;,&quot;socials&quot;:[{&quot;networkType&quot;:&quot;socialNetworks&quot;,&quot;network&quot;:&quot;facebook&quot;,&quot;isUpIcon&quot;:false,&quot;icon&quot;:{&quot;class&quot;:&quot;fab fa-facebook-f&quot;,&quot;color&quot;:&quot;#1877f2&quot;,&quot;styles&quot;:&quot;color: #1877f2;&quot;,&quot;name&quot;:&quot;&quot;,&quot;fontSize&quot;:16,&quot;colorType&quot;:&quot;solid&quot;,&quot;gradient&quot;:&quot;linear-gradient(135deg, #4527a4, #8344c5)&quot;},&quot;upIcon&quot;:{&quot;id&quot;:null,&quot;url&quot;:&quot;&quot;,&quot;alt&quot;:&quot;&quot;,&quot;title&quot;:&quot;&quot;}},{&quot;networkType&quot;:&quot;socialNetworks&quot;,&quot;network&quot;:&quot;twitter&quot;,&quot;isUpIcon&quot;:false,&quot;icon&quot;:{&quot;class&quot;:&quot;fab fa-twitter&quot;,&quot;color&quot;:&quot;#1da1f2&quot;},&quot;upIcon&quot;:{&quot;id&quot;:null,&quot;url&quot;:&quot;&quot;,&quot;alt&quot;:&quot;&quot;,&quot;title&quot;:&quot;&quot;}},{&quot;networkType&quot;:&quot;socialNetworks&quot;,&quot;network&quot;:&quot;linkedin&quot;,&quot;isUpIcon&quot;:false,&quot;icon&quot;:{&quot;class&quot;:&quot;fab fa-linkedin-in&quot;,&quot;color&quot;:&quot;#0a66c2&quot;},&quot;upIcon&quot;:{&quot;id&quot;:null,&quot;url&quot;:&quot;&quot;,&quot;alt&quot;:&quot;&quot;,&quot;title&quot;:&quot;&quot;}},{&quot;networkType&quot;:&quot;mobileMessenger&quot;,&quot;network&quot;:&quot;whatsapp&quot;,&quot;isUpIcon&quot;:false,&quot;icon&quot;:{&quot;class&quot;:&quot;fab fa-whatsapp&quot;,&quot;color&quot;:&quot;#25d366&quot;},&quot;upIcon&quot;:{&quot;id&quot;:null,&quot;url&quot;:&quot;&quot;,&quot;alt&quot;:&quot;&quot;,&quot;title&quot;:&quot;&quot;}}],&quot;alignment&quot;:&quot;center&quot;,&quot;background&quot;:{&quot;color&quot;:&quot;#0000&quot;,&quot;type&quot;:&quot;solid&quot;,&quot;gradient&quot;:&quot;linear-gradient(135deg, #4527a4, #8344c5)&quot;,&quot;image&quot;:[],&quot;position&quot;:&quot;center center&quot;,&quot;attachment&quot;:&quot;initial&quot;,&quot;repeat&quot;:&quot;no-repeat&quot;,&quot;size&quot;:&quot;cover&quot;,&quot;overlayColor&quot;:&quot;#000000b3&quot;,&quot;styles&quot;:&quot;background-color: #0000;&quot;},&quot;border&quot;:{&quot;radius&quot;:&quot;50%&quot;,&quot;width&quot;:&quot;0px&quot;,&quot;style&quot;:&quot;solid&quot;,&quot;color&quot;:&quot;#0000&quot;,&quot;side&quot;:&quot;all&quot;,&quot;styles&quot;:&quot;border-radius: 50%;&quot;},&quot;shadow&quot;:{&quot;type&quot;:&quot;box&quot;,&quot;hOffset&quot;:&quot;0px&quot;,&quot;vOffset&quot;:&quot;0px&quot;,&quot;blur&quot;:&quot;0px&quot;,&quot;spreed&quot;:&quot;0px&quot;,&quot;color&quot;:&quot;#7090b0&quot;,&quot;isInset&quot;:false,&quot;styles&quot;:&quot;0px 0px 0px 0px #7090b0&quot;},&quot;align&quot;:&quot;&quot;,&quot;theme&quot;:&quot;default&quot;,&quot;size&quot;:&quot;28px&quot;,&quot;padding&quot;:&quot;10px&quot;,&quot;margin&quot;:&quot;10px&quot;,&quot;openPopupId&quot;:&quot;&quot;}'>\n\t\t\t<div class='bssbStyle'><\/div>\n\n\t\t\t<ul class='bssbSocialShare'>\n\t\t\t\t\n\t\t\t\t\t<li class='icon icon-0' data-social='facebook'>\n\t\t\t\t\t\t<i class='fab fa-facebook-f'><\/i>\t\t\t\t\t<\/il>\n\t\t\t\t\n\t\t\t\t\t<li class='icon icon-1' data-social='twitter'>\n\t\t\t\t\t\t<i class='fab fa-twitter'><\/i>\t\t\t\t\t<\/il>\n\t\t\t\t\n\t\t\t\t\t<li class='icon icon-2' data-social='linkedin'>\n\t\t\t\t\t\t<i class='fab fa-linkedin-in'><\/i>\t\t\t\t\t<\/il>\n\t\t\t\t\n\t\t\t\t\t<li class='icon icon-3' data-social='whatsapp'>\n\t\t\t\t\t\t<i class='fab fa-whatsapp'><\/i>\t\t\t\t\t<\/il>\n\t\t\t\t\t\t\t<\/ul>\n\t\t<\/div>\n\n\t\t","protected":false},"excerpt":{"rendered":"<p>Wir pr\u00e4sentieren die neueste Innovation von JYL-Tech: die On-Body UHF RFID-Karte. Diese revolution\u00e4re passive UHF RFID-Plastikkarte wurde entwickelt, um die pers\u00f6nliche Identit\u00e4ts\u00fcberpr\u00fcfung neu zu definieren und erm\u00f6glicht eine nahtlose Erkennung aus einer bemerkenswerten Entfernung von 3 Metern zwischen der Karte und dem Leseger\u00e4t. Sie ist ein Wendepunkt in der Zugangskontrolle und Identifizierung und bietet beispiellosen [&hellip;]<\/p>\n","protected":false},"author":1,"featured_media":0,"parent":0,"menu_order":0,"comment_status":"closed","ping_status":"closed","template":"","meta":{"site-sidebar-layout":"default","site-content-layout":"","ast-site-content-layout":"","site-content-style":"default","site-sidebar-style":"default","ast-global-header-display":"","ast-banner-title-visibility":"","ast-main-header-display":"","ast-hfb-above-header-display":"","ast-hfb-below-header-display":"","ast-hfb-mobile-header-display":"","site-post-title":"","ast-breadcrumbs-content":"","ast-featured-img":"","footer-sml-layout":"","theme-transparent-header-meta":"","adv-header-id-meta":"","stick-header-meta":"","header-above-stick-meta":"","header-main-stick-meta":"","header-below-stick-meta":"","astra-migrate-meta-layouts":"default","ast-page-background-enabled":"default","ast-page-background-meta":{"desktop":{"background-color":"","background-image":"","background-repeat":"repeat","background-position":"center center","background-size":"auto","background-attachment":"scroll","background-type":"","background-media":"","overlay-type":"","overlay-color":"","overlay-opacity":"","overlay-gradient":""},"tablet":{"background-color":"","background-image":"","background-repeat":"repeat","background-position":"center center","background-size":"auto","background-attachment":"scroll","background-type":"","background-media":"","overlay-type":"","overlay-color":"","overlay-opacity":"","overlay-gradient":""},"mobile":{"background-color":"","background-image":"","background-repeat":"repeat","background-position":"center center","background-size":"auto","background-attachment":"scroll","background-type":"","background-media":"","overlay-type":"","overlay-color":"","overlay-opacity":"","overlay-gradient":""}},"ast-content-background-meta":{"desktop":{"background-color":"var(--ast-global-color-5)","background-image":"","background-repeat":"repeat","background-position":"center center","background-size":"auto","background-attachment":"scroll","background-type":"","background-media":"","overlay-type":"","overlay-color":"","overlay-opacity":"","overlay-gradient":""},"tablet":{"background-color":"var(--ast-global-color-5)","background-image":"","background-repeat":"repeat","background-position":"center center","background-size":"auto","background-attachment":"scroll","background-type":"","background-media":"","overlay-type":"","overlay-color":"","overlay-opacity":"","overlay-gradient":""},"mobile":{"background-color":"var(--ast-global-color-5)","background-image":"","background-repeat":"repeat","background-position":"center center","background-size":"auto","background-attachment":"scroll","background-type":"","background-media":"","overlay-type":"","overlay-color":"","overlay-opacity":"","overlay-gradient":""}},"footnotes":""},"class_list":["post-39343","page","type-page","status-publish","hentry"],"yoast_head":"<!-- This site is optimized with the Yoast SEO Premium plugin v20.13 (Yoast SEO v25.3) - https:\/\/yoast.com\/wordpress\/plugins\/seo\/ -->\n<title>Am K\u00f6rper getragene UHF-RFID-Karte - JYL-Tech RFID Expert<\/title>\n<meta name=\"description\" content=\"On-Body UHF RFID Card enabling seamless recognition from a remarkable 3-meter distance between the card and the reading device.\" \/>\n<meta name=\"robots\" content=\"index, follow, max-snippet:-1, max-image-preview:large, max-video-preview:-1\" \/>\n<link rel=\"canonical\" href=\"https:\/\/www.jyl-world.com\/de\/on-body-uhf-rfid-card\/\" \/>\n<meta property=\"og:locale\" content=\"de_DE\" \/>\n<meta property=\"og:type\" content=\"article\" \/>\n<meta property=\"og:title\" content=\"Am K\u00f6rper getragene UHF-RFID-Karte\" \/>\n<meta property=\"og:description\" content=\"On-Body UHF RFID Card enabling seamless recognition from a remarkable 3-meter distance between the card and the reading device.\" \/>\n<meta property=\"og:url\" content=\"https:\/\/www.jyl-world.com\/de\/on-body-uhf-rfid-card\/\" \/>\n<meta property=\"og:site_name\" content=\"JYL-Tech RFID Expert\" \/>\n<meta property=\"article:publisher\" content=\"https:\/\/www.facebook.com\/Jyl-Tech-117869034237570\" \/>\n<meta property=\"article:modified_time\" content=\"2024-08-07T02:45:45+00:00\" \/>\n<meta property=\"og:image\" content=\"https:\/\/www.jyl-world.com\/wp-content\/uploads\/2023\/12\/RFID-UHF-on-body-card.jpg\" \/>\n<meta name=\"twitter:card\" content=\"summary_large_image\" \/>\n<meta name=\"twitter:site\" content=\"@jyltech\" \/>\n<meta name=\"twitter:label1\" content=\"Gesch\u00e4tzte Lesezeit\" \/>\n\t<meta name=\"twitter:data1\" content=\"2\u00a0Minuten\" \/>\n<script type=\"application\/ld+json\" class=\"yoast-schema-graph\">{\"@context\":\"https:\/\/schema.org\",\"@graph\":[{\"@type\":\"WebPage\",\"@id\":\"https:\/\/www.jyl-world.com\/de\/on-body-uhf-rfid-card\/\",\"url\":\"https:\/\/www.jyl-world.com\/de\/on-body-uhf-rfid-card\/\",\"name\":\"Am K\u00f6rper getragene UHF-RFID-Karte - JYL-Tech RFID Expert\",\"isPartOf\":{\"@id\":\"https:\/\/www.jyl-world.com\/#website\"},\"primaryImageOfPage\":{\"@id\":\"https:\/\/www.jyl-world.com\/de\/on-body-uhf-rfid-card\/#primaryimage\"},\"image\":{\"@id\":\"https:\/\/www.jyl-world.com\/de\/on-body-uhf-rfid-card\/#primaryimage\"},\"thumbnailUrl\":\"https:\/\/www.jyl-world.com\/wp-content\/uploads\/2023\/12\/RFID-UHF-on-body-card.jpg\",\"datePublished\":\"2023-12-22T04:07:27+00:00\",\"dateModified\":\"2024-08-07T02:45:45+00:00\",\"description\":\"On-Body UHF RFID Card enabling seamless recognition from a remarkable 3-meter distance between the card and the reading device.\",\"breadcrumb\":{\"@id\":\"https:\/\/www.jyl-world.com\/de\/on-body-uhf-rfid-card\/#breadcrumb\"},\"inLanguage\":\"de\",\"potentialAction\":[{\"@type\":\"ReadAction\",\"target\":[\"https:\/\/www.jyl-world.com\/de\/on-body-uhf-rfid-card\/\"]}]},{\"@type\":\"ImageObject\",\"inLanguage\":\"de\",\"@id\":\"https:\/\/www.jyl-world.com\/de\/on-body-uhf-rfid-card\/#primaryimage\",\"url\":\"https:\/\/www.jyl-world.com\/wp-content\/uploads\/2023\/12\/RFID-UHF-on-body-card.jpg\",\"contentUrl\":\"https:\/\/www.jyl-world.com\/wp-content\/uploads\/2023\/12\/RFID-UHF-on-body-card.jpg\"},{\"@type\":\"BreadcrumbList\",\"@id\":\"https:\/\/www.jyl-world.com\/de\/on-body-uhf-rfid-card\/#breadcrumb\",\"itemListElement\":[{\"@type\":\"ListItem\",\"position\":1,\"name\":\"\u9996\u9875\",\"item\":\"https:\/\/www.jyl-world.com\/\"},{\"@type\":\"ListItem\",\"position\":2,\"name\":\"Am K\u00f6rper getragene UHF-RFID-Karte\"}]},{\"@type\":\"WebSite\",\"@id\":\"https:\/\/www.jyl-world.com\/#website\",\"url\":\"https:\/\/www.jyl-world.com\/\",\"name\":\"JYL-Tech RFID Expert\",\"description\":\"JYL-Tech RFID Fit For Each Unique Demand\",\"publisher\":{\"@id\":\"https:\/\/www.jyl-world.com\/#organization\"},\"potentialAction\":[{\"@type\":\"SearchAction\",\"target\":{\"@type\":\"EntryPoint\",\"urlTemplate\":\"https:\/\/www.jyl-world.com\/?s={search_term_string}\"},\"query-input\":{\"@type\":\"PropertyValueSpecification\",\"valueRequired\":true,\"valueName\":\"search_term_string\"}}],\"inLanguage\":\"de\"},{\"@type\":\"Organization\",\"@id\":\"https:\/\/www.jyl-world.com\/#organization\",\"name\":\"JYL-Tech RFID Expert\",\"url\":\"https:\/\/www.jyl-world.com\/\",\"logo\":{\"@type\":\"ImageObject\",\"inLanguage\":\"de\",\"@id\":\"https:\/\/www.jyl-world.com\/#\/schema\/logo\/image\/\",\"url\":\"https:\/\/www.jyl-world.com\/wp-content\/uploads\/2023\/04\/cropped-JYL-TECH-LOGO.png\",\"contentUrl\":\"https:\/\/www.jyl-world.com\/wp-content\/uploads\/2023\/04\/cropped-JYL-TECH-LOGO.png\",\"width\":1413,\"height\":344,\"caption\":\"JYL-Tech RFID Expert\"},\"image\":{\"@id\":\"https:\/\/www.jyl-world.com\/#\/schema\/logo\/image\/\"},\"sameAs\":[\"https:\/\/www.facebook.com\/Jyl-Tech-117869034237570\",\"https:\/\/x.com\/jyltech\",\"https:\/\/www.linkedin.com\/company\/jyltechnology\"]}]}<\/script>\n<!-- \/ Yoast SEO Premium plugin. -->","yoast_head_json":{"title":"Am K\u00f6rper getragene UHF-RFID-Karte - JYL-Tech RFID Expert","description":"On-Body UHF RFID Card enabling seamless recognition from a remarkable 3-meter distance between the card and the reading device.","robots":{"index":"index","follow":"follow","max-snippet":"max-snippet:-1","max-image-preview":"max-image-preview:large","max-video-preview":"max-video-preview:-1"},"canonical":"https:\/\/www.jyl-world.com\/de\/on-body-uhf-rfid-card\/","og_locale":"de_DE","og_type":"article","og_title":"Am K\u00f6rper getragene UHF-RFID-Karte","og_description":"On-Body UHF RFID Card enabling seamless recognition from a remarkable 3-meter distance between the card and the reading device.","og_url":"https:\/\/www.jyl-world.com\/de\/on-body-uhf-rfid-card\/","og_site_name":"JYL-Tech RFID Expert","article_publisher":"https:\/\/www.facebook.com\/Jyl-Tech-117869034237570","article_modified_time":"2024-08-07T02:45:45+00:00","og_image":[{"url":"https:\/\/www.jyl-world.com\/wp-content\/uploads\/2023\/12\/RFID-UHF-on-body-card.jpg","type":"","width":"","height":""}],"twitter_card":"summary_large_image","twitter_site":"@jyltech","twitter_misc":{"Gesch\u00e4tzte Lesezeit":"2\u00a0Minuten"},"schema":{"@context":"https:\/\/schema.org","@graph":[{"@type":"WebPage","@id":"https:\/\/www.jyl-world.com\/de\/on-body-uhf-rfid-card\/","url":"https:\/\/www.jyl-world.com\/de\/on-body-uhf-rfid-card\/","name":"Am K\u00f6rper getragene UHF-RFID-Karte - JYL-Tech RFID Expert","isPartOf":{"@id":"https:\/\/www.jyl-world.com\/#website"},"primaryImageOfPage":{"@id":"https:\/\/www.jyl-world.com\/de\/on-body-uhf-rfid-card\/#primaryimage"},"image":{"@id":"https:\/\/www.jyl-world.com\/de\/on-body-uhf-rfid-card\/#primaryimage"},"thumbnailUrl":"https:\/\/www.jyl-world.com\/wp-content\/uploads\/2023\/12\/RFID-UHF-on-body-card.jpg","datePublished":"2023-12-22T04:07:27+00:00","dateModified":"2024-08-07T02:45:45+00:00","description":"On-Body UHF RFID Card enabling seamless recognition from a remarkable 3-meter distance between the card and the reading device.","breadcrumb":{"@id":"https:\/\/www.jyl-world.com\/de\/on-body-uhf-rfid-card\/#breadcrumb"},"inLanguage":"de","potentialAction":[{"@type":"ReadAction","target":["https:\/\/www.jyl-world.com\/de\/on-body-uhf-rfid-card\/"]}]},{"@type":"ImageObject","inLanguage":"de","@id":"https:\/\/www.jyl-world.com\/de\/on-body-uhf-rfid-card\/#primaryimage","url":"https:\/\/www.jyl-world.com\/wp-content\/uploads\/2023\/12\/RFID-UHF-on-body-card.jpg","contentUrl":"https:\/\/www.jyl-world.com\/wp-content\/uploads\/2023\/12\/RFID-UHF-on-body-card.jpg"},{"@type":"BreadcrumbList","@id":"https:\/\/www.jyl-world.com\/de\/on-body-uhf-rfid-card\/#breadcrumb","itemListElement":[{"@type":"ListItem","position":1,"name":"\u9996\u9875","item":"https:\/\/www.jyl-world.com\/"},{"@type":"ListItem","position":2,"name":"Am K\u00f6rper getragene UHF-RFID-Karte"}]},{"@type":"WebSite","@id":"https:\/\/www.jyl-world.com\/#website","url":"https:\/\/www.jyl-world.com\/","name":"JYL-Tech RFID Expert","description":"JYL-Tech RFID Fit For Each Unique Demand","publisher":{"@id":"https:\/\/www.jyl-world.com\/#organization"},"potentialAction":[{"@type":"SearchAction","target":{"@type":"EntryPoint","urlTemplate":"https:\/\/www.jyl-world.com\/?s={search_term_string}"},"query-input":{"@type":"PropertyValueSpecification","valueRequired":true,"valueName":"search_term_string"}}],"inLanguage":"de"},{"@type":"Organization","@id":"https:\/\/www.jyl-world.com\/#organization","name":"JYL-Tech RFID Expert","url":"https:\/\/www.jyl-world.com\/","logo":{"@type":"ImageObject","inLanguage":"de","@id":"https:\/\/www.jyl-world.com\/#\/schema\/logo\/image\/","url":"https:\/\/www.jyl-world.com\/wp-content\/uploads\/2023\/04\/cropped-JYL-TECH-LOGO.png","contentUrl":"https:\/\/www.jyl-world.com\/wp-content\/uploads\/2023\/04\/cropped-JYL-TECH-LOGO.png","width":1413,"height":344,"caption":"JYL-Tech RFID Expert"},"image":{"@id":"https:\/\/www.jyl-world.com\/#\/schema\/logo\/image\/"},"sameAs":["https:\/\/www.facebook.com\/Jyl-Tech-117869034237570","https:\/\/x.com\/jyltech","https:\/\/www.linkedin.com\/company\/jyltechnology"]}]}},"uagb_featured_image_src":{"full":false,"thumbnail":false,"medium":false,"medium_large":false,"large":false,"1536x1536":false,"2048x2048":false},"uagb_author_info":{"display_name":"JYL-Tech","author_link":"https:\/\/www.jyl-world.com\/de\/author\/jwxyz\/"},"uagb_comment_info":0,"uagb_excerpt":"Wir pr\u00e4sentieren die neueste Innovation von JYL-Tech: die On-Body UHF RFID-Karte. Diese revolution\u00e4re passive UHF RFID-Plastikkarte wurde entwickelt, um die pers\u00f6nliche Identit\u00e4ts\u00fcberpr\u00fcfung neu zu definieren und erm\u00f6glicht eine nahtlose Erkennung aus einer bemerkenswerten Entfernung von 3 Metern zwischen der Karte und dem Leseger\u00e4t. Sie ist ein Wendepunkt in der Zugangskontrolle und Identifizierung und bietet beispiellosen&hellip;","_links":{"self":[{"href":"https:\/\/www.jyl-world.com\/de\/wp-json\/wp\/v2\/pages\/39343"}],"collection":[{"href":"https:\/\/www.jyl-world.com\/de\/wp-json\/wp\/v2\/pages"}],"about":[{"href":"https:\/\/www.jyl-world.com\/de\/wp-json\/wp\/v2\/types\/page"}],"author":[{"embeddable":true,"href":"https:\/\/www.jyl-world.com\/de\/wp-json\/wp\/v2\/users\/1"}],"replies":[{"embeddable":true,"href":"https:\/\/www.jyl-world.com\/de\/wp-json\/wp\/v2\/comments?post=39343"}],"version-history":[{"count":2,"href":"https:\/\/www.jyl-world.com\/de\/wp-json\/wp\/v2\/pages\/39343\/revisions"}],"predecessor-version":[{"id":39357,"href":"https:\/\/www.jyl-world.com\/de\/wp-json\/wp\/v2\/pages\/39343\/revisions\/39357"}],"wp:attachment":[{"href":"https:\/\/www.jyl-world.com\/de\/wp-json\/wp\/v2\/media?parent=39343"}],"curies":[{"name":"wp","href":"https:\/\/api.w.org\/{rel}","templated":true}]}}