{"id":37246,"date":"2012-04-23T08:48:17","date_gmt":"2012-04-23T08:48:17","guid":{"rendered":"https:\/\/www.jyl-world.com\/rfid-silicone-wristband-wr02-thin-band\/"},"modified":"2024-08-14T08:15:36","modified_gmt":"2024-08-14T08:15:36","slug":"rfid-silicone-wristband-wr02-thin-band","status":"publish","type":"page","link":"https:\/\/www.jyl-world.com\/es\/rfid-silicone-wristband-wr02-thin-band\/","title":{"rendered":"Pulsera RFID de silicona WR02 de banda gruesa"},"content":{"rendered":"\n<div class=\"wp-block-columns is-layout-flex wp-container-core-columns-is-layout-1 wp-block-columns-is-layout-flex\">\n<div class=\"wp-block-column is-layout-flow wp-block-column-is-layout-flow\" style=\"flex-basis:66.66%\">\n<div style=\"height:50px\" aria-hidden=\"true\" class=\"wp-block-spacer\"><\/div>\n\n\n\n<p>La pulsera de silicona RFID WR02 tiene dos tipos, este con dise\u00f1o de banda delgada, es un tipo asequible en el mercado.<\/p>\n<\/div>\n\n\n\n<div class=\"wp-block-column is-layout-flow wp-block-column-is-layout-flow\" style=\"flex-basis:33.33%\">\n<figure class=\"wp-block-image aligncenter size-full is-resized\"><img loading=\"lazy\" decoding=\"async\" src=\"https:\/\/www.jyl-world.com\/wp-content\/uploads\/2022\/04\/JYL-WR02-Thin-Band.jpg\" alt=\"\" class=\"wp-image-27255\" width=\"245\" height=\"245\" srcset=\"https:\/\/www.jyl-world.com\/wp-content\/uploads\/2022\/04\/JYL-WR02-Thin-Band.jpg 326w, https:\/\/www.jyl-world.com\/wp-content\/uploads\/2022\/04\/JYL-WR02-Thin-Band-250x250.jpg 250w, https:\/\/www.jyl-world.com\/wp-content\/uploads\/2022\/04\/JYL-WR02-Thin-Band-150x150.jpg 150w\" sizes=\"(max-width: 245px) 100vw, 245px\" \/><\/figure>\n<\/div>\n<\/div>\n\n\n\n<h6 class=\"wp-block-heading\" id=\"h-especificaciones-de-la-pulsera-de-silicona-rfid-wr02-de-banda-gruesa\"><mark style=\"background-color:rgba(0, 0, 0, 0)\" class=\"has-inline-color has-ast-global-color-0-color\">Especificaciones de la pulsera de silicona RFID WR02 de banda gruesa:<\/mark><\/h6>\n\n\n\n<figure class=\"wp-block-table is-style-stripes\"><table><tbody><tr><td><strong>N\u00b0 de art\u00edculo:<\/strong><\/td><td><strong>Banda gruesa WR02<\/strong><\/td><\/tr><tr><td>Dimensiones:<\/td><td>\u03a660 \/ 65mm<\/td><\/tr><tr><td>Frecuencia:<\/td><td>LF \/ HF \/ UHF<\/td><\/tr><tr><td>Color\uff1a<\/td><td>Rojo, amarillo, azul, verde, naranja, negro, rosa o personalizado<\/td><\/tr><tr><td>Material\uff1a<\/td><td>Silicona<\/td><\/tr><tr><td>Impresi\u00f3n:<\/td><td>Serigraf\u00eda, grabado l\u00e1ser, gofrado, relieve, etc.<\/td><\/tr><tr><td>Opci\u00f3n:<\/td><td>Impresi\u00f3n de n\u00fameros, QR, c\u00f3digo de barras, cifrado de chip, etc.<\/td><\/tr><tr><td>Temperatura de funcionamiento<\/td><td>-20\u00b0C ~ 80\u00b0C<\/td><\/tr><\/tbody><\/table><\/figure>\n\n\n\n<h5 class=\"wp-block-heading\" id=\"h-opciones-de-ic\">Opciones de IC:<\/h5>\n\n\n\n<p><strong>LF 125KHz :<\/strong><br>\u2013 EM4200, TK4001; T5577; EM4305; Hitag1, Hitag2, Hitag S256, etc<br><strong>HF 13.56Mhz :<\/strong><br>\u2013 ISO14443A: MIFARE Classic\u00ae, MIFARE\u00ae DESFire\u00ae, MIFARE Plus\u00ae, MIFARE Ultralight\u00ae, Fudan FM11RF08, etc.<br>\u2013 ISO18092: NTAG\u00ae 213, NTAG\u00ae 215, NTAG\u00ae 216, Topaz512, etc.<br>\u2013 ISO15693: NXP ICODE\u00ae SLIX, TI Tag it HF-I, ST LRI, etc.<br><strong>UHF 840-960Mhz :<\/strong><br>\u2013 Alien Higgs, Monza 3, Monza 4D, Monza 4QT, Monza R6, Monza R6-P, Impinj M730 ,Impinj M750 etc.<\/p>\n\n\n\n<p>Comun\u00edquese con JYL-Tech para personalizar la pulsera de silicona RFID para satisfacer sus requisitos \u00fanicos de tipo de chip, tama\u00f1o, programaci\u00f3n y materiales para la identificaci\u00f3n de personas.<\/p>\n\n\n\n<div style=\"height:45px\" aria-hidden=\"true\" class=\"wp-block-spacer\"><\/div>\n\n\n\n<p><strong><a href=\"https:\/\/www.jyl-world.com\/wp-content\/uploads\/2023\/12\/WR02-DATASHEET-TWO-TYPE-AB.pdf\" target=\"_blank\" rel=\"noreferrer noopener\"><mark style=\"background-color:rgba(0, 0, 0, 0)\" class=\"has-inline-color has-ast-global-color-0-color\">RFID Silicone Wristband WR02 Thick Band Datasheet:<\/mark><\/a><\/strong><\/p>\n\n\n\n<figure class=\"wp-block-image size-full\"><a href=\"https:\/\/www.jyl-world.com\/wp-content\/uploads\/2023\/12\/WR02-DATASHEET-TWO-TYPE-AB.pdf\"><img loading=\"lazy\" decoding=\"async\" width=\"110\" height=\"137\" src=\"https:\/\/www.jyl-world.com\/wp-content\/uploads\/2023\/06\/PDF-JYLTech.jpg\" alt=\"\" class=\"wp-image-31504\"\/><\/a><\/figure>\n\n\n\n<div style=\"height:45px\" aria-hidden=\"true\" class=\"wp-block-spacer\"><\/div>\n\n\n\n<h2 class=\"wp-block-heading\" id=\"h-formulario-de-contacto\">Formulario de contacto<\/h2>\n\n\n\n<h5 class=\"wp-block-heading\" id=\"h-nosotros-podemos-ayudarte\">Nosotros podemos ayudarte<\/h5>\n\n\n\n<p>Encuentre el producto o la soluci\u00f3n RFID que se adapte a las necesidades de su negocio. Cons\u00faltenos para que le ayudemos a tomar la decisi\u00f3n correcta.<\/p>\n\n\n<div class=\"wpforms-container \" id=\"wpforms-5\"><form id=\"wpforms-form-5\" class=\"wpforms-validate wpforms-form\" data-formid=\"5\" method=\"post\" enctype=\"multipart\/form-data\" action=\"\/es\/wp-json\/wp\/v2\/pages\/37246\" data-token=\"089470771cf1f08b7dc3f43caab2325d\"><noscript class=\"wpforms-error-noscript\">Por favor, activa JavaScript en tu navegador para completar este formulario.<\/noscript><div class=\"wpforms-field-container\"><div id=\"wpforms-5-field_3-container\" class=\"wpforms-field wpforms-field-text\" data-field-id=\"3\"><label class=\"wpforms-field-label wpforms-label-hide\" for=\"wpforms-5-field_3\">Name <span class=\"wpforms-required-label\">*<\/span><\/label><input type=\"text\" id=\"wpforms-5-field_3\" class=\"wpforms-field-large wpforms-field-required\" name=\"wpforms[fields][3]\" placeholder=\"Name *\" required><\/div><div id=\"wpforms-5-field_9-container\" class=\"wpforms-field wpforms-field-text\" data-field-id=\"9\"><label class=\"wpforms-field-label wpforms-label-hide\" for=\"wpforms-5-field_9\">Company  <span class=\"wpforms-required-label\">*<\/span><\/label><input type=\"text\" id=\"wpforms-5-field_9\" class=\"wpforms-field-large wpforms-field-required\" name=\"wpforms[fields][9]\" placeholder=\"Company *\" required><\/div><div id=\"wpforms-5-field_1-container\" class=\"wpforms-field wpforms-field-email\" data-field-id=\"1\"><label class=\"wpforms-field-label wpforms-label-hide\" for=\"wpforms-5-field_1\">Email <span class=\"wpforms-required-label\">*<\/span><\/label><input type=\"email\" id=\"wpforms-5-field_1\" class=\"wpforms-field-large wpforms-field-required\" name=\"wpforms[fields][1]\" placeholder=\"Email *\" required><\/div><div id=\"wpforms-5-field_8-container\" class=\"wpforms-field wpforms-field-text\" data-field-id=\"8\"><label class=\"wpforms-field-label wpforms-label-hide\" for=\"wpforms-5-field_8\">Phone \/ Skype \/ Whatsapp <span class=\"wpforms-required-label\">*<\/span><\/label><input type=\"text\" id=\"wpforms-5-field_8\" class=\"wpforms-field-large wpforms-field-required\" name=\"wpforms[fields][8]\" placeholder=\"Phone \/ Skype \/ Whatsapp *\" required><\/div><div id=\"wpforms-5-field_10-container\" class=\"wpforms-field wpforms-field-text\" data-field-id=\"10\"><label class=\"wpforms-field-label wpforms-label-hide\" for=\"wpforms-5-field_10\">Business Type<\/label><input type=\"text\" id=\"wpforms-5-field_10\" class=\"wpforms-field-large\" name=\"wpforms[fields][10]\" placeholder=\"Business Type\" ><\/div><div id=\"wpforms-5-field_14-container\" class=\"wpforms-field wpforms-field-text\" data-field-id=\"14\"><label class=\"wpforms-field-label wpforms-label-hide\" for=\"wpforms-5-field_14\">Country<\/label><input type=\"text\" id=\"wpforms-5-field_14\" class=\"wpforms-field-large\" name=\"wpforms[fields][14]\" placeholder=\"Country\" ><\/div><div id=\"wpforms-5-field_2-container\" class=\"wpforms-field wpforms-field-textarea\" data-field-id=\"2\"><label class=\"wpforms-field-label wpforms-label-hide\" for=\"wpforms-5-field_2\">Inquiry \/ Message<\/label><textarea id=\"wpforms-5-field_2\" class=\"wpforms-field-medium\" name=\"wpforms[fields][2]\" placeholder=\"As an industrial RFID manufacturer, we need more details about your project to expedite processing\" ><\/textarea><\/div><\/div><input type=\"hidden\" name=\"wpforms[recaptcha]\" value=\"\"><div class=\"wpforms-submit-container\"><input type=\"hidden\" name=\"wpforms[id]\" value=\"5\"><input type=\"hidden\" name=\"wpforms[author]\" value=\"1\"><button type=\"submit\" name=\"wpforms[submit]\" id=\"wpforms-submit-5\" class=\"wpforms-submit\" data-alt-text=\"Sending...\" data-submit-text=\"Send Message\" aria-live=\"assertive\" value=\"wpforms-submit\">Send Message<\/button><\/div><\/form><\/div>  <!-- .wpforms-container -->\n\n\n<p class=\"has-text-align-center\"><strong>Comparte esta p\u00e1gina<\/strong><\/p>\n\n\n\t\t<div class='wp-block-bssb-social-share align' id='bssbSocialShare-4402509b-c' data-attributes='{&quot;cId&quot;:&quot;4402509b-c&quot;,&quot;socials&quot;:[{&quot;networkType&quot;:&quot;socialNetworks&quot;,&quot;network&quot;:&quot;facebook&quot;,&quot;isUpIcon&quot;:false,&quot;icon&quot;:{&quot;class&quot;:&quot;fab fa-facebook-f&quot;,&quot;color&quot;:&quot;#1877f2&quot;,&quot;styles&quot;:&quot;color: #1877f2;&quot;,&quot;name&quot;:&quot;&quot;,&quot;fontSize&quot;:16,&quot;colorType&quot;:&quot;solid&quot;,&quot;gradient&quot;:&quot;linear-gradient(135deg, #4527a4, #8344c5)&quot;},&quot;upIcon&quot;:{&quot;id&quot;:null,&quot;url&quot;:&quot;&quot;,&quot;alt&quot;:&quot;&quot;,&quot;title&quot;:&quot;&quot;}},{&quot;networkType&quot;:&quot;socialNetworks&quot;,&quot;network&quot;:&quot;twitter&quot;,&quot;isUpIcon&quot;:false,&quot;icon&quot;:{&quot;class&quot;:&quot;fab fa-twitter&quot;,&quot;color&quot;:&quot;#1da1f2&quot;},&quot;upIcon&quot;:{&quot;id&quot;:null,&quot;url&quot;:&quot;&quot;,&quot;alt&quot;:&quot;&quot;,&quot;title&quot;:&quot;&quot;}},{&quot;networkType&quot;:&quot;socialNetworks&quot;,&quot;network&quot;:&quot;linkedin&quot;,&quot;isUpIcon&quot;:false,&quot;icon&quot;:{&quot;class&quot;:&quot;fab fa-linkedin-in&quot;,&quot;color&quot;:&quot;#0a66c2&quot;,&quot;styles&quot;:&quot;color: #0a66c2;&quot;,&quot;name&quot;:&quot;&quot;,&quot;fontSize&quot;:16,&quot;colorType&quot;:&quot;solid&quot;,&quot;gradient&quot;:&quot;linear-gradient(135deg, #4527a4, #8344c5)&quot;},&quot;upIcon&quot;:{&quot;id&quot;:null,&quot;url&quot;:&quot;&quot;,&quot;alt&quot;:&quot;&quot;,&quot;title&quot;:&quot;&quot;}},{&quot;networkType&quot;:&quot;socialNetworks&quot;,&quot;network&quot;:&quot;pinterest&quot;,&quot;isUpIcon&quot;:false,&quot;icon&quot;:{&quot;class&quot;:&quot;fab fa-pinterest-p&quot;,&quot;color&quot;:&quot;#bd081c&quot;,&quot;styles&quot;:&quot;color: #bd081c;&quot;,&quot;name&quot;:&quot;&quot;,&quot;fontSize&quot;:16,&quot;colorType&quot;:&quot;solid&quot;,&quot;gradient&quot;:&quot;linear-gradient(135deg, #4527a4, #8344c5)&quot;},&quot;upIcon&quot;:{&quot;id&quot;:null,&quot;url&quot;:&quot;&quot;,&quot;alt&quot;:&quot;&quot;,&quot;title&quot;:&quot;&quot;}}],&quot;alignment&quot;:&quot;center&quot;,&quot;background&quot;:{&quot;color&quot;:&quot;#0000&quot;,&quot;type&quot;:&quot;solid&quot;,&quot;gradient&quot;:&quot;linear-gradient(135deg, #4527a4, #8344c5)&quot;,&quot;image&quot;:[],&quot;position&quot;:&quot;center center&quot;,&quot;attachment&quot;:&quot;initial&quot;,&quot;repeat&quot;:&quot;no-repeat&quot;,&quot;size&quot;:&quot;cover&quot;,&quot;overlayColor&quot;:&quot;#000000b3&quot;,&quot;styles&quot;:&quot;background-color: #0000;&quot;},&quot;border&quot;:{&quot;radius&quot;:&quot;50%&quot;,&quot;width&quot;:&quot;0px&quot;,&quot;style&quot;:&quot;solid&quot;,&quot;color&quot;:&quot;#0000&quot;,&quot;side&quot;:&quot;all&quot;,&quot;styles&quot;:&quot;border-radius: 50%;&quot;},&quot;shadow&quot;:{&quot;type&quot;:&quot;box&quot;,&quot;hOffset&quot;:&quot;0px&quot;,&quot;vOffset&quot;:&quot;0px&quot;,&quot;blur&quot;:&quot;0px&quot;,&quot;spreed&quot;:&quot;0px&quot;,&quot;color&quot;:&quot;#7090b0&quot;,&quot;isInset&quot;:false,&quot;styles&quot;:&quot;0px 0px 0px 0px #7090b0&quot;},&quot;align&quot;:&quot;&quot;,&quot;theme&quot;:&quot;default&quot;,&quot;size&quot;:&quot;28px&quot;,&quot;padding&quot;:&quot;10px&quot;,&quot;margin&quot;:&quot;10px&quot;,&quot;openPopupId&quot;:&quot;&quot;}'>\n\t\t\t<div class='bssbStyle'><\/div>\n\n\t\t\t<ul class='bssbSocialShare'>\n\t\t\t\t\n\t\t\t\t\t<li class='icon icon-0' data-social='facebook'>\n\t\t\t\t\t\t<i class='fab fa-facebook-f'><\/i>\t\t\t\t\t<\/il>\n\t\t\t\t\n\t\t\t\t\t<li class='icon icon-1' data-social='twitter'>\n\t\t\t\t\t\t<i class='fab fa-twitter'><\/i>\t\t\t\t\t<\/il>\n\t\t\t\t\n\t\t\t\t\t<li class='icon icon-2' data-social='linkedin'>\n\t\t\t\t\t\t<i class='fab fa-linkedin-in'><\/i>\t\t\t\t\t<\/il>\n\t\t\t\t\n\t\t\t\t\t<li class='icon icon-3' data-social='pinterest'>\n\t\t\t\t\t\t<i class='fab fa-pinterest-p'><\/i>\t\t\t\t\t<\/il>\n\t\t\t\t\t\t\t<\/ul>\n\t\t<\/div>\n\n\t\t","protected":false},"excerpt":{"rendered":"<p>La pulsera de silicona RFID WR02 tiene dos tipos, este con dise\u00f1o de banda delgada, es un tipo asequible en el mercado. Especificaciones de la pulsera de silicona RFID WR02 de banda gruesa: N\u00b0 de art\u00edculo: Banda gruesa WR02 Dimensiones: \u03a660 \/ 65mm Frecuencia: LF \/ HF \/ UHF Color\uff1a Rojo, amarillo, azul, verde, naranja, [&hellip;]<\/p>\n","protected":false},"author":1,"featured_media":0,"parent":0,"menu_order":0,"comment_status":"closed","ping_status":"closed","template":"","meta":{"site-sidebar-layout":"default","site-content-layout":"","ast-site-content-layout":"","site-content-style":"default","site-sidebar-style":"default","ast-global-header-display":"","ast-banner-title-visibility":"","ast-main-header-display":"","ast-hfb-above-header-display":"","ast-hfb-below-header-display":"","ast-hfb-mobile-header-display":"","site-post-title":"","ast-breadcrumbs-content":"","ast-featured-img":"","footer-sml-layout":"","theme-transparent-header-meta":"","adv-header-id-meta":"","stick-header-meta":"","header-above-stick-meta":"","header-main-stick-meta":"","header-below-stick-meta":"","astra-migrate-meta-layouts":"default","ast-page-background-enabled":"default","ast-page-background-meta":{"desktop":{"background-color":"","background-image":"","background-repeat":"repeat","background-position":"center center","background-size":"auto","background-attachment":"scroll","background-type":"","background-media":"","overlay-type":"","overlay-color":"","overlay-opacity":"","overlay-gradient":""},"tablet":{"background-color":"","background-image":"","background-repeat":"repeat","background-position":"center center","background-size":"auto","background-attachment":"scroll","background-type":"","background-media":"","overlay-type":"","overlay-color":"","overlay-opacity":"","overlay-gradient":""},"mobile":{"background-color":"","background-image":"","background-repeat":"repeat","background-position":"center center","background-size":"auto","background-attachment":"scroll","background-type":"","background-media":"","overlay-type":"","overlay-color":"","overlay-opacity":"","overlay-gradient":""}},"ast-content-background-meta":{"desktop":{"background-color":"var(--ast-global-color-5)","background-image":"","background-repeat":"repeat","background-position":"center center","background-size":"auto","background-attachment":"scroll","background-type":"","background-media":"","overlay-type":"","overlay-color":"","overlay-opacity":"","overlay-gradient":""},"tablet":{"background-color":"var(--ast-global-color-5)","background-image":"","background-repeat":"repeat","background-position":"center center","background-size":"auto","background-attachment":"scroll","background-type":"","background-media":"","overlay-type":"","overlay-color":"","overlay-opacity":"","overlay-gradient":""},"mobile":{"background-color":"var(--ast-global-color-5)","background-image":"","background-repeat":"repeat","background-position":"center center","background-size":"auto","background-attachment":"scroll","background-type":"","background-media":"","overlay-type":"","overlay-color":"","overlay-opacity":"","overlay-gradient":""}},"footnotes":""},"class_list":["post-37246","page","type-page","status-publish","hentry"],"yoast_head":"<!-- This site is optimized with the Yoast SEO Premium plugin v20.13 (Yoast SEO v25.3) - https:\/\/yoast.com\/wordpress\/plugins\/seo\/ -->\n<title>Pulsera RFID de silicona WR02 de banda gruesa - JYL-Tech RFID Expert<\/title>\n<meta name=\"description\" content=\"RFID Silicone Wristband WR02 has two type which this one with thin band design , Its affordable type in the market .\" \/>\n<meta name=\"robots\" content=\"index, follow, max-snippet:-1, max-image-preview:large, max-video-preview:-1\" \/>\n<link rel=\"canonical\" href=\"https:\/\/www.jyl-world.com\/es\/rfid-silicone-wristband-wr02-thin-band\/\" \/>\n<meta property=\"og:locale\" content=\"es_ES\" \/>\n<meta property=\"og:type\" content=\"article\" \/>\n<meta property=\"og:title\" content=\"Pulsera RFID de silicona WR02 de banda gruesa - JYL-Tech RFID Expert\" \/>\n<meta property=\"og:description\" content=\"RFID Silicone Wristband WR02 has two type which this one with thin band design , Its affordable type in the market .\" \/>\n<meta property=\"og:url\" content=\"https:\/\/www.jyl-world.com\/es\/rfid-silicone-wristband-wr02-thin-band\/\" \/>\n<meta property=\"og:site_name\" content=\"JYL-Tech RFID Expert\" \/>\n<meta property=\"article:publisher\" content=\"https:\/\/www.facebook.com\/Jyl-Tech-117869034237570\" \/>\n<meta property=\"article:modified_time\" content=\"2024-08-14T08:15:36+00:00\" \/>\n<meta property=\"og:image\" content=\"https:\/\/www.jyl-world.com\/wp-content\/uploads\/2022\/04\/JYL-WR02-Thin-Band.jpg\" \/>\n<meta name=\"twitter:card\" content=\"summary_large_image\" \/>\n<meta name=\"twitter:title\" content=\"Pulsera RFID de silicona WR02 de banda gruesa - JYL-Tech RFID Expert\" \/>\n<meta name=\"twitter:description\" content=\"RFID Silicone Wristband WR02 has two type which this one with thin band design , Its affordable type in the market .\" \/>\n<meta name=\"twitter:site\" content=\"@jyltech\" \/>\n<meta name=\"twitter:label1\" content=\"Tiempo de lectura\" \/>\n\t<meta name=\"twitter:data1\" content=\"2 minutos\" \/>\n<script type=\"application\/ld+json\" class=\"yoast-schema-graph\">{\"@context\":\"https:\/\/schema.org\",\"@graph\":[{\"@type\":\"WebPage\",\"@id\":\"https:\/\/www.jyl-world.com\/es\/rfid-silicone-wristband-wr02-thin-band\/\",\"url\":\"https:\/\/www.jyl-world.com\/es\/rfid-silicone-wristband-wr02-thin-band\/\",\"name\":\"Pulsera RFID de silicona WR02 de banda gruesa - JYL-Tech RFID Expert\",\"isPartOf\":{\"@id\":\"https:\/\/www.jyl-world.com\/#website\"},\"primaryImageOfPage\":{\"@id\":\"https:\/\/www.jyl-world.com\/es\/rfid-silicone-wristband-wr02-thin-band\/#primaryimage\"},\"image\":{\"@id\":\"https:\/\/www.jyl-world.com\/es\/rfid-silicone-wristband-wr02-thin-band\/#primaryimage\"},\"thumbnailUrl\":\"https:\/\/www.jyl-world.com\/wp-content\/uploads\/2022\/04\/JYL-WR02-Thin-Band.jpg\",\"datePublished\":\"2012-04-23T08:48:17+00:00\",\"dateModified\":\"2024-08-14T08:15:36+00:00\",\"description\":\"RFID Silicone Wristband WR02 has two type which this one with thin band design , Its affordable type in the market .\",\"breadcrumb\":{\"@id\":\"https:\/\/www.jyl-world.com\/es\/rfid-silicone-wristband-wr02-thin-band\/#breadcrumb\"},\"inLanguage\":\"es\",\"potentialAction\":[{\"@type\":\"ReadAction\",\"target\":[\"https:\/\/www.jyl-world.com\/es\/rfid-silicone-wristband-wr02-thin-band\/\"]}]},{\"@type\":\"ImageObject\",\"inLanguage\":\"es\",\"@id\":\"https:\/\/www.jyl-world.com\/es\/rfid-silicone-wristband-wr02-thin-band\/#primaryimage\",\"url\":\"https:\/\/www.jyl-world.com\/wp-content\/uploads\/2022\/04\/JYL-WR02-Thin-Band.jpg\",\"contentUrl\":\"https:\/\/www.jyl-world.com\/wp-content\/uploads\/2022\/04\/JYL-WR02-Thin-Band.jpg\"},{\"@type\":\"BreadcrumbList\",\"@id\":\"https:\/\/www.jyl-world.com\/es\/rfid-silicone-wristband-wr02-thin-band\/#breadcrumb\",\"itemListElement\":[{\"@type\":\"ListItem\",\"position\":1,\"name\":\"\u9996\u9875\",\"item\":\"https:\/\/www.jyl-world.com\/\"},{\"@type\":\"ListItem\",\"position\":2,\"name\":\"Pulsera RFID de silicona WR02 de banda gruesa\"}]},{\"@type\":\"WebSite\",\"@id\":\"https:\/\/www.jyl-world.com\/#website\",\"url\":\"https:\/\/www.jyl-world.com\/\",\"name\":\"JYL-Tech RFID Expert\",\"description\":\"JYL-Tech RFID Fit For Each Unique Demand\",\"publisher\":{\"@id\":\"https:\/\/www.jyl-world.com\/#organization\"},\"potentialAction\":[{\"@type\":\"SearchAction\",\"target\":{\"@type\":\"EntryPoint\",\"urlTemplate\":\"https:\/\/www.jyl-world.com\/?s={search_term_string}\"},\"query-input\":{\"@type\":\"PropertyValueSpecification\",\"valueRequired\":true,\"valueName\":\"search_term_string\"}}],\"inLanguage\":\"es\"},{\"@type\":\"Organization\",\"@id\":\"https:\/\/www.jyl-world.com\/#organization\",\"name\":\"JYL-Tech RFID Expert\",\"url\":\"https:\/\/www.jyl-world.com\/\",\"logo\":{\"@type\":\"ImageObject\",\"inLanguage\":\"es\",\"@id\":\"https:\/\/www.jyl-world.com\/#\/schema\/logo\/image\/\",\"url\":\"https:\/\/www.jyl-world.com\/wp-content\/uploads\/2023\/04\/cropped-JYL-TECH-LOGO.png\",\"contentUrl\":\"https:\/\/www.jyl-world.com\/wp-content\/uploads\/2023\/04\/cropped-JYL-TECH-LOGO.png\",\"width\":1413,\"height\":344,\"caption\":\"JYL-Tech RFID Expert\"},\"image\":{\"@id\":\"https:\/\/www.jyl-world.com\/#\/schema\/logo\/image\/\"},\"sameAs\":[\"https:\/\/www.facebook.com\/Jyl-Tech-117869034237570\",\"https:\/\/x.com\/jyltech\",\"https:\/\/www.linkedin.com\/company\/jyltechnology\"]}]}<\/script>\n<!-- \/ Yoast SEO Premium plugin. -->","yoast_head_json":{"title":"Pulsera RFID de silicona WR02 de banda gruesa - JYL-Tech RFID Expert","description":"RFID Silicone Wristband WR02 has two type which this one with thin band design , Its affordable type in the market .","robots":{"index":"index","follow":"follow","max-snippet":"max-snippet:-1","max-image-preview":"max-image-preview:large","max-video-preview":"max-video-preview:-1"},"canonical":"https:\/\/www.jyl-world.com\/es\/rfid-silicone-wristband-wr02-thin-band\/","og_locale":"es_ES","og_type":"article","og_title":"Pulsera RFID de silicona WR02 de banda gruesa - JYL-Tech RFID Expert","og_description":"RFID Silicone Wristband WR02 has two type which this one with thin band design , Its affordable type in the market .","og_url":"https:\/\/www.jyl-world.com\/es\/rfid-silicone-wristband-wr02-thin-band\/","og_site_name":"JYL-Tech RFID Expert","article_publisher":"https:\/\/www.facebook.com\/Jyl-Tech-117869034237570","article_modified_time":"2024-08-14T08:15:36+00:00","og_image":[{"url":"https:\/\/www.jyl-world.com\/wp-content\/uploads\/2022\/04\/JYL-WR02-Thin-Band.jpg","type":"","width":"","height":""}],"twitter_card":"summary_large_image","twitter_title":"Pulsera RFID de silicona WR02 de banda gruesa - JYL-Tech RFID Expert","twitter_description":"RFID Silicone Wristband WR02 has two type which this one with thin band design , Its affordable type in the market .","twitter_site":"@jyltech","twitter_misc":{"Tiempo de lectura":"2 minutos"},"schema":{"@context":"https:\/\/schema.org","@graph":[{"@type":"WebPage","@id":"https:\/\/www.jyl-world.com\/es\/rfid-silicone-wristband-wr02-thin-band\/","url":"https:\/\/www.jyl-world.com\/es\/rfid-silicone-wristband-wr02-thin-band\/","name":"Pulsera RFID de silicona WR02 de banda gruesa - JYL-Tech RFID Expert","isPartOf":{"@id":"https:\/\/www.jyl-world.com\/#website"},"primaryImageOfPage":{"@id":"https:\/\/www.jyl-world.com\/es\/rfid-silicone-wristband-wr02-thin-band\/#primaryimage"},"image":{"@id":"https:\/\/www.jyl-world.com\/es\/rfid-silicone-wristband-wr02-thin-band\/#primaryimage"},"thumbnailUrl":"https:\/\/www.jyl-world.com\/wp-content\/uploads\/2022\/04\/JYL-WR02-Thin-Band.jpg","datePublished":"2012-04-23T08:48:17+00:00","dateModified":"2024-08-14T08:15:36+00:00","description":"RFID Silicone Wristband WR02 has two type which this one with thin band design , Its affordable type in the market .","breadcrumb":{"@id":"https:\/\/www.jyl-world.com\/es\/rfid-silicone-wristband-wr02-thin-band\/#breadcrumb"},"inLanguage":"es","potentialAction":[{"@type":"ReadAction","target":["https:\/\/www.jyl-world.com\/es\/rfid-silicone-wristband-wr02-thin-band\/"]}]},{"@type":"ImageObject","inLanguage":"es","@id":"https:\/\/www.jyl-world.com\/es\/rfid-silicone-wristband-wr02-thin-band\/#primaryimage","url":"https:\/\/www.jyl-world.com\/wp-content\/uploads\/2022\/04\/JYL-WR02-Thin-Band.jpg","contentUrl":"https:\/\/www.jyl-world.com\/wp-content\/uploads\/2022\/04\/JYL-WR02-Thin-Band.jpg"},{"@type":"BreadcrumbList","@id":"https:\/\/www.jyl-world.com\/es\/rfid-silicone-wristband-wr02-thin-band\/#breadcrumb","itemListElement":[{"@type":"ListItem","position":1,"name":"\u9996\u9875","item":"https:\/\/www.jyl-world.com\/"},{"@type":"ListItem","position":2,"name":"Pulsera RFID de silicona WR02 de banda gruesa"}]},{"@type":"WebSite","@id":"https:\/\/www.jyl-world.com\/#website","url":"https:\/\/www.jyl-world.com\/","name":"JYL-Tech RFID Expert","description":"JYL-Tech RFID Fit For Each Unique Demand","publisher":{"@id":"https:\/\/www.jyl-world.com\/#organization"},"potentialAction":[{"@type":"SearchAction","target":{"@type":"EntryPoint","urlTemplate":"https:\/\/www.jyl-world.com\/?s={search_term_string}"},"query-input":{"@type":"PropertyValueSpecification","valueRequired":true,"valueName":"search_term_string"}}],"inLanguage":"es"},{"@type":"Organization","@id":"https:\/\/www.jyl-world.com\/#organization","name":"JYL-Tech RFID Expert","url":"https:\/\/www.jyl-world.com\/","logo":{"@type":"ImageObject","inLanguage":"es","@id":"https:\/\/www.jyl-world.com\/#\/schema\/logo\/image\/","url":"https:\/\/www.jyl-world.com\/wp-content\/uploads\/2023\/04\/cropped-JYL-TECH-LOGO.png","contentUrl":"https:\/\/www.jyl-world.com\/wp-content\/uploads\/2023\/04\/cropped-JYL-TECH-LOGO.png","width":1413,"height":344,"caption":"JYL-Tech RFID Expert"},"image":{"@id":"https:\/\/www.jyl-world.com\/#\/schema\/logo\/image\/"},"sameAs":["https:\/\/www.facebook.com\/Jyl-Tech-117869034237570","https:\/\/x.com\/jyltech","https:\/\/www.linkedin.com\/company\/jyltechnology"]}]}},"uagb_featured_image_src":{"full":false,"thumbnail":false,"medium":false,"medium_large":false,"large":false,"1536x1536":false,"2048x2048":false},"uagb_author_info":{"display_name":"JYL-Tech","author_link":"https:\/\/www.jyl-world.com\/es\/author\/jwxyz\/"},"uagb_comment_info":0,"uagb_excerpt":"La pulsera de silicona RFID WR02 tiene dos tipos, este con dise\u00f1o de banda delgada, es un tipo asequible en el mercado. Especificaciones de la pulsera de silicona RFID WR02 de banda gruesa: N\u00b0 de art\u00edculo: Banda gruesa WR02 Dimensiones: \u03a660 \/ 65mm Frecuencia: LF \/ HF \/ UHF Color\uff1a Rojo, amarillo, azul, verde, naranja,&hellip;","_links":{"self":[{"href":"https:\/\/www.jyl-world.com\/es\/wp-json\/wp\/v2\/pages\/37246"}],"collection":[{"href":"https:\/\/www.jyl-world.com\/es\/wp-json\/wp\/v2\/pages"}],"about":[{"href":"https:\/\/www.jyl-world.com\/es\/wp-json\/wp\/v2\/types\/page"}],"author":[{"embeddable":true,"href":"https:\/\/www.jyl-world.com\/es\/wp-json\/wp\/v2\/users\/1"}],"replies":[{"embeddable":true,"href":"https:\/\/www.jyl-world.com\/es\/wp-json\/wp\/v2\/comments?post=37246"}],"version-history":[{"count":5,"href":"https:\/\/www.jyl-world.com\/es\/wp-json\/wp\/v2\/pages\/37246\/revisions"}],"predecessor-version":[{"id":42202,"href":"https:\/\/www.jyl-world.com\/es\/wp-json\/wp\/v2\/pages\/37246\/revisions\/42202"}],"wp:attachment":[{"href":"https:\/\/www.jyl-world.com\/es\/wp-json\/wp\/v2\/media?parent=37246"}],"curies":[{"name":"wp","href":"https:\/\/api.w.org\/{rel}","templated":true}]}}