{"id":39349,"date":"2023-12-22T04:07:27","date_gmt":"2023-12-22T04:07:27","guid":{"rendered":"https:\/\/www.jyl-world.com\/on-body-uhf-rfid-card\/"},"modified":"2024-08-11T02:21:35","modified_gmt":"2024-08-11T02:21:35","slug":"on-body-uhf-rfid-card","status":"publish","type":"page","link":"https:\/\/www.jyl-world.com\/es\/on-body-uhf-rfid-card\/","title":{"rendered":"Tarjeta RFID UHF para colocar en el cuerpo"},"content":{"rendered":"\n<div class=\"wp-block-columns is-layout-flex wp-container-core-columns-is-layout-1 wp-block-columns-is-layout-flex\">\n<div class=\"wp-block-column is-layout-flow wp-block-column-is-layout-flow\" style=\"flex-basis:33.33%\">\n<figure class=\"wp-block-image size-full is-resized\"><img loading=\"lazy\" decoding=\"async\" src=\"https:\/\/www.jyl-world.com\/wp-content\/uploads\/2023\/12\/RFID-UHF-on-body-card.jpg\" alt=\"\" class=\"wp-image-31989\" width=\"392\" height=\"392\" srcset=\"https:\/\/www.jyl-world.com\/wp-content\/uploads\/2023\/12\/RFID-UHF-on-body-card.jpg 600w, https:\/\/www.jyl-world.com\/wp-content\/uploads\/2023\/12\/RFID-UHF-on-body-card-250x250.jpg 250w, https:\/\/www.jyl-world.com\/wp-content\/uploads\/2023\/12\/RFID-UHF-on-body-card-150x150.jpg 150w\" sizes=\"(max-width: 392px) 100vw, 392px\" \/><\/figure>\n<\/div>\n\n\n\n<div class=\"wp-block-column is-layout-flow wp-block-column-is-layout-flow\" style=\"flex-basis:66.66%\">\n<div style=\"height:10px\" aria-hidden=\"true\" class=\"wp-block-spacer\"><\/div>\n\n\n\n<p>Presentamos la innovaci\u00f3n de vanguardia de JYL-Tech: la tarjeta RFID UHF corporal. Esta revolucionaria tarjeta de pl\u00e1stico RFID UHF pasiva est\u00e1 dise\u00f1ada para redefinir la verificaci\u00f3n de la identidad personal, permitiendo un reconocimiento perfecto desde una distancia notable de 3 metros entre la tarjeta y el dispositivo de lectura. Es un punto de inflexi\u00f3n en el control de acceso e identificaci\u00f3n, que permite una comodidad y eficiencia sin precedentes.<\/p>\n<\/div>\n<\/div>\n\n\n\n<p>Lo que distingue a esta tarjeta RFID UHF es su ingeniosa estructura de dise\u00f1o propio. Est\u00e1 dise\u00f1ada meticulosamente para mantener un rendimiento excepcional incluso cuando est\u00e1 en contacto directo con el cuerpo humano. Diga adi\u00f3s a los obst\u00e1culos de interferencia que suelen encontrarse con la tecnolog\u00eda RFID en las proximidades del cuerpo. Nuestra tarjeta RFID UHF supera estos desaf\u00edos y garantiza un rendimiento constante y confiable.<\/p>\n\n\n\n<p>La belleza de esta innovaci\u00f3n reside en su versatilidad. Experimente la libertad de la lectura omnidireccional, que permite la identificaci\u00f3n y el acceso sin esfuerzo desde varios \u00e1ngulos. Ya sea para la gesti\u00f3n de multitudes a gran escala o para el control de acceso individual, nuestra tarjeta RFID UHF se destaca por ofrecer resultados r\u00e1pidos y precisos.<\/p>\n\n\n\n<p>Imagine un acceso sin esfuerzo a lugares, eventos o instalaciones seguras sin la molestia de la interacci\u00f3n f\u00edsica. Con su alcance de distancia excepcional y su dise\u00f1o robusto, esta tarjeta RFID UHF para colocar en el cuerpo es su puerta de entrada a una nueva era de identificaci\u00f3n y gesti\u00f3n de acceso optimizadas.<\/p>\n\n\n\n<p>En un mundo donde la eficiencia y la confiabilidad son lo m\u00e1s importante, nuestra tarjeta RFID UHF para uso corporal se destaca como un modelo de innovaci\u00f3n que brinda una soluci\u00f3n perfecta para diversas necesidades de identificaci\u00f3n. Adopte el futuro de la tecnolog\u00eda de identificaci\u00f3n con una tarjeta que redefine la conveniencia, la confiabilidad y el rendimiento. Experimente la diferencia hoy.<\/p>\n\n\n\n<p><strong><mark style=\"background-color:rgba(0, 0, 0, 0)\" class=\"has-inline-color has-ast-global-color-0-color\">Opciones de IC:<\/mark><\/strong><br>IMPINJ Monza 4QT\/4E<\/p>\n\n\n\n<h5 class=\"wp-block-heading\" id=\"h-soporte-de-personalizacion\"><strong>Soporte de personalizaci\u00f3n:<\/strong><\/h5>\n\n\n\n<ul class=\"wp-block-list\">\n<li>Impresi\u00f3n offset con colores CMYK o Pantone<\/li>\n\n\n\n<li>Serigraf\u00eda con efecto metalizado plateado<\/li>\n\n\n\n<li>Banda magn\u00e9tica: HiCo2750, HiCo4000 o LoCo300<\/li>\n\n\n\n<li>Impresi\u00f3n de n\u00famero de serie o n\u00famero UID<\/li>\n\n\n\n<li>Panel de firma<\/li>\n\n\n\n<li>Impresi\u00f3n de c\u00f3digo de barras<\/li>\n\n\n\n<li>Codificaci\u00f3n de chip<\/li>\n\n\n\n<li>Impresi\u00f3n UV<\/li>\n<\/ul>\n\n\n\n<p>Comun\u00edquese con JYL-Tech para personalizar la tarjeta RFID UHF corporal para satisfacer sus requisitos \u00fanicos de tipo de chip, tama\u00f1o, programaci\u00f3n y materiales para la identificaci\u00f3n de personas.<\/p>\n\n\n\n<div style=\"height:45px\" aria-hidden=\"true\" class=\"wp-block-spacer\"><\/div>\n\n\n\n<p><strong><a href=\"https:\/\/www.jyl-world.com\/wp-content\/uploads\/2023\/12\/RAIN-RFID-UHF-on-body-card-datasheet-.pdf\" target=\"_blank\" rel=\"noreferrer noopener\"><mark style=\"background-color:rgba(0, 0, 0, 0)\" class=\"has-inline-color has-ast-global-color-0-color\">Ficha t\u00e9cnica de la tarjeta RFID UHF para uso corporal<\/mark><\/a><\/strong><\/p>\n\n\n\n<figure class=\"wp-block-image size-full\"><a href=\"https:\/\/www.jyl-world.com\/wp-content\/uploads\/2023\/12\/RAIN-RFID-UHF-on-body-card-datasheet-.pdf\"><img loading=\"lazy\" decoding=\"async\" width=\"110\" height=\"137\" src=\"https:\/\/www.jyl-world.com\/wp-content\/uploads\/2023\/06\/PDF-JYLTech.jpg\" alt=\"\" class=\"wp-image-31504\"\/><\/a><\/figure>\n\n\n\n<div style=\"height:45px\" aria-hidden=\"true\" class=\"wp-block-spacer\"><\/div>\n\n\n\n<h2 class=\"wp-block-heading\" id=\"h-formulario-de-contacto\">Formulario de contacto<\/h2>\n\n\n\n<h5 class=\"wp-block-heading\" id=\"h-nosotros-podemos-ayudarte\">Nosotros podemos ayudarte<\/h5>\n\n\n\n<p>Encuentre el producto o la soluci\u00f3n RFID que se adapte a las necesidades de su negocio. Cons\u00faltenos para que le ayudemos a tomar la decisi\u00f3n correcta.<\/p>\n\n\n<div class=\"wpforms-container \" id=\"wpforms-5\"><form id=\"wpforms-form-5\" class=\"wpforms-validate wpforms-form\" data-formid=\"5\" method=\"post\" enctype=\"multipart\/form-data\" action=\"\/es\/wp-json\/wp\/v2\/pages\/39349\" data-token=\"405925b98759a1f9e01269a509d6705a\"><noscript class=\"wpforms-error-noscript\">Por favor, activa JavaScript en tu navegador para completar este formulario.<\/noscript><div class=\"wpforms-field-container\"><div id=\"wpforms-5-field_3-container\" class=\"wpforms-field wpforms-field-text\" data-field-id=\"3\"><label class=\"wpforms-field-label wpforms-label-hide\" for=\"wpforms-5-field_3\">Name <span class=\"wpforms-required-label\">*<\/span><\/label><input type=\"text\" id=\"wpforms-5-field_3\" class=\"wpforms-field-large wpforms-field-required\" name=\"wpforms[fields][3]\" placeholder=\"Name *\" required><\/div><div id=\"wpforms-5-field_9-container\" class=\"wpforms-field wpforms-field-text\" data-field-id=\"9\"><label class=\"wpforms-field-label wpforms-label-hide\" for=\"wpforms-5-field_9\">Company  <span class=\"wpforms-required-label\">*<\/span><\/label><input type=\"text\" id=\"wpforms-5-field_9\" class=\"wpforms-field-large wpforms-field-required\" name=\"wpforms[fields][9]\" placeholder=\"Company *\" required><\/div><div id=\"wpforms-5-field_1-container\" class=\"wpforms-field wpforms-field-email\" data-field-id=\"1\"><label class=\"wpforms-field-label wpforms-label-hide\" for=\"wpforms-5-field_1\">Email <span class=\"wpforms-required-label\">*<\/span><\/label><input type=\"email\" id=\"wpforms-5-field_1\" class=\"wpforms-field-large wpforms-field-required\" name=\"wpforms[fields][1]\" placeholder=\"Email *\" required><\/div><div id=\"wpforms-5-field_8-container\" class=\"wpforms-field wpforms-field-text\" data-field-id=\"8\"><label class=\"wpforms-field-label wpforms-label-hide\" for=\"wpforms-5-field_8\">Phone \/ Skype \/ Whatsapp <span class=\"wpforms-required-label\">*<\/span><\/label><input type=\"text\" id=\"wpforms-5-field_8\" class=\"wpforms-field-large wpforms-field-required\" name=\"wpforms[fields][8]\" placeholder=\"Phone \/ Skype \/ Whatsapp *\" required><\/div><div id=\"wpforms-5-field_10-container\" class=\"wpforms-field wpforms-field-text\" data-field-id=\"10\"><label class=\"wpforms-field-label wpforms-label-hide\" for=\"wpforms-5-field_10\">Business Type<\/label><input type=\"text\" id=\"wpforms-5-field_10\" class=\"wpforms-field-large\" name=\"wpforms[fields][10]\" placeholder=\"Business Type\" ><\/div><div id=\"wpforms-5-field_14-container\" class=\"wpforms-field wpforms-field-text\" data-field-id=\"14\"><label class=\"wpforms-field-label wpforms-label-hide\" for=\"wpforms-5-field_14\">Country<\/label><input type=\"text\" id=\"wpforms-5-field_14\" class=\"wpforms-field-large\" name=\"wpforms[fields][14]\" placeholder=\"Country\" ><\/div><div id=\"wpforms-5-field_2-container\" class=\"wpforms-field wpforms-field-textarea\" data-field-id=\"2\"><label class=\"wpforms-field-label wpforms-label-hide\" for=\"wpforms-5-field_2\">Inquiry \/ Message<\/label><textarea id=\"wpforms-5-field_2\" class=\"wpforms-field-medium\" name=\"wpforms[fields][2]\" placeholder=\"As an industrial RFID manufacturer, we need more details about your project to expedite processing\" ><\/textarea><\/div><\/div><input type=\"hidden\" name=\"wpforms[recaptcha]\" value=\"\"><div class=\"wpforms-submit-container\"><input type=\"hidden\" name=\"wpforms[id]\" value=\"5\"><input type=\"hidden\" name=\"wpforms[author]\" value=\"1\"><button type=\"submit\" name=\"wpforms[submit]\" id=\"wpforms-submit-5\" class=\"wpforms-submit\" data-alt-text=\"Sending...\" data-submit-text=\"Send Message\" aria-live=\"assertive\" value=\"wpforms-submit\">Send Message<\/button><\/div><\/form><\/div>  <!-- .wpforms-container -->\n\n\n<p class=\"has-text-align-center\"><strong>Comparte esta p\u00e1gina<\/strong><\/p>\n\n\n\t\t<div class='wp-block-bssb-social-share align' id='bssbSocialShare-29ce7dd8-a' data-attributes='{&quot;cId&quot;:&quot;29ce7dd8-a&quot;,&quot;socials&quot;:[{&quot;networkType&quot;:&quot;socialNetworks&quot;,&quot;network&quot;:&quot;facebook&quot;,&quot;isUpIcon&quot;:false,&quot;icon&quot;:{&quot;class&quot;:&quot;fab fa-facebook-f&quot;,&quot;color&quot;:&quot;#1877f2&quot;,&quot;styles&quot;:&quot;color: #1877f2;&quot;,&quot;name&quot;:&quot;&quot;,&quot;fontSize&quot;:16,&quot;colorType&quot;:&quot;solid&quot;,&quot;gradient&quot;:&quot;linear-gradient(135deg, #4527a4, #8344c5)&quot;},&quot;upIcon&quot;:{&quot;id&quot;:null,&quot;url&quot;:&quot;&quot;,&quot;alt&quot;:&quot;&quot;,&quot;title&quot;:&quot;&quot;}},{&quot;networkType&quot;:&quot;socialNetworks&quot;,&quot;network&quot;:&quot;twitter&quot;,&quot;isUpIcon&quot;:false,&quot;icon&quot;:{&quot;class&quot;:&quot;fab fa-twitter&quot;,&quot;color&quot;:&quot;#1da1f2&quot;},&quot;upIcon&quot;:{&quot;id&quot;:null,&quot;url&quot;:&quot;&quot;,&quot;alt&quot;:&quot;&quot;,&quot;title&quot;:&quot;&quot;}},{&quot;networkType&quot;:&quot;socialNetworks&quot;,&quot;network&quot;:&quot;linkedin&quot;,&quot;isUpIcon&quot;:false,&quot;icon&quot;:{&quot;class&quot;:&quot;fab fa-linkedin-in&quot;,&quot;color&quot;:&quot;#0a66c2&quot;},&quot;upIcon&quot;:{&quot;id&quot;:null,&quot;url&quot;:&quot;&quot;,&quot;alt&quot;:&quot;&quot;,&quot;title&quot;:&quot;&quot;}},{&quot;networkType&quot;:&quot;mobileMessenger&quot;,&quot;network&quot;:&quot;whatsapp&quot;,&quot;isUpIcon&quot;:false,&quot;icon&quot;:{&quot;class&quot;:&quot;fab fa-whatsapp&quot;,&quot;color&quot;:&quot;#25d366&quot;},&quot;upIcon&quot;:{&quot;id&quot;:null,&quot;url&quot;:&quot;&quot;,&quot;alt&quot;:&quot;&quot;,&quot;title&quot;:&quot;&quot;}}],&quot;alignment&quot;:&quot;center&quot;,&quot;background&quot;:{&quot;color&quot;:&quot;#0000&quot;,&quot;type&quot;:&quot;solid&quot;,&quot;gradient&quot;:&quot;linear-gradient(135deg, #4527a4, #8344c5)&quot;,&quot;image&quot;:[],&quot;position&quot;:&quot;center center&quot;,&quot;attachment&quot;:&quot;initial&quot;,&quot;repeat&quot;:&quot;no-repeat&quot;,&quot;size&quot;:&quot;cover&quot;,&quot;overlayColor&quot;:&quot;#000000b3&quot;,&quot;styles&quot;:&quot;background-color: #0000;&quot;},&quot;border&quot;:{&quot;radius&quot;:&quot;50%&quot;,&quot;width&quot;:&quot;0px&quot;,&quot;style&quot;:&quot;solid&quot;,&quot;color&quot;:&quot;#0000&quot;,&quot;side&quot;:&quot;all&quot;,&quot;styles&quot;:&quot;border-radius: 50%;&quot;},&quot;shadow&quot;:{&quot;type&quot;:&quot;box&quot;,&quot;hOffset&quot;:&quot;0px&quot;,&quot;vOffset&quot;:&quot;0px&quot;,&quot;blur&quot;:&quot;0px&quot;,&quot;spreed&quot;:&quot;0px&quot;,&quot;color&quot;:&quot;#7090b0&quot;,&quot;isInset&quot;:false,&quot;styles&quot;:&quot;0px 0px 0px 0px #7090b0&quot;},&quot;align&quot;:&quot;&quot;,&quot;theme&quot;:&quot;default&quot;,&quot;size&quot;:&quot;28px&quot;,&quot;padding&quot;:&quot;10px&quot;,&quot;margin&quot;:&quot;10px&quot;,&quot;openPopupId&quot;:&quot;&quot;}'>\n\t\t\t<div class='bssbStyle'><\/div>\n\n\t\t\t<ul class='bssbSocialShare'>\n\t\t\t\t\n\t\t\t\t\t<li class='icon icon-0' data-social='facebook'>\n\t\t\t\t\t\t<i class='fab fa-facebook-f'><\/i>\t\t\t\t\t<\/il>\n\t\t\t\t\n\t\t\t\t\t<li class='icon icon-1' data-social='twitter'>\n\t\t\t\t\t\t<i class='fab fa-twitter'><\/i>\t\t\t\t\t<\/il>\n\t\t\t\t\n\t\t\t\t\t<li class='icon icon-2' data-social='linkedin'>\n\t\t\t\t\t\t<i class='fab fa-linkedin-in'><\/i>\t\t\t\t\t<\/il>\n\t\t\t\t\n\t\t\t\t\t<li class='icon icon-3' data-social='whatsapp'>\n\t\t\t\t\t\t<i class='fab fa-whatsapp'><\/i>\t\t\t\t\t<\/il>\n\t\t\t\t\t\t\t<\/ul>\n\t\t<\/div>\n\n\t\t","protected":false},"excerpt":{"rendered":"<p>Presentamos la innovaci\u00f3n de vanguardia de JYL-Tech: la tarjeta RFID UHF corporal. Esta revolucionaria tarjeta de pl\u00e1stico RFID UHF pasiva est\u00e1 dise\u00f1ada para redefinir la verificaci\u00f3n de la identidad personal, permitiendo un reconocimiento perfecto desde una distancia notable de 3 metros entre la tarjeta y el dispositivo de lectura. Es un punto de inflexi\u00f3n en [&hellip;]<\/p>\n","protected":false},"author":1,"featured_media":0,"parent":0,"menu_order":0,"comment_status":"closed","ping_status":"closed","template":"","meta":{"site-sidebar-layout":"default","site-content-layout":"","ast-site-content-layout":"","site-content-style":"default","site-sidebar-style":"default","ast-global-header-display":"","ast-banner-title-visibility":"","ast-main-header-display":"","ast-hfb-above-header-display":"","ast-hfb-below-header-display":"","ast-hfb-mobile-header-display":"","site-post-title":"","ast-breadcrumbs-content":"","ast-featured-img":"","footer-sml-layout":"","theme-transparent-header-meta":"","adv-header-id-meta":"","stick-header-meta":"","header-above-stick-meta":"","header-main-stick-meta":"","header-below-stick-meta":"","astra-migrate-meta-layouts":"default","ast-page-background-enabled":"default","ast-page-background-meta":{"desktop":{"background-color":"","background-image":"","background-repeat":"repeat","background-position":"center center","background-size":"auto","background-attachment":"scroll","background-type":"","background-media":"","overlay-type":"","overlay-color":"","overlay-opacity":"","overlay-gradient":""},"tablet":{"background-color":"","background-image":"","background-repeat":"repeat","background-position":"center center","background-size":"auto","background-attachment":"scroll","background-type":"","background-media":"","overlay-type":"","overlay-color":"","overlay-opacity":"","overlay-gradient":""},"mobile":{"background-color":"","background-image":"","background-repeat":"repeat","background-position":"center center","background-size":"auto","background-attachment":"scroll","background-type":"","background-media":"","overlay-type":"","overlay-color":"","overlay-opacity":"","overlay-gradient":""}},"ast-content-background-meta":{"desktop":{"background-color":"var(--ast-global-color-5)","background-image":"","background-repeat":"repeat","background-position":"center center","background-size":"auto","background-attachment":"scroll","background-type":"","background-media":"","overlay-type":"","overlay-color":"","overlay-opacity":"","overlay-gradient":""},"tablet":{"background-color":"var(--ast-global-color-5)","background-image":"","background-repeat":"repeat","background-position":"center center","background-size":"auto","background-attachment":"scroll","background-type":"","background-media":"","overlay-type":"","overlay-color":"","overlay-opacity":"","overlay-gradient":""},"mobile":{"background-color":"var(--ast-global-color-5)","background-image":"","background-repeat":"repeat","background-position":"center center","background-size":"auto","background-attachment":"scroll","background-type":"","background-media":"","overlay-type":"","overlay-color":"","overlay-opacity":"","overlay-gradient":""}},"footnotes":""},"class_list":["post-39349","page","type-page","status-publish","hentry"],"yoast_head":"<!-- This site is optimized with the Yoast SEO Premium plugin v20.13 (Yoast SEO v25.3) - https:\/\/yoast.com\/wordpress\/plugins\/seo\/ -->\n<title>Tarjeta RFID UHF para colocar en el cuerpo - JYL-Tech RFID Expert<\/title>\n<meta name=\"description\" content=\"On-Body UHF RFID Card enabling seamless recognition from a remarkable 3-meter distance between the card and the reading device.\" \/>\n<meta name=\"robots\" content=\"index, follow, max-snippet:-1, max-image-preview:large, max-video-preview:-1\" \/>\n<link rel=\"canonical\" href=\"https:\/\/www.jyl-world.com\/es\/on-body-uhf-rfid-card\/\" \/>\n<meta property=\"og:locale\" content=\"es_ES\" \/>\n<meta property=\"og:type\" content=\"article\" \/>\n<meta property=\"og:title\" content=\"Tarjeta RFID UHF para colocar en el cuerpo\" \/>\n<meta property=\"og:description\" content=\"On-Body UHF RFID Card enabling seamless recognition from a remarkable 3-meter distance between the card and the reading device.\" \/>\n<meta property=\"og:url\" content=\"https:\/\/www.jyl-world.com\/es\/on-body-uhf-rfid-card\/\" \/>\n<meta property=\"og:site_name\" content=\"JYL-Tech RFID Expert\" \/>\n<meta property=\"article:publisher\" content=\"https:\/\/www.facebook.com\/Jyl-Tech-117869034237570\" \/>\n<meta property=\"article:modified_time\" content=\"2024-08-11T02:21:35+00:00\" \/>\n<meta property=\"og:image\" content=\"https:\/\/www.jyl-world.com\/wp-content\/uploads\/2023\/12\/RFID-UHF-on-body-card.jpg\" \/>\n<meta name=\"twitter:card\" content=\"summary_large_image\" \/>\n<meta name=\"twitter:site\" content=\"@jyltech\" \/>\n<meta name=\"twitter:label1\" content=\"Tiempo de lectura\" \/>\n\t<meta name=\"twitter:data1\" content=\"3 minutos\" \/>\n<script type=\"application\/ld+json\" class=\"yoast-schema-graph\">{\"@context\":\"https:\/\/schema.org\",\"@graph\":[{\"@type\":\"WebPage\",\"@id\":\"https:\/\/www.jyl-world.com\/es\/on-body-uhf-rfid-card\/\",\"url\":\"https:\/\/www.jyl-world.com\/es\/on-body-uhf-rfid-card\/\",\"name\":\"Tarjeta RFID UHF para colocar en el cuerpo - JYL-Tech RFID Expert\",\"isPartOf\":{\"@id\":\"https:\/\/www.jyl-world.com\/#website\"},\"primaryImageOfPage\":{\"@id\":\"https:\/\/www.jyl-world.com\/es\/on-body-uhf-rfid-card\/#primaryimage\"},\"image\":{\"@id\":\"https:\/\/www.jyl-world.com\/es\/on-body-uhf-rfid-card\/#primaryimage\"},\"thumbnailUrl\":\"https:\/\/www.jyl-world.com\/wp-content\/uploads\/2023\/12\/RFID-UHF-on-body-card.jpg\",\"datePublished\":\"2023-12-22T04:07:27+00:00\",\"dateModified\":\"2024-08-11T02:21:35+00:00\",\"description\":\"On-Body UHF RFID Card enabling seamless recognition from a remarkable 3-meter distance between the card and the reading device.\",\"breadcrumb\":{\"@id\":\"https:\/\/www.jyl-world.com\/es\/on-body-uhf-rfid-card\/#breadcrumb\"},\"inLanguage\":\"es\",\"potentialAction\":[{\"@type\":\"ReadAction\",\"target\":[\"https:\/\/www.jyl-world.com\/es\/on-body-uhf-rfid-card\/\"]}]},{\"@type\":\"ImageObject\",\"inLanguage\":\"es\",\"@id\":\"https:\/\/www.jyl-world.com\/es\/on-body-uhf-rfid-card\/#primaryimage\",\"url\":\"https:\/\/www.jyl-world.com\/wp-content\/uploads\/2023\/12\/RFID-UHF-on-body-card.jpg\",\"contentUrl\":\"https:\/\/www.jyl-world.com\/wp-content\/uploads\/2023\/12\/RFID-UHF-on-body-card.jpg\"},{\"@type\":\"BreadcrumbList\",\"@id\":\"https:\/\/www.jyl-world.com\/es\/on-body-uhf-rfid-card\/#breadcrumb\",\"itemListElement\":[{\"@type\":\"ListItem\",\"position\":1,\"name\":\"\u9996\u9875\",\"item\":\"https:\/\/www.jyl-world.com\/\"},{\"@type\":\"ListItem\",\"position\":2,\"name\":\"Tarjeta RFID UHF para colocar en el cuerpo\"}]},{\"@type\":\"WebSite\",\"@id\":\"https:\/\/www.jyl-world.com\/#website\",\"url\":\"https:\/\/www.jyl-world.com\/\",\"name\":\"JYL-Tech RFID Expert\",\"description\":\"JYL-Tech RFID Fit For Each Unique Demand\",\"publisher\":{\"@id\":\"https:\/\/www.jyl-world.com\/#organization\"},\"potentialAction\":[{\"@type\":\"SearchAction\",\"target\":{\"@type\":\"EntryPoint\",\"urlTemplate\":\"https:\/\/www.jyl-world.com\/?s={search_term_string}\"},\"query-input\":{\"@type\":\"PropertyValueSpecification\",\"valueRequired\":true,\"valueName\":\"search_term_string\"}}],\"inLanguage\":\"es\"},{\"@type\":\"Organization\",\"@id\":\"https:\/\/www.jyl-world.com\/#organization\",\"name\":\"JYL-Tech RFID Expert\",\"url\":\"https:\/\/www.jyl-world.com\/\",\"logo\":{\"@type\":\"ImageObject\",\"inLanguage\":\"es\",\"@id\":\"https:\/\/www.jyl-world.com\/#\/schema\/logo\/image\/\",\"url\":\"https:\/\/www.jyl-world.com\/wp-content\/uploads\/2023\/04\/cropped-JYL-TECH-LOGO.png\",\"contentUrl\":\"https:\/\/www.jyl-world.com\/wp-content\/uploads\/2023\/04\/cropped-JYL-TECH-LOGO.png\",\"width\":1413,\"height\":344,\"caption\":\"JYL-Tech RFID Expert\"},\"image\":{\"@id\":\"https:\/\/www.jyl-world.com\/#\/schema\/logo\/image\/\"},\"sameAs\":[\"https:\/\/www.facebook.com\/Jyl-Tech-117869034237570\",\"https:\/\/x.com\/jyltech\",\"https:\/\/www.linkedin.com\/company\/jyltechnology\"]}]}<\/script>\n<!-- \/ Yoast SEO Premium plugin. -->","yoast_head_json":{"title":"Tarjeta RFID UHF para colocar en el cuerpo - JYL-Tech RFID Expert","description":"On-Body UHF RFID Card enabling seamless recognition from a remarkable 3-meter distance between the card and the reading device.","robots":{"index":"index","follow":"follow","max-snippet":"max-snippet:-1","max-image-preview":"max-image-preview:large","max-video-preview":"max-video-preview:-1"},"canonical":"https:\/\/www.jyl-world.com\/es\/on-body-uhf-rfid-card\/","og_locale":"es_ES","og_type":"article","og_title":"Tarjeta RFID UHF para colocar en el cuerpo","og_description":"On-Body UHF RFID Card enabling seamless recognition from a remarkable 3-meter distance between the card and the reading device.","og_url":"https:\/\/www.jyl-world.com\/es\/on-body-uhf-rfid-card\/","og_site_name":"JYL-Tech RFID Expert","article_publisher":"https:\/\/www.facebook.com\/Jyl-Tech-117869034237570","article_modified_time":"2024-08-11T02:21:35+00:00","og_image":[{"url":"https:\/\/www.jyl-world.com\/wp-content\/uploads\/2023\/12\/RFID-UHF-on-body-card.jpg","type":"","width":"","height":""}],"twitter_card":"summary_large_image","twitter_site":"@jyltech","twitter_misc":{"Tiempo de lectura":"3 minutos"},"schema":{"@context":"https:\/\/schema.org","@graph":[{"@type":"WebPage","@id":"https:\/\/www.jyl-world.com\/es\/on-body-uhf-rfid-card\/","url":"https:\/\/www.jyl-world.com\/es\/on-body-uhf-rfid-card\/","name":"Tarjeta RFID UHF para colocar en el cuerpo - JYL-Tech RFID Expert","isPartOf":{"@id":"https:\/\/www.jyl-world.com\/#website"},"primaryImageOfPage":{"@id":"https:\/\/www.jyl-world.com\/es\/on-body-uhf-rfid-card\/#primaryimage"},"image":{"@id":"https:\/\/www.jyl-world.com\/es\/on-body-uhf-rfid-card\/#primaryimage"},"thumbnailUrl":"https:\/\/www.jyl-world.com\/wp-content\/uploads\/2023\/12\/RFID-UHF-on-body-card.jpg","datePublished":"2023-12-22T04:07:27+00:00","dateModified":"2024-08-11T02:21:35+00:00","description":"On-Body UHF RFID Card enabling seamless recognition from a remarkable 3-meter distance between the card and the reading device.","breadcrumb":{"@id":"https:\/\/www.jyl-world.com\/es\/on-body-uhf-rfid-card\/#breadcrumb"},"inLanguage":"es","potentialAction":[{"@type":"ReadAction","target":["https:\/\/www.jyl-world.com\/es\/on-body-uhf-rfid-card\/"]}]},{"@type":"ImageObject","inLanguage":"es","@id":"https:\/\/www.jyl-world.com\/es\/on-body-uhf-rfid-card\/#primaryimage","url":"https:\/\/www.jyl-world.com\/wp-content\/uploads\/2023\/12\/RFID-UHF-on-body-card.jpg","contentUrl":"https:\/\/www.jyl-world.com\/wp-content\/uploads\/2023\/12\/RFID-UHF-on-body-card.jpg"},{"@type":"BreadcrumbList","@id":"https:\/\/www.jyl-world.com\/es\/on-body-uhf-rfid-card\/#breadcrumb","itemListElement":[{"@type":"ListItem","position":1,"name":"\u9996\u9875","item":"https:\/\/www.jyl-world.com\/"},{"@type":"ListItem","position":2,"name":"Tarjeta RFID UHF para colocar en el cuerpo"}]},{"@type":"WebSite","@id":"https:\/\/www.jyl-world.com\/#website","url":"https:\/\/www.jyl-world.com\/","name":"JYL-Tech RFID Expert","description":"JYL-Tech RFID Fit For Each Unique Demand","publisher":{"@id":"https:\/\/www.jyl-world.com\/#organization"},"potentialAction":[{"@type":"SearchAction","target":{"@type":"EntryPoint","urlTemplate":"https:\/\/www.jyl-world.com\/?s={search_term_string}"},"query-input":{"@type":"PropertyValueSpecification","valueRequired":true,"valueName":"search_term_string"}}],"inLanguage":"es"},{"@type":"Organization","@id":"https:\/\/www.jyl-world.com\/#organization","name":"JYL-Tech RFID Expert","url":"https:\/\/www.jyl-world.com\/","logo":{"@type":"ImageObject","inLanguage":"es","@id":"https:\/\/www.jyl-world.com\/#\/schema\/logo\/image\/","url":"https:\/\/www.jyl-world.com\/wp-content\/uploads\/2023\/04\/cropped-JYL-TECH-LOGO.png","contentUrl":"https:\/\/www.jyl-world.com\/wp-content\/uploads\/2023\/04\/cropped-JYL-TECH-LOGO.png","width":1413,"height":344,"caption":"JYL-Tech RFID Expert"},"image":{"@id":"https:\/\/www.jyl-world.com\/#\/schema\/logo\/image\/"},"sameAs":["https:\/\/www.facebook.com\/Jyl-Tech-117869034237570","https:\/\/x.com\/jyltech","https:\/\/www.linkedin.com\/company\/jyltechnology"]}]}},"uagb_featured_image_src":{"full":false,"thumbnail":false,"medium":false,"medium_large":false,"large":false,"1536x1536":false,"2048x2048":false},"uagb_author_info":{"display_name":"JYL-Tech","author_link":"https:\/\/www.jyl-world.com\/es\/author\/jwxyz\/"},"uagb_comment_info":0,"uagb_excerpt":"Presentamos la innovaci\u00f3n de vanguardia de JYL-Tech: la tarjeta RFID UHF corporal. Esta revolucionaria tarjeta de pl\u00e1stico RFID UHF pasiva est\u00e1 dise\u00f1ada para redefinir la verificaci\u00f3n de la identidad personal, permitiendo un reconocimiento perfecto desde una distancia notable de 3 metros entre la tarjeta y el dispositivo de lectura. Es un punto de inflexi\u00f3n en&hellip;","_links":{"self":[{"href":"https:\/\/www.jyl-world.com\/es\/wp-json\/wp\/v2\/pages\/39349"}],"collection":[{"href":"https:\/\/www.jyl-world.com\/es\/wp-json\/wp\/v2\/pages"}],"about":[{"href":"https:\/\/www.jyl-world.com\/es\/wp-json\/wp\/v2\/types\/page"}],"author":[{"embeddable":true,"href":"https:\/\/www.jyl-world.com\/es\/wp-json\/wp\/v2\/users\/1"}],"replies":[{"embeddable":true,"href":"https:\/\/www.jyl-world.com\/es\/wp-json\/wp\/v2\/comments?post=39349"}],"version-history":[{"count":2,"href":"https:\/\/www.jyl-world.com\/es\/wp-json\/wp\/v2\/pages\/39349\/revisions"}],"predecessor-version":[{"id":40768,"href":"https:\/\/www.jyl-world.com\/es\/wp-json\/wp\/v2\/pages\/39349\/revisions\/40768"}],"wp:attachment":[{"href":"https:\/\/www.jyl-world.com\/es\/wp-json\/wp\/v2\/media?parent=39349"}],"curies":[{"name":"wp","href":"https:\/\/api.w.org\/{rel}","templated":true}]}}