{"id":39342,"date":"2023-12-22T04:07:27","date_gmt":"2023-12-22T04:07:27","guid":{"rendered":"https:\/\/www.jyl-world.com\/on-body-uhf-rfid-card\/"},"modified":"2024-08-11T08:21:57","modified_gmt":"2024-08-11T08:21:57","slug":"on-body-uhf-rfid-card","status":"publish","type":"page","link":"https:\/\/www.jyl-world.com\/fr\/on-body-uhf-rfid-card\/","title":{"rendered":"Carte RFID UHF"},"content":{"rendered":"\n<div class=\"wp-block-columns is-layout-flex wp-container-core-columns-is-layout-1 wp-block-columns-is-layout-flex\">\n<div class=\"wp-block-column is-layout-flow wp-block-column-is-layout-flow\" style=\"flex-basis:33.33%\">\n<figure class=\"wp-block-image size-full is-resized\"><img loading=\"lazy\" decoding=\"async\" src=\"https:\/\/www.jyl-world.com\/wp-content\/uploads\/2023\/12\/RFID-UHF-on-body-card.jpg\" alt=\"\" class=\"wp-image-31989\" width=\"392\" height=\"392\" srcset=\"https:\/\/www.jyl-world.com\/wp-content\/uploads\/2023\/12\/RFID-UHF-on-body-card.jpg 600w, https:\/\/www.jyl-world.com\/wp-content\/uploads\/2023\/12\/RFID-UHF-on-body-card-250x250.jpg 250w, https:\/\/www.jyl-world.com\/wp-content\/uploads\/2023\/12\/RFID-UHF-on-body-card-150x150.jpg 150w\" sizes=\"(max-width: 392px) 100vw, 392px\" \/><\/figure>\n<\/div>\n\n\n\n<div class=\"wp-block-column is-layout-flow wp-block-column-is-layout-flow\" style=\"flex-basis:66.66%\">\n<div style=\"height:10px\" aria-hidden=\"true\" class=\"wp-block-spacer\"><\/div>\n\n\n\n<p>Pr\u00e9sentation de l&rsquo;innovation de pointe de JYL-Tech : la carte RFID UHF On-Body. Cette carte plastique RFID UHF passive r\u00e9volutionnaire est con\u00e7ue pour red\u00e9finir la v\u00e9rification de l&rsquo;identit\u00e9 personnelle, permettant une reconnaissance transparente \u00e0 partir d&rsquo;une distance remarquable de 3 m\u00e8tres entre la carte et le dispositif de lecture. Elle change la donne en mati\u00e8re de contr\u00f4le d&rsquo;acc\u00e8s et d&rsquo;identification, offrant une commodit\u00e9 et une efficacit\u00e9 sans pr\u00e9c\u00e9dent.<\/p>\n<\/div>\n<\/div>\n\n\n\n<p><\/p>\n\n\n\n<p>Ce qui distingue cette carte RFID UHF, c&rsquo;est sa structure ing\u00e9nieuse auto-con\u00e7ue. Elle est m\u00e9ticuleusement con\u00e7ue pour maintenir des performances exceptionnelles m\u00eame en contact direct avec le corps humain. Dites adieu aux obstacles d&rsquo;interf\u00e9rence couramment rencontr\u00e9s avec la technologie RFID \u00e0 proximit\u00e9 imm\u00e9diate du corps. Notre carte RFID UHF triomphe de ces d\u00e9fis, garantissant des performances constantes et fiables.<\/p>\n\n\n\n<p>La beaut\u00e9 de cette innovation r\u00e9side dans sa polyvalence. D\u00e9couvrez la libert\u00e9 de lecture omnidirectionnelle, permettant une identification et des laissez-passer d&rsquo;acc\u00e8s sans effort sous diff\u00e9rents angles. Que ce soit pour la gestion des foules \u00e0 grande \u00e9chelle ou le contr\u00f4le d&rsquo;acc\u00e8s individuel, notre carte RFID UHF excelle dans la fourniture de r\u00e9sultats rapides et pr\u00e9cis.<\/p>\n\n\n\n<p>Imaginez un acc\u00e8s sans effort \u00e0 des lieux, \u00e9v\u00e9nements ou installations s\u00e9curis\u00e9s sans les tracas de l&rsquo;interaction physique. Avec sa port\u00e9e de distance exceptionnelle et sa conception robuste, cette carte RFID UHF On-Body est votre passerelle vers une nouvelle \u00e8re de gestion simplifi\u00e9e de l&rsquo;identification et de l&rsquo;acc\u00e8s.<\/p>\n\n\n\n<p>Dans un monde o\u00f9 l&rsquo;efficacit\u00e9 et la fiabilit\u00e9 comptent le plus, notre carte RFID UHF On-Body est un phare d&rsquo;innovation, offrant une solution transparente pour divers besoins d&rsquo;identification. Adoptez l&rsquo;avenir de la technologie d&rsquo;identification avec une carte qui red\u00e9finit la commodit\u00e9, la fiabilit\u00e9 et les performances. D\u00e9couvrez la diff\u00e9rence d\u00e8s aujourd&rsquo;hui.<\/p>\n\n\n\n<p>Options CI :<br>IMPINJ Monza 4QT\/4E<\/p>\n\n\n\n<h5 class=\"wp-block-heading\" id=\"h-prise-en-charge-de-la-personnalisation\">Prise en charge de la personnalisation\u00a0:<\/h5>\n\n\n\n<ul class=\"wp-block-list\">\n<li>Impression offset avec couleurs CMJN ou Pantone<\/li>\n\n\n\n<li>Impression s\u00e9rigraphique avec effet m\u00e9tallis\u00e9 ou argent\u00e9<\/li>\n\n\n\n<li>Bande magn\u00e9tique \u2013 HiCo2750, HiCo4000 ou LoCo300<\/li>\n\n\n\n<li>Impression du num\u00e9ro de s\u00e9rie ou du num\u00e9ro UID<\/li>\n\n\n\n<li>Panneau de signature<\/li>\n\n\n\n<li>Impression de codes-barres<\/li>\n\n\n\n<li>Encodage de puces<\/li>\n\n\n\n<li>Impression UV<\/li>\n<\/ul>\n\n\n\n<p>Veuillez contacter JYL-Tech pour personnaliser la carte RFID UHF sur le corps afin de r\u00e9pondre \u00e0 vos exigences uniques en mati\u00e8re de type de puce, de taille, de programmation et de mat\u00e9riaux pour l&rsquo;identification des personnes.<\/p>\n\n\n\n<div style=\"height:45px\" aria-hidden=\"true\" class=\"wp-block-spacer\"><\/div>\n\n\n\n<p><strong><mark style=\"background-color:rgba(0, 0, 0, 0)\" class=\"has-inline-color has-ast-global-color-0-color\">Fiche technique de la carte RFID UHF<\/mark><\/strong><\/p>\n\n\n\n<figure class=\"wp-block-image size-full\"><a href=\"https:\/\/www.jyl-world.com\/wp-content\/uploads\/2023\/12\/RAIN-RFID-UHF-on-body-card-datasheet-.pdf\"><img loading=\"lazy\" decoding=\"async\" width=\"110\" height=\"137\" src=\"https:\/\/www.jyl-world.com\/wp-content\/uploads\/2023\/06\/PDF-JYLTech.jpg\" alt=\"\" class=\"wp-image-31504\"\/><\/a><\/figure>\n\n\n\n<div style=\"height:45px\" aria-hidden=\"true\" class=\"wp-block-spacer\"><\/div>\n\n\n\n<h2 class=\"wp-block-heading\" id=\"h-formulaire-de-contact\">Formulaire de contact<\/h2>\n\n\n\n<h5 class=\"wp-block-heading\" id=\"h-nous-pouvons-vous-aider\">Nous pouvons vous aider ?<\/h5>\n\n\n\n<p>Trouvez le produit ou la solution RFID qui r\u00e9pond aux besoins de votre entreprise. Demandez-nous de vous aider \u00e0 prendre la bonne d\u00e9cision.<\/p>\n\n\n<div class=\"wpforms-container \" id=\"wpforms-5\"><form id=\"wpforms-form-5\" class=\"wpforms-validate wpforms-form\" data-formid=\"5\" method=\"post\" enctype=\"multipart\/form-data\" action=\"\/fr\/wp-json\/wp\/v2\/pages\/39342\" data-token=\"d449ad1d6734126617a7f3ce06c33a4a\"><noscript class=\"wpforms-error-noscript\">Veuillez activer JavaScript dans votre navigateur pour remplir ce formulaire.<\/noscript><div class=\"wpforms-field-container\"><div id=\"wpforms-5-field_3-container\" class=\"wpforms-field wpforms-field-text\" data-field-id=\"3\"><label class=\"wpforms-field-label wpforms-label-hide\" for=\"wpforms-5-field_3\">Name <span class=\"wpforms-required-label\">*<\/span><\/label><input type=\"text\" id=\"wpforms-5-field_3\" class=\"wpforms-field-large wpforms-field-required\" name=\"wpforms[fields][3]\" placeholder=\"Name *\" required><\/div><div id=\"wpforms-5-field_9-container\" class=\"wpforms-field wpforms-field-text\" data-field-id=\"9\"><label class=\"wpforms-field-label wpforms-label-hide\" for=\"wpforms-5-field_9\">Company  <span class=\"wpforms-required-label\">*<\/span><\/label><input type=\"text\" id=\"wpforms-5-field_9\" class=\"wpforms-field-large wpforms-field-required\" name=\"wpforms[fields][9]\" placeholder=\"Company *\" required><\/div><div id=\"wpforms-5-field_1-container\" class=\"wpforms-field wpforms-field-email\" data-field-id=\"1\"><label class=\"wpforms-field-label wpforms-label-hide\" for=\"wpforms-5-field_1\">Email <span class=\"wpforms-required-label\">*<\/span><\/label><input type=\"email\" id=\"wpforms-5-field_1\" class=\"wpforms-field-large wpforms-field-required\" name=\"wpforms[fields][1]\" placeholder=\"Email *\" required><\/div><div id=\"wpforms-5-field_8-container\" class=\"wpforms-field wpforms-field-text\" data-field-id=\"8\"><label class=\"wpforms-field-label wpforms-label-hide\" for=\"wpforms-5-field_8\">Phone \/ Skype \/ Whatsapp <span class=\"wpforms-required-label\">*<\/span><\/label><input type=\"text\" id=\"wpforms-5-field_8\" class=\"wpforms-field-large wpforms-field-required\" name=\"wpforms[fields][8]\" placeholder=\"Phone \/ Skype \/ Whatsapp *\" required><\/div><div id=\"wpforms-5-field_10-container\" class=\"wpforms-field wpforms-field-text\" data-field-id=\"10\"><label class=\"wpforms-field-label wpforms-label-hide\" for=\"wpforms-5-field_10\">Business Type<\/label><input type=\"text\" id=\"wpforms-5-field_10\" class=\"wpforms-field-large\" name=\"wpforms[fields][10]\" placeholder=\"Business Type\" ><\/div><div id=\"wpforms-5-field_14-container\" class=\"wpforms-field wpforms-field-text\" data-field-id=\"14\"><label class=\"wpforms-field-label wpforms-label-hide\" for=\"wpforms-5-field_14\">Country<\/label><input type=\"text\" id=\"wpforms-5-field_14\" class=\"wpforms-field-large\" name=\"wpforms[fields][14]\" placeholder=\"Country\" ><\/div><div id=\"wpforms-5-field_2-container\" class=\"wpforms-field wpforms-field-textarea\" data-field-id=\"2\"><label class=\"wpforms-field-label wpforms-label-hide\" for=\"wpforms-5-field_2\">Inquiry \/ Message<\/label><textarea id=\"wpforms-5-field_2\" class=\"wpforms-field-medium\" name=\"wpforms[fields][2]\" placeholder=\"As an industrial RFID manufacturer, we need more details about your project to expedite processing\" ><\/textarea><\/div><\/div><input type=\"hidden\" name=\"wpforms[recaptcha]\" value=\"\"><div class=\"wpforms-submit-container\"><input type=\"hidden\" name=\"wpforms[id]\" value=\"5\"><input type=\"hidden\" name=\"wpforms[author]\" value=\"1\"><button type=\"submit\" name=\"wpforms[submit]\" id=\"wpforms-submit-5\" class=\"wpforms-submit\" data-alt-text=\"Sending...\" data-submit-text=\"Send Message\" aria-live=\"assertive\" value=\"wpforms-submit\">Send Message<\/button><\/div><\/form><\/div>  <!-- .wpforms-container -->\n\n\n<p class=\"has-text-align-center\"><strong>Partager cette page<\/strong><\/p>\n\n\n\t\t<div class='wp-block-bssb-social-share align' id='bssbSocialShare-b60984ca-b' data-attributes='{&quot;cId&quot;:&quot;b60984ca-b&quot;,&quot;socials&quot;:[{&quot;networkType&quot;:&quot;socialNetworks&quot;,&quot;network&quot;:&quot;facebook&quot;,&quot;isUpIcon&quot;:false,&quot;icon&quot;:{&quot;class&quot;:&quot;fab fa-facebook-f&quot;,&quot;color&quot;:&quot;#1877f2&quot;,&quot;styles&quot;:&quot;color: #1877f2;&quot;,&quot;name&quot;:&quot;&quot;,&quot;fontSize&quot;:16,&quot;colorType&quot;:&quot;solid&quot;,&quot;gradient&quot;:&quot;linear-gradient(135deg, #4527a4, #8344c5)&quot;},&quot;upIcon&quot;:{&quot;id&quot;:null,&quot;url&quot;:&quot;&quot;,&quot;alt&quot;:&quot;&quot;,&quot;title&quot;:&quot;&quot;}},{&quot;networkType&quot;:&quot;socialNetworks&quot;,&quot;network&quot;:&quot;twitter&quot;,&quot;isUpIcon&quot;:false,&quot;icon&quot;:{&quot;class&quot;:&quot;fab fa-twitter&quot;,&quot;color&quot;:&quot;#1da1f2&quot;},&quot;upIcon&quot;:{&quot;id&quot;:null,&quot;url&quot;:&quot;&quot;,&quot;alt&quot;:&quot;&quot;,&quot;title&quot;:&quot;&quot;}},{&quot;networkType&quot;:&quot;socialNetworks&quot;,&quot;network&quot;:&quot;linkedin&quot;,&quot;isUpIcon&quot;:false,&quot;icon&quot;:{&quot;class&quot;:&quot;fab fa-linkedin-in&quot;,&quot;color&quot;:&quot;#0a66c2&quot;},&quot;upIcon&quot;:{&quot;id&quot;:null,&quot;url&quot;:&quot;&quot;,&quot;alt&quot;:&quot;&quot;,&quot;title&quot;:&quot;&quot;}},{&quot;networkType&quot;:&quot;mobileMessenger&quot;,&quot;network&quot;:&quot;whatsapp&quot;,&quot;isUpIcon&quot;:false,&quot;icon&quot;:{&quot;class&quot;:&quot;fab fa-whatsapp&quot;,&quot;color&quot;:&quot;#25d366&quot;},&quot;upIcon&quot;:{&quot;id&quot;:null,&quot;url&quot;:&quot;&quot;,&quot;alt&quot;:&quot;&quot;,&quot;title&quot;:&quot;&quot;}}],&quot;alignment&quot;:&quot;center&quot;,&quot;background&quot;:{&quot;color&quot;:&quot;#0000&quot;,&quot;type&quot;:&quot;solid&quot;,&quot;gradient&quot;:&quot;linear-gradient(135deg, #4527a4, #8344c5)&quot;,&quot;image&quot;:[],&quot;position&quot;:&quot;center center&quot;,&quot;attachment&quot;:&quot;initial&quot;,&quot;repeat&quot;:&quot;no-repeat&quot;,&quot;size&quot;:&quot;cover&quot;,&quot;overlayColor&quot;:&quot;#000000b3&quot;,&quot;styles&quot;:&quot;background-color: #0000;&quot;},&quot;border&quot;:{&quot;radius&quot;:&quot;50%&quot;,&quot;width&quot;:&quot;0px&quot;,&quot;style&quot;:&quot;solid&quot;,&quot;color&quot;:&quot;#0000&quot;,&quot;side&quot;:&quot;all&quot;,&quot;styles&quot;:&quot;border-radius: 50%;&quot;},&quot;shadow&quot;:{&quot;type&quot;:&quot;box&quot;,&quot;hOffset&quot;:&quot;0px&quot;,&quot;vOffset&quot;:&quot;0px&quot;,&quot;blur&quot;:&quot;0px&quot;,&quot;spreed&quot;:&quot;0px&quot;,&quot;color&quot;:&quot;#7090b0&quot;,&quot;isInset&quot;:false,&quot;styles&quot;:&quot;0px 0px 0px 0px #7090b0&quot;},&quot;align&quot;:&quot;&quot;,&quot;theme&quot;:&quot;default&quot;,&quot;size&quot;:&quot;28px&quot;,&quot;padding&quot;:&quot;10px&quot;,&quot;margin&quot;:&quot;10px&quot;,&quot;openPopupId&quot;:&quot;&quot;}'>\n\t\t\t<div class='bssbStyle'><\/div>\n\n\t\t\t<ul class='bssbSocialShare'>\n\t\t\t\t\n\t\t\t\t\t<li class='icon icon-0' data-social='facebook'>\n\t\t\t\t\t\t<i class='fab fa-facebook-f'><\/i>\t\t\t\t\t<\/il>\n\t\t\t\t\n\t\t\t\t\t<li class='icon icon-1' data-social='twitter'>\n\t\t\t\t\t\t<i class='fab fa-twitter'><\/i>\t\t\t\t\t<\/il>\n\t\t\t\t\n\t\t\t\t\t<li class='icon icon-2' data-social='linkedin'>\n\t\t\t\t\t\t<i class='fab fa-linkedin-in'><\/i>\t\t\t\t\t<\/il>\n\t\t\t\t\n\t\t\t\t\t<li class='icon icon-3' data-social='whatsapp'>\n\t\t\t\t\t\t<i class='fab fa-whatsapp'><\/i>\t\t\t\t\t<\/il>\n\t\t\t\t\t\t\t<\/ul>\n\t\t<\/div>\n\n\t\t","protected":false},"excerpt":{"rendered":"<p>Pr\u00e9sentation de l&rsquo;innovation de pointe de JYL-Tech : la carte RFID UHF On-Body. Cette carte plastique RFID UHF passive r\u00e9volutionnaire est con\u00e7ue pour red\u00e9finir la v\u00e9rification de l&rsquo;identit\u00e9 personnelle, permettant une reconnaissance transparente \u00e0 partir d&rsquo;une distance remarquable de 3 m\u00e8tres entre la carte et le dispositif de lecture. Elle change la donne en mati\u00e8re [&hellip;]<\/p>\n","protected":false},"author":1,"featured_media":0,"parent":0,"menu_order":0,"comment_status":"closed","ping_status":"closed","template":"","meta":{"site-sidebar-layout":"default","site-content-layout":"","ast-site-content-layout":"","site-content-style":"default","site-sidebar-style":"default","ast-global-header-display":"","ast-banner-title-visibility":"","ast-main-header-display":"","ast-hfb-above-header-display":"","ast-hfb-below-header-display":"","ast-hfb-mobile-header-display":"","site-post-title":"","ast-breadcrumbs-content":"","ast-featured-img":"","footer-sml-layout":"","theme-transparent-header-meta":"","adv-header-id-meta":"","stick-header-meta":"","header-above-stick-meta":"","header-main-stick-meta":"","header-below-stick-meta":"","astra-migrate-meta-layouts":"default","ast-page-background-enabled":"default","ast-page-background-meta":{"desktop":{"background-color":"","background-image":"","background-repeat":"repeat","background-position":"center center","background-size":"auto","background-attachment":"scroll","background-type":"","background-media":"","overlay-type":"","overlay-color":"","overlay-opacity":"","overlay-gradient":""},"tablet":{"background-color":"","background-image":"","background-repeat":"repeat","background-position":"center center","background-size":"auto","background-attachment":"scroll","background-type":"","background-media":"","overlay-type":"","overlay-color":"","overlay-opacity":"","overlay-gradient":""},"mobile":{"background-color":"","background-image":"","background-repeat":"repeat","background-position":"center center","background-size":"auto","background-attachment":"scroll","background-type":"","background-media":"","overlay-type":"","overlay-color":"","overlay-opacity":"","overlay-gradient":""}},"ast-content-background-meta":{"desktop":{"background-color":"var(--ast-global-color-5)","background-image":"","background-repeat":"repeat","background-position":"center center","background-size":"auto","background-attachment":"scroll","background-type":"","background-media":"","overlay-type":"","overlay-color":"","overlay-opacity":"","overlay-gradient":""},"tablet":{"background-color":"var(--ast-global-color-5)","background-image":"","background-repeat":"repeat","background-position":"center center","background-size":"auto","background-attachment":"scroll","background-type":"","background-media":"","overlay-type":"","overlay-color":"","overlay-opacity":"","overlay-gradient":""},"mobile":{"background-color":"var(--ast-global-color-5)","background-image":"","background-repeat":"repeat","background-position":"center center","background-size":"auto","background-attachment":"scroll","background-type":"","background-media":"","overlay-type":"","overlay-color":"","overlay-opacity":"","overlay-gradient":""}},"footnotes":""},"class_list":["post-39342","page","type-page","status-publish","hentry"],"yoast_head":"<!-- This site is optimized with the Yoast SEO Premium plugin v20.13 (Yoast SEO v25.3) - https:\/\/yoast.com\/wordpress\/plugins\/seo\/ -->\n<title>Carte RFID UHF - JYL-Tech RFID Expert<\/title>\n<meta name=\"description\" content=\"On-Body UHF RFID Card enabling seamless recognition from a remarkable 3-meter distance between the card and the reading device.\" \/>\n<meta name=\"robots\" content=\"index, follow, max-snippet:-1, max-image-preview:large, max-video-preview:-1\" \/>\n<link rel=\"canonical\" href=\"https:\/\/www.jyl-world.com\/fr\/on-body-uhf-rfid-card\/\" \/>\n<meta property=\"og:locale\" content=\"fr_FR\" \/>\n<meta property=\"og:type\" content=\"article\" \/>\n<meta property=\"og:title\" content=\"Carte RFID UHF\" \/>\n<meta property=\"og:description\" content=\"On-Body UHF RFID Card enabling seamless recognition from a remarkable 3-meter distance between the card and the reading device.\" \/>\n<meta property=\"og:url\" content=\"https:\/\/www.jyl-world.com\/fr\/on-body-uhf-rfid-card\/\" \/>\n<meta property=\"og:site_name\" content=\"JYL-Tech RFID Expert\" \/>\n<meta property=\"article:publisher\" content=\"https:\/\/www.facebook.com\/Jyl-Tech-117869034237570\" \/>\n<meta property=\"article:modified_time\" content=\"2024-08-11T08:21:57+00:00\" \/>\n<meta property=\"og:image\" content=\"https:\/\/www.jyl-world.com\/wp-content\/uploads\/2023\/12\/RFID-UHF-on-body-card.jpg\" \/>\n<meta name=\"twitter:card\" content=\"summary_large_image\" \/>\n<meta name=\"twitter:site\" content=\"@jyltech\" \/>\n<meta name=\"twitter:label1\" content=\"Dur\u00e9e de lecture estim\u00e9e\" \/>\n\t<meta name=\"twitter:data1\" content=\"3 minutes\" \/>\n<script type=\"application\/ld+json\" class=\"yoast-schema-graph\">{\"@context\":\"https:\/\/schema.org\",\"@graph\":[{\"@type\":\"WebPage\",\"@id\":\"https:\/\/www.jyl-world.com\/fr\/on-body-uhf-rfid-card\/\",\"url\":\"https:\/\/www.jyl-world.com\/fr\/on-body-uhf-rfid-card\/\",\"name\":\"Carte RFID UHF - JYL-Tech RFID Expert\",\"isPartOf\":{\"@id\":\"https:\/\/www.jyl-world.com\/#website\"},\"primaryImageOfPage\":{\"@id\":\"https:\/\/www.jyl-world.com\/fr\/on-body-uhf-rfid-card\/#primaryimage\"},\"image\":{\"@id\":\"https:\/\/www.jyl-world.com\/fr\/on-body-uhf-rfid-card\/#primaryimage\"},\"thumbnailUrl\":\"https:\/\/www.jyl-world.com\/wp-content\/uploads\/2023\/12\/RFID-UHF-on-body-card.jpg\",\"datePublished\":\"2023-12-22T04:07:27+00:00\",\"dateModified\":\"2024-08-11T08:21:57+00:00\",\"description\":\"On-Body UHF RFID Card enabling seamless recognition from a remarkable 3-meter distance between the card and the reading device.\",\"breadcrumb\":{\"@id\":\"https:\/\/www.jyl-world.com\/fr\/on-body-uhf-rfid-card\/#breadcrumb\"},\"inLanguage\":\"fr-FR\",\"potentialAction\":[{\"@type\":\"ReadAction\",\"target\":[\"https:\/\/www.jyl-world.com\/fr\/on-body-uhf-rfid-card\/\"]}]},{\"@type\":\"ImageObject\",\"inLanguage\":\"fr-FR\",\"@id\":\"https:\/\/www.jyl-world.com\/fr\/on-body-uhf-rfid-card\/#primaryimage\",\"url\":\"https:\/\/www.jyl-world.com\/wp-content\/uploads\/2023\/12\/RFID-UHF-on-body-card.jpg\",\"contentUrl\":\"https:\/\/www.jyl-world.com\/wp-content\/uploads\/2023\/12\/RFID-UHF-on-body-card.jpg\"},{\"@type\":\"BreadcrumbList\",\"@id\":\"https:\/\/www.jyl-world.com\/fr\/on-body-uhf-rfid-card\/#breadcrumb\",\"itemListElement\":[{\"@type\":\"ListItem\",\"position\":1,\"name\":\"\u9996\u9875\",\"item\":\"https:\/\/www.jyl-world.com\/\"},{\"@type\":\"ListItem\",\"position\":2,\"name\":\"Carte RFID UHF\"}]},{\"@type\":\"WebSite\",\"@id\":\"https:\/\/www.jyl-world.com\/#website\",\"url\":\"https:\/\/www.jyl-world.com\/\",\"name\":\"JYL-Tech RFID Expert\",\"description\":\"JYL-Tech RFID Fit For Each Unique Demand\",\"publisher\":{\"@id\":\"https:\/\/www.jyl-world.com\/#organization\"},\"potentialAction\":[{\"@type\":\"SearchAction\",\"target\":{\"@type\":\"EntryPoint\",\"urlTemplate\":\"https:\/\/www.jyl-world.com\/?s={search_term_string}\"},\"query-input\":{\"@type\":\"PropertyValueSpecification\",\"valueRequired\":true,\"valueName\":\"search_term_string\"}}],\"inLanguage\":\"fr-FR\"},{\"@type\":\"Organization\",\"@id\":\"https:\/\/www.jyl-world.com\/#organization\",\"name\":\"JYL-Tech RFID Expert\",\"url\":\"https:\/\/www.jyl-world.com\/\",\"logo\":{\"@type\":\"ImageObject\",\"inLanguage\":\"fr-FR\",\"@id\":\"https:\/\/www.jyl-world.com\/#\/schema\/logo\/image\/\",\"url\":\"https:\/\/www.jyl-world.com\/wp-content\/uploads\/2023\/04\/cropped-JYL-TECH-LOGO.png\",\"contentUrl\":\"https:\/\/www.jyl-world.com\/wp-content\/uploads\/2023\/04\/cropped-JYL-TECH-LOGO.png\",\"width\":1413,\"height\":344,\"caption\":\"JYL-Tech RFID Expert\"},\"image\":{\"@id\":\"https:\/\/www.jyl-world.com\/#\/schema\/logo\/image\/\"},\"sameAs\":[\"https:\/\/www.facebook.com\/Jyl-Tech-117869034237570\",\"https:\/\/x.com\/jyltech\",\"https:\/\/www.linkedin.com\/company\/jyltechnology\"]}]}<\/script>\n<!-- \/ Yoast SEO Premium plugin. -->","yoast_head_json":{"title":"Carte RFID UHF - JYL-Tech RFID Expert","description":"On-Body UHF RFID Card enabling seamless recognition from a remarkable 3-meter distance between the card and the reading device.","robots":{"index":"index","follow":"follow","max-snippet":"max-snippet:-1","max-image-preview":"max-image-preview:large","max-video-preview":"max-video-preview:-1"},"canonical":"https:\/\/www.jyl-world.com\/fr\/on-body-uhf-rfid-card\/","og_locale":"fr_FR","og_type":"article","og_title":"Carte RFID UHF","og_description":"On-Body UHF RFID Card enabling seamless recognition from a remarkable 3-meter distance between the card and the reading device.","og_url":"https:\/\/www.jyl-world.com\/fr\/on-body-uhf-rfid-card\/","og_site_name":"JYL-Tech RFID Expert","article_publisher":"https:\/\/www.facebook.com\/Jyl-Tech-117869034237570","article_modified_time":"2024-08-11T08:21:57+00:00","og_image":[{"url":"https:\/\/www.jyl-world.com\/wp-content\/uploads\/2023\/12\/RFID-UHF-on-body-card.jpg","type":"","width":"","height":""}],"twitter_card":"summary_large_image","twitter_site":"@jyltech","twitter_misc":{"Dur\u00e9e de lecture estim\u00e9e":"3 minutes"},"schema":{"@context":"https:\/\/schema.org","@graph":[{"@type":"WebPage","@id":"https:\/\/www.jyl-world.com\/fr\/on-body-uhf-rfid-card\/","url":"https:\/\/www.jyl-world.com\/fr\/on-body-uhf-rfid-card\/","name":"Carte RFID UHF - JYL-Tech RFID Expert","isPartOf":{"@id":"https:\/\/www.jyl-world.com\/#website"},"primaryImageOfPage":{"@id":"https:\/\/www.jyl-world.com\/fr\/on-body-uhf-rfid-card\/#primaryimage"},"image":{"@id":"https:\/\/www.jyl-world.com\/fr\/on-body-uhf-rfid-card\/#primaryimage"},"thumbnailUrl":"https:\/\/www.jyl-world.com\/wp-content\/uploads\/2023\/12\/RFID-UHF-on-body-card.jpg","datePublished":"2023-12-22T04:07:27+00:00","dateModified":"2024-08-11T08:21:57+00:00","description":"On-Body UHF RFID Card enabling seamless recognition from a remarkable 3-meter distance between the card and the reading device.","breadcrumb":{"@id":"https:\/\/www.jyl-world.com\/fr\/on-body-uhf-rfid-card\/#breadcrumb"},"inLanguage":"fr-FR","potentialAction":[{"@type":"ReadAction","target":["https:\/\/www.jyl-world.com\/fr\/on-body-uhf-rfid-card\/"]}]},{"@type":"ImageObject","inLanguage":"fr-FR","@id":"https:\/\/www.jyl-world.com\/fr\/on-body-uhf-rfid-card\/#primaryimage","url":"https:\/\/www.jyl-world.com\/wp-content\/uploads\/2023\/12\/RFID-UHF-on-body-card.jpg","contentUrl":"https:\/\/www.jyl-world.com\/wp-content\/uploads\/2023\/12\/RFID-UHF-on-body-card.jpg"},{"@type":"BreadcrumbList","@id":"https:\/\/www.jyl-world.com\/fr\/on-body-uhf-rfid-card\/#breadcrumb","itemListElement":[{"@type":"ListItem","position":1,"name":"\u9996\u9875","item":"https:\/\/www.jyl-world.com\/"},{"@type":"ListItem","position":2,"name":"Carte RFID UHF"}]},{"@type":"WebSite","@id":"https:\/\/www.jyl-world.com\/#website","url":"https:\/\/www.jyl-world.com\/","name":"JYL-Tech RFID Expert","description":"JYL-Tech RFID Fit For Each Unique Demand","publisher":{"@id":"https:\/\/www.jyl-world.com\/#organization"},"potentialAction":[{"@type":"SearchAction","target":{"@type":"EntryPoint","urlTemplate":"https:\/\/www.jyl-world.com\/?s={search_term_string}"},"query-input":{"@type":"PropertyValueSpecification","valueRequired":true,"valueName":"search_term_string"}}],"inLanguage":"fr-FR"},{"@type":"Organization","@id":"https:\/\/www.jyl-world.com\/#organization","name":"JYL-Tech RFID Expert","url":"https:\/\/www.jyl-world.com\/","logo":{"@type":"ImageObject","inLanguage":"fr-FR","@id":"https:\/\/www.jyl-world.com\/#\/schema\/logo\/image\/","url":"https:\/\/www.jyl-world.com\/wp-content\/uploads\/2023\/04\/cropped-JYL-TECH-LOGO.png","contentUrl":"https:\/\/www.jyl-world.com\/wp-content\/uploads\/2023\/04\/cropped-JYL-TECH-LOGO.png","width":1413,"height":344,"caption":"JYL-Tech RFID Expert"},"image":{"@id":"https:\/\/www.jyl-world.com\/#\/schema\/logo\/image\/"},"sameAs":["https:\/\/www.facebook.com\/Jyl-Tech-117869034237570","https:\/\/x.com\/jyltech","https:\/\/www.linkedin.com\/company\/jyltechnology"]}]}},"uagb_featured_image_src":{"full":false,"thumbnail":false,"medium":false,"medium_large":false,"large":false,"1536x1536":false,"2048x2048":false},"uagb_author_info":{"display_name":"JYL-Tech","author_link":"https:\/\/www.jyl-world.com\/fr\/author\/jwxyz\/"},"uagb_comment_info":0,"uagb_excerpt":"Pr\u00e9sentation de l&rsquo;innovation de pointe de JYL-Tech : la carte RFID UHF On-Body. Cette carte plastique RFID UHF passive r\u00e9volutionnaire est con\u00e7ue pour red\u00e9finir la v\u00e9rification de l&rsquo;identit\u00e9 personnelle, permettant une reconnaissance transparente \u00e0 partir d&rsquo;une distance remarquable de 3 m\u00e8tres entre la carte et le dispositif de lecture. Elle change la donne en mati\u00e8re\u2026","_links":{"self":[{"href":"https:\/\/www.jyl-world.com\/fr\/wp-json\/wp\/v2\/pages\/39342"}],"collection":[{"href":"https:\/\/www.jyl-world.com\/fr\/wp-json\/wp\/v2\/pages"}],"about":[{"href":"https:\/\/www.jyl-world.com\/fr\/wp-json\/wp\/v2\/types\/page"}],"author":[{"embeddable":true,"href":"https:\/\/www.jyl-world.com\/fr\/wp-json\/wp\/v2\/users\/1"}],"replies":[{"embeddable":true,"href":"https:\/\/www.jyl-world.com\/fr\/wp-json\/wp\/v2\/comments?post=39342"}],"version-history":[{"count":2,"href":"https:\/\/www.jyl-world.com\/fr\/wp-json\/wp\/v2\/pages\/39342\/revisions"}],"predecessor-version":[{"id":41036,"href":"https:\/\/www.jyl-world.com\/fr\/wp-json\/wp\/v2\/pages\/39342\/revisions\/41036"}],"wp:attachment":[{"href":"https:\/\/www.jyl-world.com\/fr\/wp-json\/wp\/v2\/media?parent=39342"}],"curies":[{"name":"wp","href":"https:\/\/api.w.org\/{rel}","templated":true}]}}