{"id":37404,"date":"2012-04-23T10:02:21","date_gmt":"2012-04-23T10:02:21","guid":{"rendered":"https:\/\/www.jyl-world.com\/hybrid-silicone-wristband-wrd02\/"},"modified":"2024-08-14T08:06:24","modified_gmt":"2024-08-14T08:06:24","slug":"hybrid-silicone-wristband-wrd02","status":"publish","type":"page","link":"https:\/\/www.jyl-world.com\/it\/hybrid-silicone-wristband-wrd02\/","title":{"rendered":"Braccialetto in silicone ibrido WRD02"},"content":{"rendered":"\n<div class=\"wp-block-columns is-layout-flex wp-container-core-columns-is-layout-1 wp-block-columns-is-layout-flex\">\n<div class=\"wp-block-column is-layout-flow wp-block-column-is-layout-flow\" style=\"flex-basis:66.66%\">\n<div style=\"height:53px\" aria-hidden=\"true\" class=\"wp-block-spacer\"><\/div>\n\n\n\n<p>Il braccialetto ibrido in silicone WRD02 \u00e8 progettato con doppia frequenza, che pu\u00f2 funzionare in due sistemi RFID. Grazie alla funzione a doppio chip, \u00e8 utilizzato per il mercato di alto livello.<\/p>\n<\/div>\n\n\n\n<div class=\"wp-block-column is-layout-flow wp-block-column-is-layout-flow\" style=\"flex-basis:33.33%\">\n<figure class=\"wp-block-image aligncenter size-full\"><img loading=\"lazy\" decoding=\"async\" width=\"600\" height=\"600\" src=\"https:\/\/www.jyl-world.com\/wp-content\/uploads\/2022\/05\/WRD02.jpg\" alt=\"\" class=\"wp-image-28428\" srcset=\"https:\/\/www.jyl-world.com\/wp-content\/uploads\/2022\/05\/WRD02.jpg 600w, https:\/\/www.jyl-world.com\/wp-content\/uploads\/2022\/05\/WRD02-250x250.jpg 250w, https:\/\/www.jyl-world.com\/wp-content\/uploads\/2022\/05\/WRD02-150x150.jpg 150w\" sizes=\"(max-width: 600px) 100vw, 600px\" \/><\/figure>\n<\/div>\n<\/div>\n\n\n\n<h6 class=\"wp-block-heading\" id=\"h-specifiche-del-cinturino-ibrido-in-silicone-wrd02\"><mark style=\"background-color:rgba(0, 0, 0, 0)\" class=\"has-inline-color has-ast-global-color-0-color\">Specifiche del cinturino ibrido in silicone WRD02:<\/mark><\/h6>\n\n\n\n<figure class=\"wp-block-table is-style-stripes\"><table><tbody><tr><td>N. articolo:<\/td><td><strong>WRD02<\/strong><\/td><\/tr><tr><td>Dimensioni:<\/td><td>\u03a672mm<\/td><\/tr><tr><td>Frequenza:<\/td><td>LF \/ HF \/UHF \/ Dual<\/td><\/tr><tr><td>Colore:<\/td><td>Rosso, Giallo, Blu, Verde, Arancione, Nero, Rosa o personalizzato<\/td><\/tr><tr><td>Materiale:<\/td><td>Silicone<\/td><\/tr><tr><td>Artigianato:<\/td><td>Serigrafia, incisione laser, stampa in rilievo, debossing, ecc.<\/td><\/tr><tr><td>Opzione:<\/td><td>Stampa numerica, QR, codice a barre, crittografia tramite chip ecc.<\/td><\/tr><tr><td>Temperatura di esercizio:<\/td><td>-20\u00b0C ~ 80\u00b0C<\/td><\/tr><\/tbody><\/table><\/figure>\n\n\n\n<h5 class=\"wp-block-heading\" id=\"h-opzioni-ic\">Opzioni IC:<\/h5>\n\n\n\n<p><strong>LF 125KHz :<\/strong><br>\u2013 EM4200, TK4001; T5577; EM4305; Hitag1, Hitag2, Hitag S256, etc<br><strong>HF 13.56Mhz :<\/strong><br>\u2013 ISO14443A: MIFARE Classic\u00ae, MIFARE\u00ae DESFire\u00ae, MIFARE Plus\u00ae, MIFARE Ultralight\u00ae, Fudan FM11RF08, etc.<br>\u2013 ISO18092: NTAG\u00ae 213, NTAG\u00ae 215, NTAG\u00ae 216, Topaz512, etc.<br>\u2013 ISO15693: NXP ICODE\u00ae SLIX, TI Tag it HF-I, ST LRI, etc.<br><strong>UHF 840-960Mhz :<\/strong><br>\u2013 Alien Higgs, Monza 3, Monza 4D, Monza 4QT, Monza R6, Monza R6-P, Impinj M730 ,Impinj M750 etc.<\/p>\n\n\n\n<p>Contatta JYL-Tech per personalizzare il braccialetto RFID in silicone in base alle tue specifiche esigenze in termini di tipo di chip, dimensioni, programmazione e materiali per l&#8217;identificazione delle persone.<\/p>\n\n\n\n<div style=\"height:55px\" aria-hidden=\"true\" class=\"wp-block-spacer\"><\/div>\n\n\n\n<p><strong><mark style=\"background-color:rgba(0, 0, 0, 0)\" class=\"has-inline-color has-ast-global-color-0-color\">Scheda tecnica del braccialetto in silicone ibrido WRD02:<\/mark><\/strong><\/p>\n\n\n\n<figure class=\"wp-block-image size-full\"><a href=\"https:\/\/www.jyl-world.com\/wp-content\/uploads\/2023\/12\/WRD02-Hybrid-DATASHEET.pdf\"><img loading=\"lazy\" decoding=\"async\" width=\"110\" height=\"137\" src=\"https:\/\/www.jyl-world.com\/wp-content\/uploads\/2023\/06\/PDF-JYLTech.jpg\" alt=\"\" class=\"wp-image-31504\"\/><\/a><\/figure>\n\n\n\n<div style=\"height:55px\" aria-hidden=\"true\" class=\"wp-block-spacer\"><\/div>\n\n\n\n<h2 class=\"wp-block-heading\" id=\"h-modulo-di-contatto\">Modulo di contatto<\/h2>\n\n\n\n<h5 class=\"wp-block-heading\" id=\"h-possiamo-aiutarti\">Possiamo aiutarti?<\/h5>\n\n\n\n<p>Trova il prodotto o la soluzione RFID che soddisfa le tue esigenze aziendali. Chiedici di aiutarti a trovare la decisione giusta.<\/p>\n\n\n<div class=\"wpforms-container \" id=\"wpforms-5\"><form id=\"wpforms-form-5\" class=\"wpforms-validate wpforms-form\" data-formid=\"5\" method=\"post\" enctype=\"multipart\/form-data\" action=\"\/it\/wp-json\/wp\/v2\/pages\/37404\" data-token=\"8987ce6df665b28cfe8f2c81696641b0\"><noscript class=\"wpforms-error-noscript\">Abilita JavaScript nel browser per completare questo modulo.<\/noscript><div class=\"wpforms-field-container\"><div id=\"wpforms-5-field_3-container\" class=\"wpforms-field wpforms-field-text\" data-field-id=\"3\"><label class=\"wpforms-field-label wpforms-label-hide\" for=\"wpforms-5-field_3\">Name <span class=\"wpforms-required-label\">*<\/span><\/label><input type=\"text\" id=\"wpforms-5-field_3\" class=\"wpforms-field-large wpforms-field-required\" name=\"wpforms[fields][3]\" placeholder=\"Name *\" required><\/div><div id=\"wpforms-5-field_9-container\" class=\"wpforms-field wpforms-field-text\" data-field-id=\"9\"><label class=\"wpforms-field-label wpforms-label-hide\" for=\"wpforms-5-field_9\">Company  <span class=\"wpforms-required-label\">*<\/span><\/label><input type=\"text\" id=\"wpforms-5-field_9\" class=\"wpforms-field-large wpforms-field-required\" name=\"wpforms[fields][9]\" placeholder=\"Company *\" required><\/div><div id=\"wpforms-5-field_1-container\" class=\"wpforms-field wpforms-field-email\" data-field-id=\"1\"><label class=\"wpforms-field-label wpforms-label-hide\" for=\"wpforms-5-field_1\">Email <span class=\"wpforms-required-label\">*<\/span><\/label><input type=\"email\" id=\"wpforms-5-field_1\" class=\"wpforms-field-large wpforms-field-required\" name=\"wpforms[fields][1]\" placeholder=\"Email *\" required><\/div><div id=\"wpforms-5-field_8-container\" class=\"wpforms-field wpforms-field-text\" data-field-id=\"8\"><label class=\"wpforms-field-label wpforms-label-hide\" for=\"wpforms-5-field_8\">Phone \/ Skype \/ Whatsapp <span class=\"wpforms-required-label\">*<\/span><\/label><input type=\"text\" id=\"wpforms-5-field_8\" class=\"wpforms-field-large wpforms-field-required\" name=\"wpforms[fields][8]\" placeholder=\"Phone \/ Skype \/ Whatsapp *\" required><\/div><div id=\"wpforms-5-field_10-container\" class=\"wpforms-field wpforms-field-text\" data-field-id=\"10\"><label class=\"wpforms-field-label wpforms-label-hide\" for=\"wpforms-5-field_10\">Business Type<\/label><input type=\"text\" id=\"wpforms-5-field_10\" class=\"wpforms-field-large\" name=\"wpforms[fields][10]\" placeholder=\"Business Type\" ><\/div><div id=\"wpforms-5-field_14-container\" class=\"wpforms-field wpforms-field-text\" data-field-id=\"14\"><label class=\"wpforms-field-label wpforms-label-hide\" for=\"wpforms-5-field_14\">Country<\/label><input type=\"text\" id=\"wpforms-5-field_14\" class=\"wpforms-field-large\" name=\"wpforms[fields][14]\" placeholder=\"Country\" ><\/div><div id=\"wpforms-5-field_2-container\" class=\"wpforms-field wpforms-field-textarea\" data-field-id=\"2\"><label class=\"wpforms-field-label wpforms-label-hide\" for=\"wpforms-5-field_2\">Inquiry \/ Message<\/label><textarea id=\"wpforms-5-field_2\" class=\"wpforms-field-medium\" name=\"wpforms[fields][2]\" placeholder=\"As an industrial RFID manufacturer, we need more details about your project to expedite processing\" ><\/textarea><\/div><\/div><input type=\"hidden\" name=\"wpforms[recaptcha]\" value=\"\"><div class=\"wpforms-submit-container\"><input type=\"hidden\" name=\"wpforms[id]\" value=\"5\"><input type=\"hidden\" name=\"wpforms[author]\" value=\"1\"><button type=\"submit\" name=\"wpforms[submit]\" id=\"wpforms-submit-5\" class=\"wpforms-submit\" data-alt-text=\"Sending...\" data-submit-text=\"Send Message\" aria-live=\"assertive\" value=\"wpforms-submit\">Send Message<\/button><\/div><\/form><\/div>  <!-- .wpforms-container -->\n\n\t\t<div class='wp-block-bssb-social-share alignwide' id='bssbSocialShare-a8ad7c42-f' data-attributes='{&quot;align&quot;:&quot;wide&quot;,&quot;cId&quot;:&quot;a8ad7c42-f&quot;,&quot;socials&quot;:[{&quot;networkType&quot;:&quot;socialNetworks&quot;,&quot;network&quot;:&quot;facebook&quot;,&quot;isUpIcon&quot;:false,&quot;icon&quot;:{&quot;class&quot;:&quot;fab fa-facebook-f&quot;,&quot;color&quot;:&quot;#1877f2&quot;},&quot;upIcon&quot;:{&quot;id&quot;:null,&quot;url&quot;:&quot;&quot;,&quot;alt&quot;:&quot;&quot;,&quot;title&quot;:&quot;&quot;}},{&quot;networkType&quot;:&quot;socialNetworks&quot;,&quot;network&quot;:&quot;twitter&quot;,&quot;isUpIcon&quot;:false,&quot;icon&quot;:{&quot;class&quot;:&quot;fab fa-twitter&quot;,&quot;color&quot;:&quot;#1da1f2&quot;},&quot;upIcon&quot;:{&quot;id&quot;:null,&quot;url&quot;:&quot;&quot;,&quot;alt&quot;:&quot;&quot;,&quot;title&quot;:&quot;&quot;}},{&quot;networkType&quot;:&quot;socialNetworks&quot;,&quot;network&quot;:&quot;linkedin&quot;,&quot;isUpIcon&quot;:false,&quot;icon&quot;:{&quot;class&quot;:&quot;fab fa-linkedin-in&quot;,&quot;color&quot;:&quot;#0a66c2&quot;,&quot;styles&quot;:&quot;color: #0a66c2;&quot;,&quot;name&quot;:&quot;&quot;,&quot;fontSize&quot;:16,&quot;colorType&quot;:&quot;solid&quot;,&quot;gradient&quot;:&quot;linear-gradient(135deg, #4527a4, #8344c5)&quot;},&quot;upIcon&quot;:{&quot;id&quot;:null,&quot;url&quot;:&quot;&quot;,&quot;alt&quot;:&quot;&quot;,&quot;title&quot;:&quot;&quot;}},{&quot;networkType&quot;:&quot;socialNetworks&quot;,&quot;network&quot;:&quot;pinterest&quot;,&quot;isUpIcon&quot;:false,&quot;icon&quot;:{&quot;class&quot;:&quot;fab fa-pinterest-p&quot;,&quot;color&quot;:&quot;#bd081c&quot;,&quot;styles&quot;:&quot;color: #bd081c;&quot;,&quot;name&quot;:&quot;&quot;,&quot;fontSize&quot;:16,&quot;colorType&quot;:&quot;solid&quot;,&quot;gradient&quot;:&quot;linear-gradient(135deg, #4527a4, #8344c5)&quot;},&quot;upIcon&quot;:{&quot;id&quot;:null,&quot;url&quot;:&quot;&quot;,&quot;alt&quot;:&quot;&quot;,&quot;title&quot;:&quot;&quot;}}],&quot;alignment&quot;:&quot;center&quot;,&quot;background&quot;:{&quot;color&quot;:&quot;#0000&quot;,&quot;type&quot;:&quot;solid&quot;,&quot;gradient&quot;:&quot;linear-gradient(135deg, #4527a4, #8344c5)&quot;,&quot;image&quot;:[],&quot;position&quot;:&quot;center center&quot;,&quot;attachment&quot;:&quot;initial&quot;,&quot;repeat&quot;:&quot;no-repeat&quot;,&quot;size&quot;:&quot;cover&quot;,&quot;overlayColor&quot;:&quot;#000000b3&quot;,&quot;styles&quot;:&quot;background-color: #0000;&quot;},&quot;border&quot;:{&quot;radius&quot;:&quot;50%&quot;,&quot;width&quot;:&quot;0px&quot;,&quot;style&quot;:&quot;solid&quot;,&quot;color&quot;:&quot;#0000&quot;,&quot;side&quot;:&quot;all&quot;,&quot;styles&quot;:&quot;border-radius: 50%;&quot;},&quot;shadow&quot;:{&quot;type&quot;:&quot;box&quot;,&quot;hOffset&quot;:&quot;0px&quot;,&quot;vOffset&quot;:&quot;0px&quot;,&quot;blur&quot;:&quot;0px&quot;,&quot;spreed&quot;:&quot;0px&quot;,&quot;color&quot;:&quot;#7090b0&quot;,&quot;isInset&quot;:false,&quot;styles&quot;:&quot;0px 0px 0px 0px #7090b0&quot;},&quot;theme&quot;:&quot;default&quot;,&quot;size&quot;:&quot;28px&quot;,&quot;padding&quot;:&quot;10px&quot;,&quot;margin&quot;:&quot;10px&quot;,&quot;openPopupId&quot;:&quot;&quot;}'>\n\t\t\t<div class='bssbStyle'><\/div>\n\n\t\t\t<ul class='bssbSocialShare'>\n\t\t\t\t\n\t\t\t\t\t<li class='icon icon-0' data-social='facebook'>\n\t\t\t\t\t\t<i class='fab fa-facebook-f'><\/i>\t\t\t\t\t<\/il>\n\t\t\t\t\n\t\t\t\t\t<li class='icon icon-1' data-social='twitter'>\n\t\t\t\t\t\t<i class='fab fa-twitter'><\/i>\t\t\t\t\t<\/il>\n\t\t\t\t\n\t\t\t\t\t<li class='icon icon-2' data-social='linkedin'>\n\t\t\t\t\t\t<i class='fab fa-linkedin-in'><\/i>\t\t\t\t\t<\/il>\n\t\t\t\t\n\t\t\t\t\t<li class='icon icon-3' data-social='pinterest'>\n\t\t\t\t\t\t<i class='fab fa-pinterest-p'><\/i>\t\t\t\t\t<\/il>\n\t\t\t\t\t\t\t<\/ul>\n\t\t<\/div>\n\n\t\t","protected":false},"excerpt":{"rendered":"<p>Il braccialetto ibrido in silicone WRD02 \u00e8 progettato con doppia frequenza, che pu\u00f2 funzionare in due sistemi RFID. Grazie alla funzione a doppio chip, \u00e8 utilizzato per il mercato di alto livello. Specifiche del cinturino ibrido in silicone WRD02: N. articolo: WRD02 Dimensioni: \u03a672mm Frequenza: LF \/ HF \/UHF \/ Dual Colore: Rosso, Giallo, Blu, [&hellip;]<\/p>\n","protected":false},"author":1,"featured_media":0,"parent":0,"menu_order":0,"comment_status":"closed","ping_status":"closed","template":"","meta":{"site-sidebar-layout":"default","site-content-layout":"","ast-site-content-layout":"","site-content-style":"default","site-sidebar-style":"default","ast-global-header-display":"","ast-banner-title-visibility":"","ast-main-header-display":"","ast-hfb-above-header-display":"","ast-hfb-below-header-display":"","ast-hfb-mobile-header-display":"","site-post-title":"","ast-breadcrumbs-content":"","ast-featured-img":"","footer-sml-layout":"","theme-transparent-header-meta":"","adv-header-id-meta":"","stick-header-meta":"","header-above-stick-meta":"","header-main-stick-meta":"","header-below-stick-meta":"","astra-migrate-meta-layouts":"default","ast-page-background-enabled":"default","ast-page-background-meta":{"desktop":{"background-color":"","background-image":"","background-repeat":"repeat","background-position":"center center","background-size":"auto","background-attachment":"scroll","background-type":"","background-media":"","overlay-type":"","overlay-color":"","overlay-opacity":"","overlay-gradient":""},"tablet":{"background-color":"","background-image":"","background-repeat":"repeat","background-position":"center center","background-size":"auto","background-attachment":"scroll","background-type":"","background-media":"","overlay-type":"","overlay-color":"","overlay-opacity":"","overlay-gradient":""},"mobile":{"background-color":"","background-image":"","background-repeat":"repeat","background-position":"center center","background-size":"auto","background-attachment":"scroll","background-type":"","background-media":"","overlay-type":"","overlay-color":"","overlay-opacity":"","overlay-gradient":""}},"ast-content-background-meta":{"desktop":{"background-color":"var(--ast-global-color-5)","background-image":"","background-repeat":"repeat","background-position":"center center","background-size":"auto","background-attachment":"scroll","background-type":"","background-media":"","overlay-type":"","overlay-color":"","overlay-opacity":"","overlay-gradient":""},"tablet":{"background-color":"var(--ast-global-color-5)","background-image":"","background-repeat":"repeat","background-position":"center center","background-size":"auto","background-attachment":"scroll","background-type":"","background-media":"","overlay-type":"","overlay-color":"","overlay-opacity":"","overlay-gradient":""},"mobile":{"background-color":"var(--ast-global-color-5)","background-image":"","background-repeat":"repeat","background-position":"center center","background-size":"auto","background-attachment":"scroll","background-type":"","background-media":"","overlay-type":"","overlay-color":"","overlay-opacity":"","overlay-gradient":""}},"footnotes":""},"class_list":["post-37404","page","type-page","status-publish","hentry"],"yoast_head":"<!-- This site is optimized with the Yoast SEO Premium plugin v20.13 (Yoast SEO v25.3) - https:\/\/yoast.com\/wordpress\/plugins\/seo\/ -->\n<title>Braccialetto in silicone ibrido WRD02 - JYL-Tech RFID Expert<\/title>\n<meta name=\"description\" content=\"Hybrid Silicone Wristband WRD02 is designed with dual frequency , which could workable in two RFID system . Its use for high level market .\" \/>\n<meta name=\"robots\" content=\"index, follow, max-snippet:-1, max-image-preview:large, max-video-preview:-1\" \/>\n<link rel=\"canonical\" href=\"https:\/\/www.jyl-world.com\/it\/hybrid-silicone-wristband-wrd02\/\" \/>\n<meta property=\"og:locale\" content=\"it_IT\" \/>\n<meta property=\"og:type\" content=\"article\" \/>\n<meta property=\"og:title\" content=\"Braccialetto in silicone ibrido WRD02 - JYL-Tech RFID Expert\" \/>\n<meta property=\"og:description\" content=\"Hybrid Silicone Wristband WRD02 is designed with dual frequency , which could workable in two RFID system . Its use for high level market .\" \/>\n<meta property=\"og:url\" content=\"https:\/\/www.jyl-world.com\/it\/hybrid-silicone-wristband-wrd02\/\" \/>\n<meta property=\"og:site_name\" content=\"JYL-Tech RFID Expert\" \/>\n<meta property=\"article:publisher\" content=\"https:\/\/www.facebook.com\/Jyl-Tech-117869034237570\" \/>\n<meta property=\"article:modified_time\" content=\"2024-08-14T08:06:24+00:00\" \/>\n<meta property=\"og:image\" content=\"https:\/\/www.jyl-world.com\/wp-content\/uploads\/2022\/05\/WRD02.jpg\" \/>\n<meta name=\"twitter:card\" content=\"summary_large_image\" \/>\n<meta name=\"twitter:title\" content=\"Braccialetto in silicone ibrido WRD02 - JYL-Tech RFID Expert\" \/>\n<meta name=\"twitter:description\" content=\"Hybrid Silicone Wristband WRD02 is designed with dual frequency , which could workable in two RFID system . Its use for high level market .\" \/>\n<meta name=\"twitter:site\" content=\"@jyltech\" \/>\n<meta name=\"twitter:label1\" content=\"Tempo di lettura stimato\" \/>\n\t<meta name=\"twitter:data1\" content=\"2 minuti\" \/>\n<script type=\"application\/ld+json\" class=\"yoast-schema-graph\">{\"@context\":\"https:\/\/schema.org\",\"@graph\":[{\"@type\":\"WebPage\",\"@id\":\"https:\/\/www.jyl-world.com\/it\/hybrid-silicone-wristband-wrd02\/\",\"url\":\"https:\/\/www.jyl-world.com\/it\/hybrid-silicone-wristband-wrd02\/\",\"name\":\"Braccialetto in silicone ibrido WRD02 - JYL-Tech RFID Expert\",\"isPartOf\":{\"@id\":\"https:\/\/www.jyl-world.com\/#website\"},\"primaryImageOfPage\":{\"@id\":\"https:\/\/www.jyl-world.com\/it\/hybrid-silicone-wristband-wrd02\/#primaryimage\"},\"image\":{\"@id\":\"https:\/\/www.jyl-world.com\/it\/hybrid-silicone-wristband-wrd02\/#primaryimage\"},\"thumbnailUrl\":\"https:\/\/www.jyl-world.com\/wp-content\/uploads\/2022\/05\/WRD02.jpg\",\"datePublished\":\"2012-04-23T10:02:21+00:00\",\"dateModified\":\"2024-08-14T08:06:24+00:00\",\"description\":\"Hybrid Silicone Wristband WRD02 is designed with dual frequency , which could workable in two RFID system . Its use for high level market .\",\"breadcrumb\":{\"@id\":\"https:\/\/www.jyl-world.com\/it\/hybrid-silicone-wristband-wrd02\/#breadcrumb\"},\"inLanguage\":\"it-IT\",\"potentialAction\":[{\"@type\":\"ReadAction\",\"target\":[\"https:\/\/www.jyl-world.com\/it\/hybrid-silicone-wristband-wrd02\/\"]}]},{\"@type\":\"ImageObject\",\"inLanguage\":\"it-IT\",\"@id\":\"https:\/\/www.jyl-world.com\/it\/hybrid-silicone-wristband-wrd02\/#primaryimage\",\"url\":\"https:\/\/www.jyl-world.com\/wp-content\/uploads\/2022\/05\/WRD02.jpg\",\"contentUrl\":\"https:\/\/www.jyl-world.com\/wp-content\/uploads\/2022\/05\/WRD02.jpg\"},{\"@type\":\"BreadcrumbList\",\"@id\":\"https:\/\/www.jyl-world.com\/it\/hybrid-silicone-wristband-wrd02\/#breadcrumb\",\"itemListElement\":[{\"@type\":\"ListItem\",\"position\":1,\"name\":\"\u9996\u9875\",\"item\":\"https:\/\/www.jyl-world.com\/\"},{\"@type\":\"ListItem\",\"position\":2,\"name\":\"Braccialetto in silicone ibrido WRD02\"}]},{\"@type\":\"WebSite\",\"@id\":\"https:\/\/www.jyl-world.com\/#website\",\"url\":\"https:\/\/www.jyl-world.com\/\",\"name\":\"JYL-Tech RFID Expert\",\"description\":\"JYL-Tech RFID Fit For Each Unique Demand\",\"publisher\":{\"@id\":\"https:\/\/www.jyl-world.com\/#organization\"},\"potentialAction\":[{\"@type\":\"SearchAction\",\"target\":{\"@type\":\"EntryPoint\",\"urlTemplate\":\"https:\/\/www.jyl-world.com\/?s={search_term_string}\"},\"query-input\":{\"@type\":\"PropertyValueSpecification\",\"valueRequired\":true,\"valueName\":\"search_term_string\"}}],\"inLanguage\":\"it-IT\"},{\"@type\":\"Organization\",\"@id\":\"https:\/\/www.jyl-world.com\/#organization\",\"name\":\"JYL-Tech RFID Expert\",\"url\":\"https:\/\/www.jyl-world.com\/\",\"logo\":{\"@type\":\"ImageObject\",\"inLanguage\":\"it-IT\",\"@id\":\"https:\/\/www.jyl-world.com\/#\/schema\/logo\/image\/\",\"url\":\"https:\/\/www.jyl-world.com\/wp-content\/uploads\/2023\/04\/cropped-JYL-TECH-LOGO.png\",\"contentUrl\":\"https:\/\/www.jyl-world.com\/wp-content\/uploads\/2023\/04\/cropped-JYL-TECH-LOGO.png\",\"width\":1413,\"height\":344,\"caption\":\"JYL-Tech RFID Expert\"},\"image\":{\"@id\":\"https:\/\/www.jyl-world.com\/#\/schema\/logo\/image\/\"},\"sameAs\":[\"https:\/\/www.facebook.com\/Jyl-Tech-117869034237570\",\"https:\/\/x.com\/jyltech\",\"https:\/\/www.linkedin.com\/company\/jyltechnology\"]}]}<\/script>\n<!-- \/ Yoast SEO Premium plugin. -->","yoast_head_json":{"title":"Braccialetto in silicone ibrido WRD02 - JYL-Tech RFID Expert","description":"Hybrid Silicone Wristband WRD02 is designed with dual frequency , which could workable in two RFID system . Its use for high level market .","robots":{"index":"index","follow":"follow","max-snippet":"max-snippet:-1","max-image-preview":"max-image-preview:large","max-video-preview":"max-video-preview:-1"},"canonical":"https:\/\/www.jyl-world.com\/it\/hybrid-silicone-wristband-wrd02\/","og_locale":"it_IT","og_type":"article","og_title":"Braccialetto in silicone ibrido WRD02 - JYL-Tech RFID Expert","og_description":"Hybrid Silicone Wristband WRD02 is designed with dual frequency , which could workable in two RFID system . Its use for high level market .","og_url":"https:\/\/www.jyl-world.com\/it\/hybrid-silicone-wristband-wrd02\/","og_site_name":"JYL-Tech RFID Expert","article_publisher":"https:\/\/www.facebook.com\/Jyl-Tech-117869034237570","article_modified_time":"2024-08-14T08:06:24+00:00","og_image":[{"url":"https:\/\/www.jyl-world.com\/wp-content\/uploads\/2022\/05\/WRD02.jpg","type":"","width":"","height":""}],"twitter_card":"summary_large_image","twitter_title":"Braccialetto in silicone ibrido WRD02 - JYL-Tech RFID Expert","twitter_description":"Hybrid Silicone Wristband WRD02 is designed with dual frequency , which could workable in two RFID system . Its use for high level market .","twitter_site":"@jyltech","twitter_misc":{"Tempo di lettura stimato":"2 minuti"},"schema":{"@context":"https:\/\/schema.org","@graph":[{"@type":"WebPage","@id":"https:\/\/www.jyl-world.com\/it\/hybrid-silicone-wristband-wrd02\/","url":"https:\/\/www.jyl-world.com\/it\/hybrid-silicone-wristband-wrd02\/","name":"Braccialetto in silicone ibrido WRD02 - JYL-Tech RFID Expert","isPartOf":{"@id":"https:\/\/www.jyl-world.com\/#website"},"primaryImageOfPage":{"@id":"https:\/\/www.jyl-world.com\/it\/hybrid-silicone-wristband-wrd02\/#primaryimage"},"image":{"@id":"https:\/\/www.jyl-world.com\/it\/hybrid-silicone-wristband-wrd02\/#primaryimage"},"thumbnailUrl":"https:\/\/www.jyl-world.com\/wp-content\/uploads\/2022\/05\/WRD02.jpg","datePublished":"2012-04-23T10:02:21+00:00","dateModified":"2024-08-14T08:06:24+00:00","description":"Hybrid Silicone Wristband WRD02 is designed with dual frequency , which could workable in two RFID system . Its use for high level market .","breadcrumb":{"@id":"https:\/\/www.jyl-world.com\/it\/hybrid-silicone-wristband-wrd02\/#breadcrumb"},"inLanguage":"it-IT","potentialAction":[{"@type":"ReadAction","target":["https:\/\/www.jyl-world.com\/it\/hybrid-silicone-wristband-wrd02\/"]}]},{"@type":"ImageObject","inLanguage":"it-IT","@id":"https:\/\/www.jyl-world.com\/it\/hybrid-silicone-wristband-wrd02\/#primaryimage","url":"https:\/\/www.jyl-world.com\/wp-content\/uploads\/2022\/05\/WRD02.jpg","contentUrl":"https:\/\/www.jyl-world.com\/wp-content\/uploads\/2022\/05\/WRD02.jpg"},{"@type":"BreadcrumbList","@id":"https:\/\/www.jyl-world.com\/it\/hybrid-silicone-wristband-wrd02\/#breadcrumb","itemListElement":[{"@type":"ListItem","position":1,"name":"\u9996\u9875","item":"https:\/\/www.jyl-world.com\/"},{"@type":"ListItem","position":2,"name":"Braccialetto in silicone ibrido WRD02"}]},{"@type":"WebSite","@id":"https:\/\/www.jyl-world.com\/#website","url":"https:\/\/www.jyl-world.com\/","name":"JYL-Tech RFID Expert","description":"JYL-Tech RFID Fit For Each Unique Demand","publisher":{"@id":"https:\/\/www.jyl-world.com\/#organization"},"potentialAction":[{"@type":"SearchAction","target":{"@type":"EntryPoint","urlTemplate":"https:\/\/www.jyl-world.com\/?s={search_term_string}"},"query-input":{"@type":"PropertyValueSpecification","valueRequired":true,"valueName":"search_term_string"}}],"inLanguage":"it-IT"},{"@type":"Organization","@id":"https:\/\/www.jyl-world.com\/#organization","name":"JYL-Tech RFID Expert","url":"https:\/\/www.jyl-world.com\/","logo":{"@type":"ImageObject","inLanguage":"it-IT","@id":"https:\/\/www.jyl-world.com\/#\/schema\/logo\/image\/","url":"https:\/\/www.jyl-world.com\/wp-content\/uploads\/2023\/04\/cropped-JYL-TECH-LOGO.png","contentUrl":"https:\/\/www.jyl-world.com\/wp-content\/uploads\/2023\/04\/cropped-JYL-TECH-LOGO.png","width":1413,"height":344,"caption":"JYL-Tech RFID Expert"},"image":{"@id":"https:\/\/www.jyl-world.com\/#\/schema\/logo\/image\/"},"sameAs":["https:\/\/www.facebook.com\/Jyl-Tech-117869034237570","https:\/\/x.com\/jyltech","https:\/\/www.linkedin.com\/company\/jyltechnology"]}]}},"uagb_featured_image_src":{"full":false,"thumbnail":false,"medium":false,"medium_large":false,"large":false,"1536x1536":false,"2048x2048":false},"uagb_author_info":{"display_name":"JYL-Tech","author_link":"https:\/\/www.jyl-world.com\/it\/author\/jwxyz\/"},"uagb_comment_info":0,"uagb_excerpt":"Il braccialetto ibrido in silicone WRD02 \u00e8 progettato con doppia frequenza, che pu\u00f2 funzionare in due sistemi RFID. Grazie alla funzione a doppio chip, \u00e8 utilizzato per il mercato di alto livello. Specifiche del cinturino ibrido in silicone WRD02: N. articolo: WRD02 Dimensioni: \u03a672mm Frequenza: LF \/ HF \/UHF \/ Dual Colore: Rosso, Giallo, Blu,&hellip;","_links":{"self":[{"href":"https:\/\/www.jyl-world.com\/it\/wp-json\/wp\/v2\/pages\/37404"}],"collection":[{"href":"https:\/\/www.jyl-world.com\/it\/wp-json\/wp\/v2\/pages"}],"about":[{"href":"https:\/\/www.jyl-world.com\/it\/wp-json\/wp\/v2\/types\/page"}],"author":[{"embeddable":true,"href":"https:\/\/www.jyl-world.com\/it\/wp-json\/wp\/v2\/users\/1"}],"replies":[{"embeddable":true,"href":"https:\/\/www.jyl-world.com\/it\/wp-json\/wp\/v2\/comments?post=37404"}],"version-history":[{"count":3,"href":"https:\/\/www.jyl-world.com\/it\/wp-json\/wp\/v2\/pages\/37404\/revisions"}],"predecessor-version":[{"id":42199,"href":"https:\/\/www.jyl-world.com\/it\/wp-json\/wp\/v2\/pages\/37404\/revisions\/42199"}],"wp:attachment":[{"href":"https:\/\/www.jyl-world.com\/it\/wp-json\/wp\/v2\/media?parent=37404"}],"curies":[{"name":"wp","href":"https:\/\/api.w.org\/{rel}","templated":true}]}}