{"id":36637,"date":"2023-05-27T09:57:46","date_gmt":"2023-05-27T09:57:46","guid":{"rendered":"https:\/\/www.jyl-world.com\/cattle-ear-uhf-rfid-tag\/"},"modified":"2024-08-03T09:35:15","modified_gmt":"2024-08-03T09:35:15","slug":"cattle-ear-uhf-rfid-tag","status":"publish","type":"page","link":"https:\/\/www.jyl-world.com\/pt-pt\/cattle-ear-uhf-rfid-tag\/","title":{"rendered":"Etiqueta RFID UHF de orelha de gado JYL-Tech"},"content":{"rendered":"\n<p>As etiquetas auriculares para bovinos JYL-Tech s\u00e3o etiquetas auriculares RFID UHF inovadoras com um alcance de leitura superior. As etiquetas auriculares para gado JYL-Tech s\u00e3o concebidas para satisfazer as condi\u00e7\u00f5es ambientais adversas na ind\u00fastria pecu\u00e1ria. Equipadas com o chip Alien H9, estas etiquetas proporcionam uma utiliza\u00e7\u00e3o fi\u00e1vel e oferecem um alcance de leitura superior atrav\u00e9s da tecnologia RFID UHF. A sua tecnologia baseada em UHF permite a leitura de m\u00faltiplos tags em simult\u00e2neo, a alta velocidade e a dist\u00e2ncias at\u00e9 5 m.<\/p>\n\n\n\n<p>As etiquetas auriculares RFID UHF s\u00e3o amplamente utilizadas para solu\u00e7\u00f5es de gest\u00e3o pecu\u00e1ria, como bovinos, vacas, cavalos, ovelhas, porcos, etc.<\/p>\n\n\n\n<h3 class=\"wp-block-heading\" id=\"h-caracteristicas-principais\">Caracter\u00edsticas principais:<\/h3>\n\n\n\n<div class=\"wp-block-columns is-layout-flex wp-container-core-columns-is-layout-1 wp-block-columns-is-layout-flex\">\n<div class=\"wp-block-column is-layout-flow wp-block-column-is-layout-flow\">\n<div style=\"height:20px\" aria-hidden=\"true\" class=\"wp-block-spacer\"><\/div>\n\n\n\n<ul class=\"wp-block-list\">\n<li>N\u00e3o t\u00f3xico, inofensivo para os animais<\/li>\n\n\n\n<li>Tamanho compacto e peso leve<\/li>\n\n\n\n<li>Alto anti-colis\u00e3o<\/li>\n\n\n\n<li>Adequado para animais de grande porte, como animais, nomeadamente vacas<\/li>\n\n\n\n<li>Grava\u00e7\u00e3o a laser, nunca tem efeito de descolora\u00e7\u00e3o<\/li>\n\n\n\n<li>Brincos de cabe\u00e7a de cobre, n\u00e3o s\u00e3o f\u00e1ceis de soltar, sem corros\u00e3o, nunca enferrujam<\/li>\n<\/ul>\n<\/div>\n\n\n\n<div class=\"wp-block-column is-layout-flow wp-block-column-is-layout-flow\">\n<figure class=\"wp-block-image size-full\"><img loading=\"lazy\" decoding=\"async\" width=\"640\" height=\"446\" src=\"https:\/\/www.jyl-world.com\/wp-content\/uploads\/2023\/05\/JYL-Tech-UHF-Ear-Tag.jpg\" alt=\"JYL-Tech Cattle Ear Tags are innovate UHF RFID ear tags with superior read range.\" class=\"wp-image-31484\" srcset=\"https:\/\/www.jyl-world.com\/wp-content\/uploads\/2023\/05\/JYL-Tech-UHF-Ear-Tag.jpg 640w, https:\/\/www.jyl-world.com\/wp-content\/uploads\/2023\/05\/JYL-Tech-UHF-Ear-Tag-250x174.jpg 250w\" sizes=\"(max-width: 640px) 100vw, 640px\" \/><\/figure>\n<\/div>\n<\/div>\n\n\n\n<h3 class=\"wp-block-heading\" id=\"h-especificacoes\">Especifica\u00e7\u00f5es:<\/h3>\n\n\n\n<figure class=\"wp-block-table\"><table><tbody><tr><td><strong>Artigo:<\/strong><\/td><td>Etiqueta auricular UHF &#8211; UET7080 \/ UET10074<\/td><\/tr><tr><td><strong>Frequ\u00eancia:<\/strong><\/td><td>UHF: 860~960MHz<\/td><\/tr><tr><td><strong>Padr\u00f5es:<\/strong><\/td><td>ISO 18000-6C, EPC C1 GEN2<\/td><\/tr><tr><td><strong>Lasca:<\/strong><\/td><td>Alien H9<\/td><\/tr><tr><td><strong>Material:<\/strong><\/td><td>TPU<\/td><\/tr><tr><td><strong>Cor:<\/strong><\/td><td>Amarelo ou personalizado<\/td><\/tr><tr><td><strong>Dimens\u00e3o:<\/strong><\/td><td>Parte f\u00eamea: 70<em>80, 100<\/em>74mm ou personalizado<br>Parte masculina: 30*23mm<\/td><\/tr><tr><td><strong>Sob tens\u00e3o:<\/strong><\/td><td>230N<\/td><\/tr><tr><td><strong>Dist\u00e2ncia de leitura:<\/strong><\/td><td>1~7M (depende do leitor)<\/td><\/tr><tr><td><strong>Choque:<\/strong><\/td><td>IEC 68-2-27<\/td><\/tr><tr><td><strong>Vibra\u00e7\u00e3o:<\/strong><\/td><td>IEC 68-2-6<\/td><\/tr><tr><td><strong>Temperatura de trabalho:<\/strong><\/td><td>-20\u00b0C to + 80\u00b0C<\/td><\/tr><\/tbody><\/table><\/figure>\n\n\n\n<p>A JYL-Tech pode personalizar as etiquetas auriculares para bovinos para satisfazer os seus requisitos exclusivos de tipo, tamanho, programa\u00e7\u00e3o e materiais de chip. Contacte-nos para saber mais sobre a gama completa de solu\u00e7\u00f5es da JYL-Tech para diversas etiquetas para animais.<\/p>\n\n\n\n<div style=\"height:45px\" aria-hidden=\"true\" class=\"wp-block-spacer\"><\/div>\n\n\n\n<h6 class=\"wp-block-heading\" id=\"h-ficha-tecnica-das-etiquetas-auriculares-de-gado-jyl-tech\"><mark style=\"background-color:rgba(0, 0, 0, 0)\" class=\"has-inline-color has-ast-global-color-0-color\">Ficha t\u00e9cnica das etiquetas auriculares de gado JYL-Tech<\/mark><\/h6>\n\n\n\n<figure class=\"wp-block-image size-full\"><a href=\"https:\/\/www.jyl-world.com\/wp-content\/uploads\/2023\/12\/JYL-Tech-Cattle-Ear-UHF-RFID-Tag-Datasheet.pdf\"><img loading=\"lazy\" decoding=\"async\" width=\"110\" height=\"137\" src=\"https:\/\/www.jyl-world.com\/wp-content\/uploads\/2023\/06\/PDF-JYLTech.jpg\" alt=\"\" class=\"wp-image-31504\"\/><\/a><\/figure>\n\n\n\n<div style=\"height:45px\" aria-hidden=\"true\" class=\"wp-block-spacer\"><\/div>\n\n\n\n<h2 class=\"wp-block-heading\" id=\"h-formulario-de-contacto\">Formul\u00e1rio de Contacto<\/h2>\n\n\n\n<h5 class=\"wp-block-heading\" id=\"h-nos-podemos-ajuda-lo\">N\u00f3s podemos ajud\u00e1-lo?<\/h5>\n\n\n\n<p>Encontre o produto ou solu\u00e7\u00e3o RFID que se adapta \u00e0s suas necessidades de neg\u00f3cio. Pe\u00e7a-nos para o ajudar a encontrar a decis\u00e3o certa.<\/p>\n\n\n<div class=\"wpforms-container \" id=\"wpforms-5\"><form id=\"wpforms-form-5\" class=\"wpforms-validate wpforms-form\" data-formid=\"5\" method=\"post\" enctype=\"multipart\/form-data\" action=\"\/pt-pt\/wp-json\/wp\/v2\/pages\/36637\" data-token=\"8987ce6df665b28cfe8f2c81696641b0\"><noscript class=\"wpforms-error-noscript\">Please enable JavaScript in your browser to complete this form.<\/noscript><div class=\"wpforms-field-container\"><div id=\"wpforms-5-field_3-container\" class=\"wpforms-field wpforms-field-text\" data-field-id=\"3\"><label class=\"wpforms-field-label wpforms-label-hide\" for=\"wpforms-5-field_3\">Name <span class=\"wpforms-required-label\">*<\/span><\/label><input type=\"text\" id=\"wpforms-5-field_3\" class=\"wpforms-field-large wpforms-field-required\" name=\"wpforms[fields][3]\" placeholder=\"Name *\" required><\/div><div id=\"wpforms-5-field_9-container\" class=\"wpforms-field wpforms-field-text\" data-field-id=\"9\"><label class=\"wpforms-field-label wpforms-label-hide\" for=\"wpforms-5-field_9\">Company  <span class=\"wpforms-required-label\">*<\/span><\/label><input type=\"text\" id=\"wpforms-5-field_9\" class=\"wpforms-field-large wpforms-field-required\" name=\"wpforms[fields][9]\" placeholder=\"Company *\" required><\/div><div id=\"wpforms-5-field_1-container\" class=\"wpforms-field wpforms-field-email\" data-field-id=\"1\"><label class=\"wpforms-field-label wpforms-label-hide\" for=\"wpforms-5-field_1\">Email <span class=\"wpforms-required-label\">*<\/span><\/label><input type=\"email\" id=\"wpforms-5-field_1\" class=\"wpforms-field-large wpforms-field-required\" name=\"wpforms[fields][1]\" placeholder=\"Email *\" required><\/div><div id=\"wpforms-5-field_8-container\" class=\"wpforms-field wpforms-field-text\" data-field-id=\"8\"><label class=\"wpforms-field-label wpforms-label-hide\" for=\"wpforms-5-field_8\">Phone \/ Skype \/ Whatsapp <span class=\"wpforms-required-label\">*<\/span><\/label><input type=\"text\" id=\"wpforms-5-field_8\" class=\"wpforms-field-large wpforms-field-required\" name=\"wpforms[fields][8]\" placeholder=\"Phone \/ Skype \/ Whatsapp *\" required><\/div><div id=\"wpforms-5-field_10-container\" class=\"wpforms-field wpforms-field-text\" data-field-id=\"10\"><label class=\"wpforms-field-label wpforms-label-hide\" for=\"wpforms-5-field_10\">Business Type<\/label><input type=\"text\" id=\"wpforms-5-field_10\" class=\"wpforms-field-large\" name=\"wpforms[fields][10]\" placeholder=\"Business Type\" ><\/div><div id=\"wpforms-5-field_14-container\" class=\"wpforms-field wpforms-field-text\" data-field-id=\"14\"><label class=\"wpforms-field-label wpforms-label-hide\" for=\"wpforms-5-field_14\">Country<\/label><input type=\"text\" id=\"wpforms-5-field_14\" class=\"wpforms-field-large\" name=\"wpforms[fields][14]\" placeholder=\"Country\" ><\/div><div id=\"wpforms-5-field_2-container\" class=\"wpforms-field wpforms-field-textarea\" data-field-id=\"2\"><label class=\"wpforms-field-label wpforms-label-hide\" for=\"wpforms-5-field_2\">Inquiry \/ Message<\/label><textarea id=\"wpforms-5-field_2\" class=\"wpforms-field-medium\" name=\"wpforms[fields][2]\" placeholder=\"As an industrial RFID manufacturer, we need more details about your project to expedite processing\" ><\/textarea><\/div><\/div><input type=\"hidden\" name=\"wpforms[recaptcha]\" value=\"\"><div class=\"wpforms-submit-container\"><input type=\"hidden\" name=\"wpforms[id]\" value=\"5\"><input type=\"hidden\" name=\"wpforms[author]\" value=\"1\"><button type=\"submit\" name=\"wpforms[submit]\" id=\"wpforms-submit-5\" class=\"wpforms-submit\" data-alt-text=\"Sending...\" data-submit-text=\"Send Message\" aria-live=\"assertive\" value=\"wpforms-submit\">Send Message<\/button><\/div><\/form><\/div>  <!-- .wpforms-container -->\n\n\n<p class=\"has-text-align-center\"><strong>Partilhe esta p\u00e1gina<\/strong><\/p>\n\n\n\t\t<div class='wp-block-bssb-social-share align' id='bssbSocialShare-fb97cea4-a' data-attributes='{&quot;cId&quot;:&quot;fb97cea4-a&quot;,&quot;socials&quot;:[{&quot;networkType&quot;:&quot;socialNetworks&quot;,&quot;network&quot;:&quot;facebook&quot;,&quot;isUpIcon&quot;:false,&quot;icon&quot;:{&quot;class&quot;:&quot;fab fa-facebook-f&quot;,&quot;color&quot;:&quot;#1877f2&quot;,&quot;styles&quot;:&quot;color: #1877f2;&quot;,&quot;name&quot;:&quot;&quot;,&quot;fontSize&quot;:16,&quot;colorType&quot;:&quot;solid&quot;,&quot;gradient&quot;:&quot;linear-gradient(135deg, #4527a4, #8344c5)&quot;},&quot;upIcon&quot;:{&quot;id&quot;:null,&quot;url&quot;:&quot;&quot;,&quot;alt&quot;:&quot;&quot;,&quot;title&quot;:&quot;&quot;}},{&quot;networkType&quot;:&quot;socialNetworks&quot;,&quot;network&quot;:&quot;twitter&quot;,&quot;isUpIcon&quot;:false,&quot;icon&quot;:{&quot;class&quot;:&quot;fab fa-twitter&quot;,&quot;color&quot;:&quot;#1da1f2&quot;},&quot;upIcon&quot;:{&quot;id&quot;:null,&quot;url&quot;:&quot;&quot;,&quot;alt&quot;:&quot;&quot;,&quot;title&quot;:&quot;&quot;}},{&quot;networkType&quot;:&quot;socialNetworks&quot;,&quot;network&quot;:&quot;linkedin&quot;,&quot;isUpIcon&quot;:false,&quot;icon&quot;:{&quot;class&quot;:&quot;fab fa-linkedin-in&quot;,&quot;color&quot;:&quot;#0a66c2&quot;},&quot;upIcon&quot;:{&quot;id&quot;:null,&quot;url&quot;:&quot;&quot;,&quot;alt&quot;:&quot;&quot;,&quot;title&quot;:&quot;&quot;}},{&quot;networkType&quot;:&quot;socialNetworks&quot;,&quot;network&quot;:&quot;pinterest&quot;,&quot;isUpIcon&quot;:false,&quot;icon&quot;:{&quot;class&quot;:&quot;fab fa-pinterest-p&quot;,&quot;color&quot;:&quot;#bd081c&quot;,&quot;styles&quot;:&quot;color: #bd081c;&quot;,&quot;name&quot;:&quot;&quot;,&quot;fontSize&quot;:16,&quot;colorType&quot;:&quot;solid&quot;,&quot;gradient&quot;:&quot;linear-gradient(135deg, #4527a4, #8344c5)&quot;},&quot;upIcon&quot;:{&quot;id&quot;:null,&quot;url&quot;:&quot;&quot;,&quot;alt&quot;:&quot;&quot;,&quot;title&quot;:&quot;&quot;}}],&quot;alignment&quot;:&quot;center&quot;,&quot;background&quot;:{&quot;color&quot;:&quot;#0000&quot;,&quot;type&quot;:&quot;solid&quot;,&quot;gradient&quot;:&quot;linear-gradient(135deg, #4527a4, #8344c5)&quot;,&quot;image&quot;:[],&quot;position&quot;:&quot;center center&quot;,&quot;attachment&quot;:&quot;initial&quot;,&quot;repeat&quot;:&quot;no-repeat&quot;,&quot;size&quot;:&quot;cover&quot;,&quot;overlayColor&quot;:&quot;#000000b3&quot;,&quot;styles&quot;:&quot;background-color: #0000;&quot;},&quot;border&quot;:{&quot;radius&quot;:&quot;50%&quot;,&quot;width&quot;:&quot;0px&quot;,&quot;style&quot;:&quot;solid&quot;,&quot;color&quot;:&quot;#0000&quot;,&quot;side&quot;:&quot;all&quot;,&quot;styles&quot;:&quot;border-radius: 50%;&quot;},&quot;shadow&quot;:{&quot;type&quot;:&quot;box&quot;,&quot;hOffset&quot;:&quot;0px&quot;,&quot;vOffset&quot;:&quot;0px&quot;,&quot;blur&quot;:&quot;0px&quot;,&quot;spreed&quot;:&quot;0px&quot;,&quot;color&quot;:&quot;#7090b0&quot;,&quot;isInset&quot;:false,&quot;styles&quot;:&quot;0px 0px 0px 0px #7090b0&quot;},&quot;align&quot;:&quot;&quot;,&quot;theme&quot;:&quot;default&quot;,&quot;size&quot;:&quot;28px&quot;,&quot;padding&quot;:&quot;10px&quot;,&quot;margin&quot;:&quot;10px&quot;,&quot;openPopupId&quot;:&quot;&quot;}'>\n\t\t\t<div class='bssbStyle'><\/div>\n\n\t\t\t<ul class='bssbSocialShare'>\n\t\t\t\t\n\t\t\t\t\t<li class='icon icon-0' data-social='facebook'>\n\t\t\t\t\t\t<i class='fab fa-facebook-f'><\/i>\t\t\t\t\t<\/il>\n\t\t\t\t\n\t\t\t\t\t<li class='icon icon-1' data-social='twitter'>\n\t\t\t\t\t\t<i class='fab fa-twitter'><\/i>\t\t\t\t\t<\/il>\n\t\t\t\t\n\t\t\t\t\t<li class='icon icon-2' data-social='linkedin'>\n\t\t\t\t\t\t<i class='fab fa-linkedin-in'><\/i>\t\t\t\t\t<\/il>\n\t\t\t\t\n\t\t\t\t\t<li class='icon icon-3' data-social='pinterest'>\n\t\t\t\t\t\t<i class='fab fa-pinterest-p'><\/i>\t\t\t\t\t<\/il>\n\t\t\t\t\t\t\t<\/ul>\n\t\t<\/div>\n\n\t\t","protected":false},"excerpt":{"rendered":"<p>As etiquetas auriculares para bovinos JYL-Tech s\u00e3o etiquetas auriculares RFID UHF inovadoras com um alcance de leitura superior. As etiquetas auriculares para gado JYL-Tech s\u00e3o concebidas para satisfazer as condi\u00e7\u00f5es ambientais adversas na ind\u00fastria pecu\u00e1ria. Equipadas com o chip Alien H9, estas etiquetas proporcionam uma utiliza\u00e7\u00e3o fi\u00e1vel e oferecem um alcance de leitura superior atrav\u00e9s [&hellip;]<\/p>\n","protected":false},"author":1,"featured_media":0,"parent":0,"menu_order":0,"comment_status":"closed","ping_status":"closed","template":"","meta":{"site-sidebar-layout":"default","site-content-layout":"","ast-site-content-layout":"","site-content-style":"default","site-sidebar-style":"default","ast-global-header-display":"","ast-banner-title-visibility":"","ast-main-header-display":"","ast-hfb-above-header-display":"","ast-hfb-below-header-display":"","ast-hfb-mobile-header-display":"","site-post-title":"","ast-breadcrumbs-content":"","ast-featured-img":"","footer-sml-layout":"","theme-transparent-header-meta":"","adv-header-id-meta":"","stick-header-meta":"","header-above-stick-meta":"","header-main-stick-meta":"","header-below-stick-meta":"","astra-migrate-meta-layouts":"default","ast-page-background-enabled":"default","ast-page-background-meta":{"desktop":{"background-color":"","background-image":"","background-repeat":"repeat","background-position":"center center","background-size":"auto","background-attachment":"scroll","background-type":"","background-media":"","overlay-type":"","overlay-color":"","overlay-opacity":"","overlay-gradient":""},"tablet":{"background-color":"","background-image":"","background-repeat":"repeat","background-position":"center center","background-size":"auto","background-attachment":"scroll","background-type":"","background-media":"","overlay-type":"","overlay-color":"","overlay-opacity":"","overlay-gradient":""},"mobile":{"background-color":"","background-image":"","background-repeat":"repeat","background-position":"center center","background-size":"auto","background-attachment":"scroll","background-type":"","background-media":"","overlay-type":"","overlay-color":"","overlay-opacity":"","overlay-gradient":""}},"ast-content-background-meta":{"desktop":{"background-color":"var(--ast-global-color-5)","background-image":"","background-repeat":"repeat","background-position":"center center","background-size":"auto","background-attachment":"scroll","background-type":"","background-media":"","overlay-type":"","overlay-color":"","overlay-opacity":"","overlay-gradient":""},"tablet":{"background-color":"var(--ast-global-color-5)","background-image":"","background-repeat":"repeat","background-position":"center center","background-size":"auto","background-attachment":"scroll","background-type":"","background-media":"","overlay-type":"","overlay-color":"","overlay-opacity":"","overlay-gradient":""},"mobile":{"background-color":"var(--ast-global-color-5)","background-image":"","background-repeat":"repeat","background-position":"center center","background-size":"auto","background-attachment":"scroll","background-type":"","background-media":"","overlay-type":"","overlay-color":"","overlay-opacity":"","overlay-gradient":""}},"footnotes":""},"class_list":["post-36637","page","type-page","status-publish","hentry"],"yoast_head":"<!-- This site is optimized with the Yoast SEO Premium plugin v20.13 (Yoast SEO v25.3) - https:\/\/yoast.com\/wordpress\/plugins\/seo\/ -->\n<title>Etiqueta RFID UHF de orelha de gado JYL-Tech<\/title>\n<meta name=\"description\" content=\"JYL-Tech Cattle Ear Tags are innovate UHF RFID ear tags with superior read range and meet rugged environmental conditions .\" \/>\n<meta name=\"robots\" content=\"index, follow, max-snippet:-1, max-image-preview:large, max-video-preview:-1\" \/>\n<link rel=\"canonical\" href=\"https:\/\/www.jyl-world.com\/cattle-ear-uhf-rfid-tag\/\" \/>\n<meta property=\"og:locale\" content=\"pt_PT\" \/>\n<meta property=\"og:type\" content=\"article\" \/>\n<meta property=\"og:title\" content=\"Etiqueta RFID UHF de orelha de gado JYL-Tech\" \/>\n<meta property=\"og:description\" content=\"JYL-Tech Cattle Ear Tags are innovate UHF RFID ear tags with superior read range and meet rugged environmental conditions .\" \/>\n<meta property=\"og:url\" content=\"https:\/\/www.jyl-world.com\/cattle-ear-uhf-rfid-tag\/\" \/>\n<meta property=\"og:site_name\" content=\"JYL-Tech RFID Expert\" \/>\n<meta property=\"article:publisher\" content=\"https:\/\/www.facebook.com\/Jyl-Tech-117869034237570\" \/>\n<meta property=\"article:modified_time\" content=\"2024-08-03T09:35:15+00:00\" \/>\n<meta property=\"og:image\" content=\"https:\/\/www.jyl-world.com\/wp-content\/uploads\/2023\/05\/JYL-Tech-UHF-Ear-Tag.jpg\" \/>\n<meta name=\"twitter:card\" content=\"summary_large_image\" \/>\n<meta name=\"twitter:description\" content=\"JYL-Tech Cattle Ear Tags are innovate UHF RFID ear tags with superior read range and meet rugged environmental conditions .\" \/>\n<meta name=\"twitter:site\" content=\"@jyltech\" \/>\n<meta name=\"twitter:label1\" content=\"Tempo estimado de leitura\" \/>\n\t<meta name=\"twitter:data1\" content=\"2 minutos\" \/>\n<script type=\"application\/ld+json\" class=\"yoast-schema-graph\">{\"@context\":\"https:\/\/schema.org\",\"@graph\":[{\"@type\":\"WebPage\",\"@id\":\"https:\/\/www.jyl-world.com\/cattle-ear-uhf-rfid-tag\/\",\"url\":\"https:\/\/www.jyl-world.com\/cattle-ear-uhf-rfid-tag\/\",\"name\":\"Etiqueta RFID UHF de orelha de gado JYL-Tech\",\"isPartOf\":{\"@id\":\"https:\/\/www.jyl-world.com\/#website\"},\"primaryImageOfPage\":{\"@id\":\"https:\/\/www.jyl-world.com\/cattle-ear-uhf-rfid-tag\/#primaryimage\"},\"image\":{\"@id\":\"https:\/\/www.jyl-world.com\/cattle-ear-uhf-rfid-tag\/#primaryimage\"},\"thumbnailUrl\":\"https:\/\/www.jyl-world.com\/wp-content\/uploads\/2023\/05\/JYL-Tech-UHF-Ear-Tag.jpg\",\"datePublished\":\"2023-05-27T09:57:46+00:00\",\"dateModified\":\"2024-08-03T09:35:15+00:00\",\"description\":\"JYL-Tech Cattle Ear Tags are innovate UHF RFID ear tags with superior read range and meet rugged environmental conditions .\",\"breadcrumb\":{\"@id\":\"https:\/\/www.jyl-world.com\/cattle-ear-uhf-rfid-tag\/#breadcrumb\"},\"inLanguage\":\"pt-PT\",\"potentialAction\":[{\"@type\":\"ReadAction\",\"target\":[\"https:\/\/www.jyl-world.com\/cattle-ear-uhf-rfid-tag\/\"]}]},{\"@type\":\"ImageObject\",\"inLanguage\":\"pt-PT\",\"@id\":\"https:\/\/www.jyl-world.com\/cattle-ear-uhf-rfid-tag\/#primaryimage\",\"url\":\"https:\/\/www.jyl-world.com\/wp-content\/uploads\/2023\/05\/JYL-Tech-UHF-Ear-Tag.jpg\",\"contentUrl\":\"https:\/\/www.jyl-world.com\/wp-content\/uploads\/2023\/05\/JYL-Tech-UHF-Ear-Tag.jpg\"},{\"@type\":\"BreadcrumbList\",\"@id\":\"https:\/\/www.jyl-world.com\/cattle-ear-uhf-rfid-tag\/#breadcrumb\",\"itemListElement\":[{\"@type\":\"ListItem\",\"position\":1,\"name\":\"\u9996\u9875\",\"item\":\"https:\/\/www.jyl-world.com\/\"},{\"@type\":\"ListItem\",\"position\":2,\"name\":\"Etiqueta RFID UHF de orelha de gado JYL-Tech\"}]},{\"@type\":\"WebSite\",\"@id\":\"https:\/\/www.jyl-world.com\/#website\",\"url\":\"https:\/\/www.jyl-world.com\/\",\"name\":\"JYL-Tech RFID Expert\",\"description\":\"JYL-Tech RFID Fit For Each Unique Demand\",\"publisher\":{\"@id\":\"https:\/\/www.jyl-world.com\/#organization\"},\"potentialAction\":[{\"@type\":\"SearchAction\",\"target\":{\"@type\":\"EntryPoint\",\"urlTemplate\":\"https:\/\/www.jyl-world.com\/?s={search_term_string}\"},\"query-input\":{\"@type\":\"PropertyValueSpecification\",\"valueRequired\":true,\"valueName\":\"search_term_string\"}}],\"inLanguage\":\"pt-PT\"},{\"@type\":\"Organization\",\"@id\":\"https:\/\/www.jyl-world.com\/#organization\",\"name\":\"JYL-Tech RFID Expert\",\"url\":\"https:\/\/www.jyl-world.com\/\",\"logo\":{\"@type\":\"ImageObject\",\"inLanguage\":\"pt-PT\",\"@id\":\"https:\/\/www.jyl-world.com\/#\/schema\/logo\/image\/\",\"url\":\"https:\/\/www.jyl-world.com\/wp-content\/uploads\/2023\/04\/cropped-JYL-TECH-LOGO.png\",\"contentUrl\":\"https:\/\/www.jyl-world.com\/wp-content\/uploads\/2023\/04\/cropped-JYL-TECH-LOGO.png\",\"width\":1413,\"height\":344,\"caption\":\"JYL-Tech RFID Expert\"},\"image\":{\"@id\":\"https:\/\/www.jyl-world.com\/#\/schema\/logo\/image\/\"},\"sameAs\":[\"https:\/\/www.facebook.com\/Jyl-Tech-117869034237570\",\"https:\/\/x.com\/jyltech\",\"https:\/\/www.linkedin.com\/company\/jyltechnology\"]}]}<\/script>\n<!-- \/ Yoast SEO Premium plugin. -->","yoast_head_json":{"title":"Etiqueta RFID UHF de orelha de gado JYL-Tech","description":"JYL-Tech Cattle Ear Tags are innovate UHF RFID ear tags with superior read range and meet rugged environmental conditions .","robots":{"index":"index","follow":"follow","max-snippet":"max-snippet:-1","max-image-preview":"max-image-preview:large","max-video-preview":"max-video-preview:-1"},"canonical":"https:\/\/www.jyl-world.com\/cattle-ear-uhf-rfid-tag\/","og_locale":"pt_PT","og_type":"article","og_title":"Etiqueta RFID UHF de orelha de gado JYL-Tech","og_description":"JYL-Tech Cattle Ear Tags are innovate UHF RFID ear tags with superior read range and meet rugged environmental conditions .","og_url":"https:\/\/www.jyl-world.com\/cattle-ear-uhf-rfid-tag\/","og_site_name":"JYL-Tech RFID Expert","article_publisher":"https:\/\/www.facebook.com\/Jyl-Tech-117869034237570","article_modified_time":"2024-08-03T09:35:15+00:00","og_image":[{"url":"https:\/\/www.jyl-world.com\/wp-content\/uploads\/2023\/05\/JYL-Tech-UHF-Ear-Tag.jpg","type":"","width":"","height":""}],"twitter_card":"summary_large_image","twitter_description":"JYL-Tech Cattle Ear Tags are innovate UHF RFID ear tags with superior read range and meet rugged environmental conditions .","twitter_site":"@jyltech","twitter_misc":{"Tempo estimado de leitura":"2 minutos"},"schema":{"@context":"https:\/\/schema.org","@graph":[{"@type":"WebPage","@id":"https:\/\/www.jyl-world.com\/cattle-ear-uhf-rfid-tag\/","url":"https:\/\/www.jyl-world.com\/cattle-ear-uhf-rfid-tag\/","name":"Etiqueta RFID UHF de orelha de gado JYL-Tech","isPartOf":{"@id":"https:\/\/www.jyl-world.com\/#website"},"primaryImageOfPage":{"@id":"https:\/\/www.jyl-world.com\/cattle-ear-uhf-rfid-tag\/#primaryimage"},"image":{"@id":"https:\/\/www.jyl-world.com\/cattle-ear-uhf-rfid-tag\/#primaryimage"},"thumbnailUrl":"https:\/\/www.jyl-world.com\/wp-content\/uploads\/2023\/05\/JYL-Tech-UHF-Ear-Tag.jpg","datePublished":"2023-05-27T09:57:46+00:00","dateModified":"2024-08-03T09:35:15+00:00","description":"JYL-Tech Cattle Ear Tags are innovate UHF RFID ear tags with superior read range and meet rugged environmental conditions .","breadcrumb":{"@id":"https:\/\/www.jyl-world.com\/cattle-ear-uhf-rfid-tag\/#breadcrumb"},"inLanguage":"pt-PT","potentialAction":[{"@type":"ReadAction","target":["https:\/\/www.jyl-world.com\/cattle-ear-uhf-rfid-tag\/"]}]},{"@type":"ImageObject","inLanguage":"pt-PT","@id":"https:\/\/www.jyl-world.com\/cattle-ear-uhf-rfid-tag\/#primaryimage","url":"https:\/\/www.jyl-world.com\/wp-content\/uploads\/2023\/05\/JYL-Tech-UHF-Ear-Tag.jpg","contentUrl":"https:\/\/www.jyl-world.com\/wp-content\/uploads\/2023\/05\/JYL-Tech-UHF-Ear-Tag.jpg"},{"@type":"BreadcrumbList","@id":"https:\/\/www.jyl-world.com\/cattle-ear-uhf-rfid-tag\/#breadcrumb","itemListElement":[{"@type":"ListItem","position":1,"name":"\u9996\u9875","item":"https:\/\/www.jyl-world.com\/"},{"@type":"ListItem","position":2,"name":"Etiqueta RFID UHF de orelha de gado JYL-Tech"}]},{"@type":"WebSite","@id":"https:\/\/www.jyl-world.com\/#website","url":"https:\/\/www.jyl-world.com\/","name":"JYL-Tech RFID Expert","description":"JYL-Tech RFID Fit For Each Unique Demand","publisher":{"@id":"https:\/\/www.jyl-world.com\/#organization"},"potentialAction":[{"@type":"SearchAction","target":{"@type":"EntryPoint","urlTemplate":"https:\/\/www.jyl-world.com\/?s={search_term_string}"},"query-input":{"@type":"PropertyValueSpecification","valueRequired":true,"valueName":"search_term_string"}}],"inLanguage":"pt-PT"},{"@type":"Organization","@id":"https:\/\/www.jyl-world.com\/#organization","name":"JYL-Tech RFID Expert","url":"https:\/\/www.jyl-world.com\/","logo":{"@type":"ImageObject","inLanguage":"pt-PT","@id":"https:\/\/www.jyl-world.com\/#\/schema\/logo\/image\/","url":"https:\/\/www.jyl-world.com\/wp-content\/uploads\/2023\/04\/cropped-JYL-TECH-LOGO.png","contentUrl":"https:\/\/www.jyl-world.com\/wp-content\/uploads\/2023\/04\/cropped-JYL-TECH-LOGO.png","width":1413,"height":344,"caption":"JYL-Tech RFID Expert"},"image":{"@id":"https:\/\/www.jyl-world.com\/#\/schema\/logo\/image\/"},"sameAs":["https:\/\/www.facebook.com\/Jyl-Tech-117869034237570","https:\/\/x.com\/jyltech","https:\/\/www.linkedin.com\/company\/jyltechnology"]}]}},"uagb_featured_image_src":{"full":false,"thumbnail":false,"medium":false,"medium_large":false,"large":false,"1536x1536":false,"2048x2048":false},"uagb_author_info":{"display_name":"JYL-Tech","author_link":"https:\/\/www.jyl-world.com\/pt-pt\/author\/jwxyz\/"},"uagb_comment_info":0,"uagb_excerpt":"As etiquetas auriculares para bovinos JYL-Tech s\u00e3o etiquetas auriculares RFID UHF inovadoras com um alcance de leitura superior. As etiquetas auriculares para gado JYL-Tech s\u00e3o concebidas para satisfazer as condi\u00e7\u00f5es ambientais adversas na ind\u00fastria pecu\u00e1ria. Equipadas com o chip Alien H9, estas etiquetas proporcionam uma utiliza\u00e7\u00e3o fi\u00e1vel e oferecem um alcance de leitura superior atrav\u00e9s&hellip;","_links":{"self":[{"href":"https:\/\/www.jyl-world.com\/pt-pt\/wp-json\/wp\/v2\/pages\/36637"}],"collection":[{"href":"https:\/\/www.jyl-world.com\/pt-pt\/wp-json\/wp\/v2\/pages"}],"about":[{"href":"https:\/\/www.jyl-world.com\/pt-pt\/wp-json\/wp\/v2\/types\/page"}],"author":[{"embeddable":true,"href":"https:\/\/www.jyl-world.com\/pt-pt\/wp-json\/wp\/v2\/users\/1"}],"replies":[{"embeddable":true,"href":"https:\/\/www.jyl-world.com\/pt-pt\/wp-json\/wp\/v2\/comments?post=36637"}],"version-history":[{"count":2,"href":"https:\/\/www.jyl-world.com\/pt-pt\/wp-json\/wp\/v2\/pages\/36637\/revisions"}],"predecessor-version":[{"id":39193,"href":"https:\/\/www.jyl-world.com\/pt-pt\/wp-json\/wp\/v2\/pages\/36637\/revisions\/39193"}],"wp:attachment":[{"href":"https:\/\/www.jyl-world.com\/pt-pt\/wp-json\/wp\/v2\/media?parent=36637"}],"curies":[{"name":"wp","href":"https:\/\/api.w.org\/{rel}","templated":true}]}}