{"id":36793,"date":"2012-04-10T10:46:00","date_gmt":"2012-04-10T10:46:00","guid":{"rendered":"https:\/\/www.jyl-world.com\/fpcb-rfid-tag\/"},"modified":"2024-08-15T06:05:22","modified_gmt":"2024-08-15T06:05:22","slug":"fpcb-rfid-tag","status":"publish","type":"page","link":"https:\/\/www.jyl-world.com\/pt-pt\/fpcb-rfid-tag\/","title":{"rendered":"Etiqueta RFID FPCB JYL-Tech"},"content":{"rendered":"\n<div class=\"wp-block-columns is-layout-flex wp-container-core-columns-is-layout-1 wp-block-columns-is-layout-flex\">\n<div class=\"wp-block-column is-layout-flow wp-block-column-is-layout-flow\" style=\"flex-basis:33.33%\">\n<figure class=\"wp-block-image aligncenter size-full is-resized is-style-default\"><img loading=\"lazy\" decoding=\"async\" src=\"https:\/\/www.jyl-world.com\/wp-content\/uploads\/2022\/04\/222.jpg\" alt=\"\" class=\"wp-image-26105\" width=\"297\" height=\"250\" srcset=\"https:\/\/www.jyl-world.com\/wp-content\/uploads\/2022\/04\/222.jpg 809w, https:\/\/www.jyl-world.com\/wp-content\/uploads\/2022\/04\/222-768x644.jpg 768w\" sizes=\"(max-width: 297px) 100vw, 297px\" \/><\/figure>\n<\/div>\n\n\n\n<div class=\"wp-block-column is-layout-flow wp-block-column-is-layout-flow\" style=\"flex-basis:66.66%\">\n<p>FPCB (ou FPC) foi nomeado para Flexible Printed Circuit Board. FPC \u00e9 um arranjo padronizado de circuitos impressos formados por grava\u00e7\u00e3o de cobre com um material de base flex\u00edvel de poli\u00e9ster ou poliimida. Ele tem alta confiabilidade e boa flexibilidade refletida. A etiqueta RFID FPCB pode incorporar tecnologia HF e UHF. \u00c9 resistente a altas temperaturas, de modo que pode ser encapsulada por silicone ou pl\u00e1stico.<\/p>\n\n\n\n<p>As vantagens do FPC s\u00e3o tamanho pequeno, peso leve, curvatura din\u00e2mica, sinal forte, alta densidade de circuito e custo de montagem reduzido.<\/p>\n<\/div>\n<\/div>\n\n\n\n<h3 class=\"wp-block-heading\" id=\"h-especificacao-da-etiqueta-rfid-fpc-jyl-tech\"><mark style=\"background-color:rgba(0, 0, 0, 0)\" class=\"has-inline-color has-ast-global-color-0-color\">Especifica\u00e7\u00e3o da etiqueta RFID FPC JYL-Tech:<\/mark><\/h3>\n\n\n\n<figure class=\"wp-block-table is-style-stripes\"><table><tbody><tr><td>N\u00famero do item:<\/td><td><strong>JYL-FPHF<strong>****<\/strong><\/strong> <strong>\/ <strong>JYL-FP<\/strong>UHF****<\/strong><\/td><\/tr><tr><td>Material:<\/td><td>FPC<\/td><\/tr><tr><td>Op\u00e7\u00f5es de chip IC:<\/td><td>HF, NFC, UHF<\/td><\/tr><tr><td>Tamanho:<\/td><td>HF\/NFC : Dia8mm\/10mm\/12mm , 15X15mm, 6X16mm, 8X12mm, 8x18mm<br>UHF: 49(L) x 09(W) x 1.02(T) mm \/ 25(L) x 25(W) x 1.15(T) mm <\/td><\/tr><tr><td>Aderente:<\/td><td>Sim, opcional<\/td><\/tr><tr><td>Material anti-metal:<\/td><td>Sim, opcional<\/td><\/tr><tr><td>Superf\u00edcie aplic\u00e1vel:<\/td><td>Superf\u00edcie met\u00e1lica\/n\u00e3o met\u00e1lica<\/td><\/tr><\/tbody><\/table><\/figure>\n\n\n\n<h5 class=\"wp-block-heading\" id=\"h-opcoes-de-ci\">Op\u00e7\u00f5es de CI:<\/h5>\n\n\n\n<p><strong>HF 13.56Mhz :<\/strong><br>\u2013 ISO14443A: MIFARE Classic\u00ae, MIFARE\u00ae DESFire\u00ae, MIFARE Plus\u00ae, MIFARE Ultralight\u00ae, Fudan FM11RF08, etc.<br>\u2013 ISO18092: NTAG\u00ae 213, NTAG\u00ae 215, NTAG\u00ae 216, Topaz512, etc.<br>\u2013 ISO15693: NXP ICODE\u00ae SLIX, TI Tag it HF-I, ST LRI, etc.<br><strong>UHF 840-960Mhz :<\/strong><br>\u2013 Alien Higgs, Monza 3, Monza 4D, Monza 4QT, Monza R6, Monza R6-P, Impinj M730 ,Impinj M750 etc.<\/p>\n\n\n\n<p>A JYL-Tech pode personalizar as Etiquetas RFID FPC para atender aos seus requisitos exclusivos de tipo de chip, tamanho, programa\u00e7\u00e3o e materiais. Entre em contato conosco para saber mais sobre a linha completa de solu\u00e7\u00f5es da JYL-Tech para v\u00e1rias Etiquetas RFID.<\/p>\n\n\n\n<div style=\"height:50px\" aria-hidden=\"true\" class=\"wp-block-spacer\"><\/div>\n\n\n\n<p><strong><mark style=\"background-color:rgba(0, 0, 0, 0)\" class=\"has-inline-color has-ast-global-color-0-color\">Folha de dados JYL-FPHF0505-N213FPC<\/mark><\/strong><\/p>\n\n\n\n<figure class=\"wp-block-image size-full\"><a href=\"https:\/\/www.jyl-world.com\/wp-content\/uploads\/2023\/12\/JYL-FPHF0505-N213FPC-Datasheet.pdf\"><img loading=\"lazy\" decoding=\"async\" width=\"110\" height=\"137\" src=\"https:\/\/www.jyl-world.com\/wp-content\/uploads\/2023\/06\/PDF-JYLTech.jpg\" alt=\"\" class=\"wp-image-31504\"\/><\/a><\/figure>\n\n\n\n<p><strong><mark style=\"background-color:rgba(0, 0, 0, 0)\" class=\"has-inline-color has-ast-global-color-0-color\">Folha de dados JYL-FPHF0812-N213FPC<\/mark><\/strong><\/p>\n\n\n\n<figure class=\"wp-block-image size-full\"><a href=\"https:\/\/www.jyl-world.com\/wp-content\/uploads\/2024\/01\/JYL-FPHF0812-N213FPC-Datasheet.pdf\"><img loading=\"lazy\" decoding=\"async\" width=\"110\" height=\"137\" src=\"https:\/\/www.jyl-world.com\/wp-content\/uploads\/2023\/06\/PDF-JYLTech.jpg\" alt=\"\" class=\"wp-image-31504\"\/><\/a><\/figure>\n\n\n\n<div style=\"height:50px\" aria-hidden=\"true\" class=\"wp-block-spacer\"><\/div>\n\n\n\n<h2 class=\"wp-block-heading\" id=\"h-formulario-de-contato\">Formul\u00e1rio de contato<\/h2>\n\n\n\n<h5 class=\"wp-block-heading\" id=\"h-podemos-ajudar-voce\">Podemos ajudar voc\u00ea?<\/h5>\n\n\n\n<p>Encontre o produto ou solu\u00e7\u00e3o RFID que atenda \u00e0s suas necessidades comerciais. Pe\u00e7a para ajudarmos voc\u00ea a encontrar a decis\u00e3o certa.<\/p>\n\n\n<div class=\"wpforms-container \" id=\"wpforms-5\"><form id=\"wpforms-form-5\" class=\"wpforms-validate wpforms-form\" data-formid=\"5\" method=\"post\" enctype=\"multipart\/form-data\" action=\"\/pt-pt\/wp-json\/wp\/v2\/pages\/36793\" data-token=\"8987ce6df665b28cfe8f2c81696641b0\"><noscript class=\"wpforms-error-noscript\">Please enable JavaScript in your browser to complete this form.<\/noscript><div class=\"wpforms-field-container\"><div id=\"wpforms-5-field_3-container\" class=\"wpforms-field wpforms-field-text\" data-field-id=\"3\"><label class=\"wpforms-field-label wpforms-label-hide\" for=\"wpforms-5-field_3\">Name <span class=\"wpforms-required-label\">*<\/span><\/label><input type=\"text\" id=\"wpforms-5-field_3\" class=\"wpforms-field-large wpforms-field-required\" name=\"wpforms[fields][3]\" placeholder=\"Name *\" required><\/div><div id=\"wpforms-5-field_9-container\" class=\"wpforms-field wpforms-field-text\" data-field-id=\"9\"><label class=\"wpforms-field-label wpforms-label-hide\" for=\"wpforms-5-field_9\">Company  <span class=\"wpforms-required-label\">*<\/span><\/label><input type=\"text\" id=\"wpforms-5-field_9\" class=\"wpforms-field-large wpforms-field-required\" name=\"wpforms[fields][9]\" placeholder=\"Company *\" required><\/div><div id=\"wpforms-5-field_1-container\" class=\"wpforms-field wpforms-field-email\" data-field-id=\"1\"><label class=\"wpforms-field-label wpforms-label-hide\" for=\"wpforms-5-field_1\">Email <span class=\"wpforms-required-label\">*<\/span><\/label><input type=\"email\" id=\"wpforms-5-field_1\" class=\"wpforms-field-large wpforms-field-required\" name=\"wpforms[fields][1]\" placeholder=\"Email *\" required><\/div><div id=\"wpforms-5-field_8-container\" class=\"wpforms-field wpforms-field-text\" data-field-id=\"8\"><label class=\"wpforms-field-label wpforms-label-hide\" for=\"wpforms-5-field_8\">Phone \/ Skype \/ Whatsapp <span class=\"wpforms-required-label\">*<\/span><\/label><input type=\"text\" id=\"wpforms-5-field_8\" class=\"wpforms-field-large wpforms-field-required\" name=\"wpforms[fields][8]\" placeholder=\"Phone \/ Skype \/ Whatsapp *\" required><\/div><div id=\"wpforms-5-field_10-container\" class=\"wpforms-field wpforms-field-text\" data-field-id=\"10\"><label class=\"wpforms-field-label wpforms-label-hide\" for=\"wpforms-5-field_10\">Business Type<\/label><input type=\"text\" id=\"wpforms-5-field_10\" class=\"wpforms-field-large\" name=\"wpforms[fields][10]\" placeholder=\"Business Type\" ><\/div><div id=\"wpforms-5-field_14-container\" class=\"wpforms-field wpforms-field-text\" data-field-id=\"14\"><label class=\"wpforms-field-label wpforms-label-hide\" for=\"wpforms-5-field_14\">Country<\/label><input type=\"text\" id=\"wpforms-5-field_14\" class=\"wpforms-field-large\" name=\"wpforms[fields][14]\" placeholder=\"Country\" ><\/div><div id=\"wpforms-5-field_2-container\" class=\"wpforms-field wpforms-field-textarea\" data-field-id=\"2\"><label class=\"wpforms-field-label wpforms-label-hide\" for=\"wpforms-5-field_2\">Inquiry \/ Message<\/label><textarea id=\"wpforms-5-field_2\" class=\"wpforms-field-medium\" name=\"wpforms[fields][2]\" placeholder=\"As an industrial RFID manufacturer, we need more details about your project to expedite processing\" ><\/textarea><\/div><\/div><input type=\"hidden\" name=\"wpforms[recaptcha]\" value=\"\"><div class=\"wpforms-submit-container\"><input type=\"hidden\" name=\"wpforms[id]\" value=\"5\"><input type=\"hidden\" name=\"wpforms[author]\" value=\"1\"><button type=\"submit\" name=\"wpforms[submit]\" id=\"wpforms-submit-5\" class=\"wpforms-submit\" data-alt-text=\"Sending...\" data-submit-text=\"Send Message\" aria-live=\"assertive\" value=\"wpforms-submit\">Send Message<\/button><\/div><\/form><\/div>  <!-- .wpforms-container -->\n\n\n<p class=\"has-text-align-center\"><strong>Compartilhe esta p\u00e1gina<\/strong><\/p>\n\n\n\t\t<div class='wp-block-bssb-social-share alignwide' id='bssbSocialShare-b697d1a0-6' data-attributes='{&quot;align&quot;:&quot;wide&quot;,&quot;cId&quot;:&quot;b697d1a0-6&quot;,&quot;socials&quot;:[{&quot;networkType&quot;:&quot;socialNetworks&quot;,&quot;network&quot;:&quot;linkedin&quot;,&quot;isUpIcon&quot;:false,&quot;icon&quot;:{&quot;class&quot;:&quot;fab fa-linkedin-in&quot;,&quot;color&quot;:&quot;#0a66c2&quot;,&quot;styles&quot;:&quot;color: #0a66c2;&quot;,&quot;name&quot;:&quot;&quot;,&quot;fontSize&quot;:16,&quot;colorType&quot;:&quot;solid&quot;,&quot;gradient&quot;:&quot;linear-gradient(135deg, #4527a4, #8344c5)&quot;},&quot;upIcon&quot;:{&quot;id&quot;:null,&quot;url&quot;:&quot;&quot;,&quot;alt&quot;:&quot;&quot;,&quot;title&quot;:&quot;&quot;}},{&quot;networkType&quot;:&quot;socialNetworks&quot;,&quot;network&quot;:&quot;twitter&quot;,&quot;isUpIcon&quot;:false,&quot;icon&quot;:{&quot;class&quot;:&quot;fab fa-twitter&quot;,&quot;color&quot;:&quot;#1da1f2&quot;},&quot;upIcon&quot;:{&quot;id&quot;:null,&quot;url&quot;:&quot;&quot;,&quot;alt&quot;:&quot;&quot;,&quot;title&quot;:&quot;&quot;}},{&quot;networkType&quot;:&quot;socialNetworks&quot;,&quot;network&quot;:&quot;pinterest&quot;,&quot;isUpIcon&quot;:false,&quot;icon&quot;:{&quot;class&quot;:&quot;fab fa-pinterest-p&quot;,&quot;color&quot;:&quot;#bd081c&quot;,&quot;styles&quot;:&quot;color: #bd081c;&quot;,&quot;name&quot;:&quot;&quot;,&quot;fontSize&quot;:16,&quot;colorType&quot;:&quot;solid&quot;,&quot;gradient&quot;:&quot;linear-gradient(135deg, #4527a4, #8344c5)&quot;},&quot;upIcon&quot;:{&quot;id&quot;:null,&quot;url&quot;:&quot;&quot;,&quot;alt&quot;:&quot;&quot;,&quot;title&quot;:&quot;&quot;}},{&quot;networkType&quot;:&quot;socialNetworks&quot;,&quot;network&quot;:&quot;facebook&quot;,&quot;isUpIcon&quot;:false,&quot;icon&quot;:{&quot;class&quot;:&quot;fab fa-facebook-f&quot;,&quot;color&quot;:&quot;#1877f2&quot;,&quot;styles&quot;:&quot;color: #1877f2;&quot;,&quot;name&quot;:&quot;&quot;,&quot;fontSize&quot;:16,&quot;colorType&quot;:&quot;solid&quot;,&quot;gradient&quot;:&quot;linear-gradient(135deg, #4527a4, #8344c5)&quot;},&quot;upIcon&quot;:{&quot;id&quot;:null,&quot;url&quot;:&quot;&quot;,&quot;alt&quot;:&quot;&quot;,&quot;title&quot;:&quot;&quot;}}],&quot;alignment&quot;:&quot;center&quot;,&quot;background&quot;:{&quot;color&quot;:&quot;#0000&quot;,&quot;type&quot;:&quot;solid&quot;,&quot;gradient&quot;:&quot;linear-gradient(135deg, #4527a4, #8344c5)&quot;,&quot;image&quot;:[],&quot;position&quot;:&quot;center center&quot;,&quot;attachment&quot;:&quot;initial&quot;,&quot;repeat&quot;:&quot;no-repeat&quot;,&quot;size&quot;:&quot;cover&quot;,&quot;overlayColor&quot;:&quot;#000000b3&quot;,&quot;styles&quot;:&quot;background-color: #0000;&quot;},&quot;border&quot;:{&quot;radius&quot;:&quot;50%&quot;,&quot;width&quot;:&quot;0px&quot;,&quot;style&quot;:&quot;solid&quot;,&quot;color&quot;:&quot;#0000&quot;,&quot;side&quot;:&quot;all&quot;,&quot;styles&quot;:&quot;border-radius: 50%;&quot;},&quot;shadow&quot;:{&quot;type&quot;:&quot;box&quot;,&quot;hOffset&quot;:&quot;0px&quot;,&quot;vOffset&quot;:&quot;0px&quot;,&quot;blur&quot;:&quot;0px&quot;,&quot;spreed&quot;:&quot;0px&quot;,&quot;color&quot;:&quot;#7090b0&quot;,&quot;isInset&quot;:false,&quot;styles&quot;:&quot;0px 0px 0px 0px #7090b0&quot;},&quot;theme&quot;:&quot;default&quot;,&quot;size&quot;:&quot;28px&quot;,&quot;padding&quot;:&quot;10px&quot;,&quot;margin&quot;:&quot;10px&quot;,&quot;openPopupId&quot;:&quot;&quot;}'>\n\t\t\t<div class='bssbStyle'><\/div>\n\n\t\t\t<ul class='bssbSocialShare'>\n\t\t\t\t\n\t\t\t\t\t<li class='icon icon-0' data-social='linkedin'>\n\t\t\t\t\t\t<i class='fab fa-linkedin-in'><\/i>\t\t\t\t\t<\/il>\n\t\t\t\t\n\t\t\t\t\t<li class='icon icon-1' data-social='twitter'>\n\t\t\t\t\t\t<i class='fab fa-twitter'><\/i>\t\t\t\t\t<\/il>\n\t\t\t\t\n\t\t\t\t\t<li class='icon icon-2' data-social='pinterest'>\n\t\t\t\t\t\t<i class='fab fa-pinterest-p'><\/i>\t\t\t\t\t<\/il>\n\t\t\t\t\n\t\t\t\t\t<li class='icon icon-3' data-social='facebook'>\n\t\t\t\t\t\t<i class='fab fa-facebook-f'><\/i>\t\t\t\t\t<\/il>\n\t\t\t\t\t\t\t<\/ul>\n\t\t<\/div>\n\n\t\t","protected":false},"excerpt":{"rendered":"<p>FPCB (ou FPC) foi nomeado para Flexible Printed Circuit Board. FPC \u00e9 um arranjo padronizado de circuitos impressos formados por grava\u00e7\u00e3o de cobre com um material de base flex\u00edvel de poli\u00e9ster ou poliimida. Ele tem alta confiabilidade e boa flexibilidade refletida. A etiqueta RFID FPCB pode incorporar tecnologia HF e UHF. \u00c9 resistente a altas [&hellip;]<\/p>\n","protected":false},"author":1,"featured_media":0,"parent":0,"menu_order":0,"comment_status":"closed","ping_status":"closed","template":"","meta":{"site-sidebar-layout":"default","site-content-layout":"","ast-site-content-layout":"","site-content-style":"default","site-sidebar-style":"default","ast-global-header-display":"","ast-banner-title-visibility":"","ast-main-header-display":"","ast-hfb-above-header-display":"","ast-hfb-below-header-display":"","ast-hfb-mobile-header-display":"","site-post-title":"","ast-breadcrumbs-content":"","ast-featured-img":"","footer-sml-layout":"","theme-transparent-header-meta":"","adv-header-id-meta":"","stick-header-meta":"","header-above-stick-meta":"","header-main-stick-meta":"","header-below-stick-meta":"","astra-migrate-meta-layouts":"default","ast-page-background-enabled":"default","ast-page-background-meta":{"desktop":{"background-color":"","background-image":"","background-repeat":"repeat","background-position":"center center","background-size":"auto","background-attachment":"scroll","background-type":"","background-media":"","overlay-type":"","overlay-color":"","overlay-opacity":"","overlay-gradient":""},"tablet":{"background-color":"","background-image":"","background-repeat":"repeat","background-position":"center center","background-size":"auto","background-attachment":"scroll","background-type":"","background-media":"","overlay-type":"","overlay-color":"","overlay-opacity":"","overlay-gradient":""},"mobile":{"background-color":"","background-image":"","background-repeat":"repeat","background-position":"center center","background-size":"auto","background-attachment":"scroll","background-type":"","background-media":"","overlay-type":"","overlay-color":"","overlay-opacity":"","overlay-gradient":""}},"ast-content-background-meta":{"desktop":{"background-color":"var(--ast-global-color-5)","background-image":"","background-repeat":"repeat","background-position":"center center","background-size":"auto","background-attachment":"scroll","background-type":"","background-media":"","overlay-type":"","overlay-color":"","overlay-opacity":"","overlay-gradient":""},"tablet":{"background-color":"var(--ast-global-color-5)","background-image":"","background-repeat":"repeat","background-position":"center center","background-size":"auto","background-attachment":"scroll","background-type":"","background-media":"","overlay-type":"","overlay-color":"","overlay-opacity":"","overlay-gradient":""},"mobile":{"background-color":"var(--ast-global-color-5)","background-image":"","background-repeat":"repeat","background-position":"center center","background-size":"auto","background-attachment":"scroll","background-type":"","background-media":"","overlay-type":"","overlay-color":"","overlay-opacity":"","overlay-gradient":""}},"footnotes":""},"class_list":["post-36793","page","type-page","status-publish","hentry"],"yoast_head":"<!-- This site is optimized with the Yoast SEO Premium plugin v20.13 (Yoast SEO v25.3) - https:\/\/yoast.com\/wordpress\/plugins\/seo\/ -->\n<title>Etiqueta RFID FPCB JYL-Tech - JYL-Tech RFID Expert<\/title>\n<meta name=\"description\" content=\"FPC RFID tag can embed both HF and UHF technology. It is high-temperature resistant so that it can be encapsulated by silicone or plastic .\" \/>\n<meta name=\"robots\" content=\"index, follow, max-snippet:-1, max-image-preview:large, max-video-preview:-1\" \/>\n<link rel=\"canonical\" href=\"https:\/\/www.jyl-world.com\/pt-pt\/fpcb-rfid-tag\/\" \/>\n<meta property=\"og:locale\" content=\"pt_PT\" \/>\n<meta property=\"og:type\" content=\"article\" \/>\n<meta property=\"og:title\" content=\"Etiqueta RFID FPCB JYL-Tech - JYL-Tech RFID Expert\" \/>\n<meta property=\"og:description\" content=\"FPCB RFID tag can embed both HF and UHF technology. It is high-temperature resistant so that it can be encapsulated by silicone or plastic .\" \/>\n<meta property=\"og:url\" content=\"https:\/\/www.jyl-world.com\/pt-pt\/fpcb-rfid-tag\/\" \/>\n<meta property=\"og:site_name\" content=\"JYL-Tech RFID Expert\" \/>\n<meta property=\"article:publisher\" content=\"https:\/\/www.facebook.com\/Jyl-Tech-117869034237570\" \/>\n<meta property=\"article:modified_time\" content=\"2024-08-15T06:05:22+00:00\" \/>\n<meta property=\"og:image\" content=\"https:\/\/www.jyl-world.com\/wp-content\/uploads\/2022\/04\/222.jpg\" \/>\n<meta name=\"twitter:card\" content=\"summary_large_image\" \/>\n<meta name=\"twitter:title\" content=\"Etiqueta RFID FPCB JYL-Tech - JYL-Tech RFID Expert\" \/>\n<meta name=\"twitter:description\" content=\"FPCB RFID tag can embed both HF and UHF technology. It is high-temperature resistant so that it can be encapsulated by silicone or plastic .\" \/>\n<meta name=\"twitter:site\" content=\"@jyltech\" \/>\n<meta name=\"twitter:label1\" content=\"Tempo estimado de leitura\" \/>\n\t<meta name=\"twitter:data1\" content=\"2 minutos\" \/>\n<script type=\"application\/ld+json\" class=\"yoast-schema-graph\">{\"@context\":\"https:\/\/schema.org\",\"@graph\":[{\"@type\":\"WebPage\",\"@id\":\"https:\/\/www.jyl-world.com\/pt-pt\/fpcb-rfid-tag\/\",\"url\":\"https:\/\/www.jyl-world.com\/pt-pt\/fpcb-rfid-tag\/\",\"name\":\"Etiqueta RFID FPCB JYL-Tech - JYL-Tech RFID Expert\",\"isPartOf\":{\"@id\":\"https:\/\/www.jyl-world.com\/#website\"},\"primaryImageOfPage\":{\"@id\":\"https:\/\/www.jyl-world.com\/pt-pt\/fpcb-rfid-tag\/#primaryimage\"},\"image\":{\"@id\":\"https:\/\/www.jyl-world.com\/pt-pt\/fpcb-rfid-tag\/#primaryimage\"},\"thumbnailUrl\":\"https:\/\/www.jyl-world.com\/wp-content\/uploads\/2022\/04\/222.jpg\",\"datePublished\":\"2012-04-10T10:46:00+00:00\",\"dateModified\":\"2024-08-15T06:05:22+00:00\",\"description\":\"FPC RFID tag can embed both HF and UHF technology. It is high-temperature resistant so that it can be encapsulated by silicone or plastic .\",\"breadcrumb\":{\"@id\":\"https:\/\/www.jyl-world.com\/pt-pt\/fpcb-rfid-tag\/#breadcrumb\"},\"inLanguage\":\"pt-PT\",\"potentialAction\":[{\"@type\":\"ReadAction\",\"target\":[\"https:\/\/www.jyl-world.com\/pt-pt\/fpcb-rfid-tag\/\"]}]},{\"@type\":\"ImageObject\",\"inLanguage\":\"pt-PT\",\"@id\":\"https:\/\/www.jyl-world.com\/pt-pt\/fpcb-rfid-tag\/#primaryimage\",\"url\":\"https:\/\/www.jyl-world.com\/wp-content\/uploads\/2022\/04\/222.jpg\",\"contentUrl\":\"https:\/\/www.jyl-world.com\/wp-content\/uploads\/2022\/04\/222.jpg\"},{\"@type\":\"BreadcrumbList\",\"@id\":\"https:\/\/www.jyl-world.com\/pt-pt\/fpcb-rfid-tag\/#breadcrumb\",\"itemListElement\":[{\"@type\":\"ListItem\",\"position\":1,\"name\":\"\u9996\u9875\",\"item\":\"https:\/\/www.jyl-world.com\/\"},{\"@type\":\"ListItem\",\"position\":2,\"name\":\"Etiqueta RFID FPCB JYL-Tech\"}]},{\"@type\":\"WebSite\",\"@id\":\"https:\/\/www.jyl-world.com\/#website\",\"url\":\"https:\/\/www.jyl-world.com\/\",\"name\":\"JYL-Tech RFID Expert\",\"description\":\"JYL-Tech RFID Fit For Each Unique Demand\",\"publisher\":{\"@id\":\"https:\/\/www.jyl-world.com\/#organization\"},\"potentialAction\":[{\"@type\":\"SearchAction\",\"target\":{\"@type\":\"EntryPoint\",\"urlTemplate\":\"https:\/\/www.jyl-world.com\/?s={search_term_string}\"},\"query-input\":{\"@type\":\"PropertyValueSpecification\",\"valueRequired\":true,\"valueName\":\"search_term_string\"}}],\"inLanguage\":\"pt-PT\"},{\"@type\":\"Organization\",\"@id\":\"https:\/\/www.jyl-world.com\/#organization\",\"name\":\"JYL-Tech RFID Expert\",\"url\":\"https:\/\/www.jyl-world.com\/\",\"logo\":{\"@type\":\"ImageObject\",\"inLanguage\":\"pt-PT\",\"@id\":\"https:\/\/www.jyl-world.com\/#\/schema\/logo\/image\/\",\"url\":\"https:\/\/www.jyl-world.com\/wp-content\/uploads\/2023\/04\/cropped-JYL-TECH-LOGO.png\",\"contentUrl\":\"https:\/\/www.jyl-world.com\/wp-content\/uploads\/2023\/04\/cropped-JYL-TECH-LOGO.png\",\"width\":1413,\"height\":344,\"caption\":\"JYL-Tech RFID Expert\"},\"image\":{\"@id\":\"https:\/\/www.jyl-world.com\/#\/schema\/logo\/image\/\"},\"sameAs\":[\"https:\/\/www.facebook.com\/Jyl-Tech-117869034237570\",\"https:\/\/x.com\/jyltech\",\"https:\/\/www.linkedin.com\/company\/jyltechnology\"]}]}<\/script>\n<!-- \/ Yoast SEO Premium plugin. -->","yoast_head_json":{"title":"Etiqueta RFID FPCB JYL-Tech - JYL-Tech RFID Expert","description":"FPC RFID tag can embed both HF and UHF technology. It is high-temperature resistant so that it can be encapsulated by silicone or plastic .","robots":{"index":"index","follow":"follow","max-snippet":"max-snippet:-1","max-image-preview":"max-image-preview:large","max-video-preview":"max-video-preview:-1"},"canonical":"https:\/\/www.jyl-world.com\/pt-pt\/fpcb-rfid-tag\/","og_locale":"pt_PT","og_type":"article","og_title":"Etiqueta RFID FPCB JYL-Tech - JYL-Tech RFID Expert","og_description":"FPCB RFID tag can embed both HF and UHF technology. It is high-temperature resistant so that it can be encapsulated by silicone or plastic .","og_url":"https:\/\/www.jyl-world.com\/pt-pt\/fpcb-rfid-tag\/","og_site_name":"JYL-Tech RFID Expert","article_publisher":"https:\/\/www.facebook.com\/Jyl-Tech-117869034237570","article_modified_time":"2024-08-15T06:05:22+00:00","og_image":[{"url":"https:\/\/www.jyl-world.com\/wp-content\/uploads\/2022\/04\/222.jpg","type":"","width":"","height":""}],"twitter_card":"summary_large_image","twitter_title":"Etiqueta RFID FPCB JYL-Tech - JYL-Tech RFID Expert","twitter_description":"FPCB RFID tag can embed both HF and UHF technology. It is high-temperature resistant so that it can be encapsulated by silicone or plastic .","twitter_site":"@jyltech","twitter_misc":{"Tempo estimado de leitura":"2 minutos"},"schema":{"@context":"https:\/\/schema.org","@graph":[{"@type":"WebPage","@id":"https:\/\/www.jyl-world.com\/pt-pt\/fpcb-rfid-tag\/","url":"https:\/\/www.jyl-world.com\/pt-pt\/fpcb-rfid-tag\/","name":"Etiqueta RFID FPCB JYL-Tech - JYL-Tech RFID Expert","isPartOf":{"@id":"https:\/\/www.jyl-world.com\/#website"},"primaryImageOfPage":{"@id":"https:\/\/www.jyl-world.com\/pt-pt\/fpcb-rfid-tag\/#primaryimage"},"image":{"@id":"https:\/\/www.jyl-world.com\/pt-pt\/fpcb-rfid-tag\/#primaryimage"},"thumbnailUrl":"https:\/\/www.jyl-world.com\/wp-content\/uploads\/2022\/04\/222.jpg","datePublished":"2012-04-10T10:46:00+00:00","dateModified":"2024-08-15T06:05:22+00:00","description":"FPC RFID tag can embed both HF and UHF technology. It is high-temperature resistant so that it can be encapsulated by silicone or plastic .","breadcrumb":{"@id":"https:\/\/www.jyl-world.com\/pt-pt\/fpcb-rfid-tag\/#breadcrumb"},"inLanguage":"pt-PT","potentialAction":[{"@type":"ReadAction","target":["https:\/\/www.jyl-world.com\/pt-pt\/fpcb-rfid-tag\/"]}]},{"@type":"ImageObject","inLanguage":"pt-PT","@id":"https:\/\/www.jyl-world.com\/pt-pt\/fpcb-rfid-tag\/#primaryimage","url":"https:\/\/www.jyl-world.com\/wp-content\/uploads\/2022\/04\/222.jpg","contentUrl":"https:\/\/www.jyl-world.com\/wp-content\/uploads\/2022\/04\/222.jpg"},{"@type":"BreadcrumbList","@id":"https:\/\/www.jyl-world.com\/pt-pt\/fpcb-rfid-tag\/#breadcrumb","itemListElement":[{"@type":"ListItem","position":1,"name":"\u9996\u9875","item":"https:\/\/www.jyl-world.com\/"},{"@type":"ListItem","position":2,"name":"Etiqueta RFID FPCB JYL-Tech"}]},{"@type":"WebSite","@id":"https:\/\/www.jyl-world.com\/#website","url":"https:\/\/www.jyl-world.com\/","name":"JYL-Tech RFID Expert","description":"JYL-Tech RFID Fit For Each Unique Demand","publisher":{"@id":"https:\/\/www.jyl-world.com\/#organization"},"potentialAction":[{"@type":"SearchAction","target":{"@type":"EntryPoint","urlTemplate":"https:\/\/www.jyl-world.com\/?s={search_term_string}"},"query-input":{"@type":"PropertyValueSpecification","valueRequired":true,"valueName":"search_term_string"}}],"inLanguage":"pt-PT"},{"@type":"Organization","@id":"https:\/\/www.jyl-world.com\/#organization","name":"JYL-Tech RFID Expert","url":"https:\/\/www.jyl-world.com\/","logo":{"@type":"ImageObject","inLanguage":"pt-PT","@id":"https:\/\/www.jyl-world.com\/#\/schema\/logo\/image\/","url":"https:\/\/www.jyl-world.com\/wp-content\/uploads\/2023\/04\/cropped-JYL-TECH-LOGO.png","contentUrl":"https:\/\/www.jyl-world.com\/wp-content\/uploads\/2023\/04\/cropped-JYL-TECH-LOGO.png","width":1413,"height":344,"caption":"JYL-Tech RFID Expert"},"image":{"@id":"https:\/\/www.jyl-world.com\/#\/schema\/logo\/image\/"},"sameAs":["https:\/\/www.facebook.com\/Jyl-Tech-117869034237570","https:\/\/x.com\/jyltech","https:\/\/www.linkedin.com\/company\/jyltechnology"]}]}},"uagb_featured_image_src":{"full":false,"thumbnail":false,"medium":false,"medium_large":false,"large":false,"1536x1536":false,"2048x2048":false},"uagb_author_info":{"display_name":"JYL-Tech","author_link":"https:\/\/www.jyl-world.com\/pt-pt\/author\/jwxyz\/"},"uagb_comment_info":0,"uagb_excerpt":"FPCB (ou FPC) foi nomeado para Flexible Printed Circuit Board. FPC \u00e9 um arranjo padronizado de circuitos impressos formados por grava\u00e7\u00e3o de cobre com um material de base flex\u00edvel de poli\u00e9ster ou poliimida. Ele tem alta confiabilidade e boa flexibilidade refletida. A etiqueta RFID FPCB pode incorporar tecnologia HF e UHF. \u00c9 resistente a altas&hellip;","_links":{"self":[{"href":"https:\/\/www.jyl-world.com\/pt-pt\/wp-json\/wp\/v2\/pages\/36793"}],"collection":[{"href":"https:\/\/www.jyl-world.com\/pt-pt\/wp-json\/wp\/v2\/pages"}],"about":[{"href":"https:\/\/www.jyl-world.com\/pt-pt\/wp-json\/wp\/v2\/types\/page"}],"author":[{"embeddable":true,"href":"https:\/\/www.jyl-world.com\/pt-pt\/wp-json\/wp\/v2\/users\/1"}],"replies":[{"embeddable":true,"href":"https:\/\/www.jyl-world.com\/pt-pt\/wp-json\/wp\/v2\/comments?post=36793"}],"version-history":[{"count":5,"href":"https:\/\/www.jyl-world.com\/pt-pt\/wp-json\/wp\/v2\/pages\/36793\/revisions"}],"predecessor-version":[{"id":42299,"href":"https:\/\/www.jyl-world.com\/pt-pt\/wp-json\/wp\/v2\/pages\/36793\/revisions\/42299"}],"wp:attachment":[{"href":"https:\/\/www.jyl-world.com\/pt-pt\/wp-json\/wp\/v2\/media?parent=36793"}],"curies":[{"name":"wp","href":"https:\/\/api.w.org\/{rel}","templated":true}]}}